{"id":116797,"date":"2024-12-01T00:00:00","date_gmt":"2024-11-30T23:00:00","guid":{"rendered":"http:\/\/gpl-love.com\/fr\/produit\/memberpress-math-captcha\/"},"modified":"2026-04-10T18:31:16","modified_gmt":"2026-04-10T16:31:16","slug":"memberpress-math-captcha","status":"publish","type":"product","link":"https:\/\/gpl-love.com\/fr\/produit\/memberpress-math-captcha\/","title":{"rendered":"MemberPress Math CAPTCHA 1.1.10"},"content":{"rendered":"<h3>MemberPress Math CAPTCHA Traits<\/h3>\n<p>MemberPress Math Captcha est un outil incroyablement robuste et tr\u00e8s efficace qui sert \u00e0 sauvegarder votre site Web contre l&rsquo;invasion insidieuse du spam ind\u00e9sirable et des robots malveillants. En utilisant des \u00e9quations math\u00e9matiques complexes et avanc\u00e9es, cet outil remarquable filtre efficacement les entit\u00e9s automatis\u00e9es, garantissant ainsi que seules les personnes authentiques et de bonne foi ont acc\u00e8s \u00e0 votre contenu estim\u00e9 et \u00e0 vos services estim\u00e9s. De plus, ce plugin exceptionnel poss\u00e8de une interface conviviale, ce qui rend le processus d&rsquo;installation et d&rsquo;utilisation une brise. De plus, il s&rsquo;int\u00e8gre de mani\u00e8re transparente \u00e0 MemberPress, un plugin d&rsquo;adh\u00e9sion exceptionnel et pr\u00e9\u00e9minent pour WordPress. En adoptant les puissantes capacit\u00e9s de MemberPress Math Captcha, vous pouvez fortifier les mesures de s\u00e9curit\u00e9 de votre site Web, favorisant ainsi une exp\u00e9rience utilisateur am\u00e9lior\u00e9e et in\u00e9gal\u00e9e pour vos membres estim\u00e9s et ch\u00e9ris.<\/p>\n<ul>\n<li>R\u00e9sout le probl\u00e8me des enregistrements de spam sur votre site Web<\/li>\n<li>Utilise des \u00e9quations math\u00e9matiques comme captcha pour v\u00e9rifier l&rsquo;interaction humaine<\/li>\n<li>Rend difficile pour les robots de s&rsquo;inscrire et d&rsquo;acc\u00e9der \u00e0 votre contenu<\/li>\n<li>Int\u00e9gre parfaitement le plugin membre<\/li>\n<li>Param\u00e8tres et options personnalisables pour r\u00e9pondre aux besoins de votre site Web<\/li>\n<li>Fournit une solution CAPTCHA conviviale et accessible<\/li>\n<li>Am\u00e9liore la s\u00e9curit\u00e9 du site Web et la protection contre les activit\u00e9s frauduleuses<\/li>\n<li>Facile \u00e0 installer et \u00e0 configurer avec des instructions \u00e9tape par \u00e9tape<\/li>\n<li>Fournit un petit module compl\u00e9mentaire mais significatif \u00e0 la fonctionnalit\u00e9 de votre site Web<\/li>\n<li>Mm\u00e9nage votre site Web vers une exp\u00e9rience plus professionnelle et rationalis\u00e9e pour vos utilisateurs.<\/li>\n<\/ul>\n","protected":false},"excerpt":{"rendered":"<p>MemberPress Math Captcha sert d&rsquo;outil exceptionnellement puissant qui r\u00e9pond aux besoins des propri\u00e9taires de sites Web qui sont d\u00e9termin\u00e9s \u00e0 prot\u00e9ger leur site d&rsquo;adh\u00e9sion contre le spam et les robots malveillants. En incorporant ce plugin dans vos formulaires d&rsquo;enregistrement et de connexion, une \u00e9quation math\u00e9matique simple est introduite, n\u00e9cessitant que les utilisateurs le r\u00e9solvent avec succ\u00e8s avant de pouvoir soumettre le formulaire. Cette caract\u00e9ristique particuli\u00e8re joue un r\u00f4le central dans la garantie que des individus uniquement authentiques ont acc\u00e8s \u00e0 votre site, att\u00e9nuant par cons\u00e9quent la menace potentielle d&rsquo;une conduite trompeuse. Offrant un large \u00e9ventail d&rsquo;options personnalisables et une int\u00e9gration transparente avec MemberPress, Math Captcha justifie sans aucun doute son indispensabilit\u00e9 pour tout site d&rsquo;adh\u00e9sion.<\/p>\n","protected":false},"featured_media":144521,"comment_status":"open","ping_status":"open","template":"","meta":[],"product_brand":[2592],"product_cat":[1300,1181,1186],"product_tag":[1302],"class_list":{"0":"post-116797","1":"product","2":"type-product","3":"status-publish","4":"has-post-thumbnail","6":"product_brand-memberpress","7":"product_cat-adhesion","8":"product_cat-plugins","9":"product_cat-wordpress-plugins","10":"product_tag-memberpress","11":"member-discount","12":"discount-restricted","14":"first","15":"instock","16":"sale","17":"downloadable","18":"virtual","19":"sold-individually","20":"purchasable","21":"product-type-simple"},"_links":{"self":[{"href":"https:\/\/gpl-love.com\/fr\/wp-json\/wp\/v2\/product\/116797","targetHints":{"allow":["GET"]}}],"collection":[{"href":"https:\/\/gpl-love.com\/fr\/wp-json\/wp\/v2\/product"}],"about":[{"href":"https:\/\/gpl-love.com\/fr\/wp-json\/wp\/v2\/types\/product"}],"replies":[{"embeddable":true,"href":"https:\/\/gpl-love.com\/fr\/wp-json\/wp\/v2\/comments?post=116797"}],"wp:featuredmedia":[{"embeddable":true,"href":"https:\/\/gpl-love.com\/fr\/wp-json\/wp\/v2\/media\/144521"}],"wp:attachment":[{"href":"https:\/\/gpl-love.com\/fr\/wp-json\/wp\/v2\/media?parent=116797"}],"wp:term":[{"taxonomy":"product_brand","embeddable":true,"href":"https:\/\/gpl-love.com\/fr\/wp-json\/wp\/v2\/product_brand?post=116797"},{"taxonomy":"product_cat","embeddable":true,"href":"https:\/\/gpl-love.com\/fr\/wp-json\/wp\/v2\/product_cat?post=116797"},{"taxonomy":"product_tag","embeddable":true,"href":"https:\/\/gpl-love.com\/fr\/wp-json\/wp\/v2\/product_tag?post=116797"}],"curies":[{"name":"wp","href":"https:\/\/api.w.org\/{rel}","templated":true}]}}