{"id":116793,"date":"2021-08-07T00:00:00","date_gmt":"2021-08-06T22:00:00","guid":{"rendered":"http:\/\/gpl-love.com\/fr\/produit\/memberpress-mailrelay\/"},"modified":"2026-04-10T18:31:15","modified_gmt":"2026-04-10T16:31:15","slug":"memberpress-mailrelay","status":"publish","type":"product","link":"https:\/\/gpl-love.com\/fr\/produit\/memberpress-mailrelay\/","title":{"rendered":"MemberPress Mailrelay 1.0.5"},"content":{"rendered":"<h3>MemberPress Mailrelay Traits<\/h3>\n<p>MemberPress MailRelay propose une solution d&rsquo;int\u00e9gration robuste et avanc\u00e9e, facilitant une connexion transparente entre votre site d&rsquo;adh\u00e9sion membre et votre plateforme de marketing par e-mail. En tirant parti des capacit\u00e9s de MemberPress MailRelay, vous gagnez la possibilit\u00e9 d&rsquo;automatiser vos efforts de communication par e-mail et d&rsquo;ex\u00e9cuter efficacement des campagnes cibl\u00e9es adapt\u00e9es \u00e0 vos abonn\u00e9s. En outre, vous pouvez synchroniser sans effort votre liste de diffusion avec MembrePress, en vous assurant que vos donn\u00e9es de membre restent actuelles et pr\u00e9cises. De plus, l&rsquo;outil d&rsquo;int\u00e9gration fournit une analyse compl\u00e8te, vous permettant de surveiller et d&rsquo;\u00e9valuer m\u00e9ticuleusement les performances de vos campagnes par e-mail. Cette ressource inestimable favorise non seulement l&rsquo;engagement actif des membres avec votre contenu, mais vous permet \u00e9galement d&rsquo;\u00e9tendre avec succ\u00e8s la port\u00e9e de votre site d&rsquo;adh\u00e9sion gr\u00e2ce \u00e0 des strat\u00e9gies de communication efficaces et percutantes.<\/p>\n<ul>\n<li>MemberPress MailRelay est un puissant outil de marketing par e-mail con\u00e7u pour int\u00e9grer de mani\u00e8re transparente avec membre Press, le plugin de site d&rsquo;adh\u00e9sion populaire pour WordPress.<\/li>\n<li>Avec membre Press MailRelay, vous pouvez facilement cr\u00e9er et g\u00e9rer des campagnes par e-mail et des newsletters qui sont adapt\u00e9es aux int\u00e9r\u00eats et aux besoins de vos membres.<\/li>\n<li>L&rsquo;outil dispose d&rsquo;un \u00e9diteur de glisser-d\u00e9poser intuitif qui vous permet de cr\u00e9er de beaux e-mails en quelques minutes, sans aucune comp\u00e9tence de codage ou de conception requise.<\/li>\n<li>Vous pouvez choisir parmi une gamme de mod\u00e8les de messagerie pr\u00e9d\u00e9finis qui sont enti\u00e8rement personnalisables, avec des options pour modifier les couleurs, les polices, les images, etc.<\/li>\n<li>MemberPress MailRelay comprend des fonctionnalit\u00e9s avanc\u00e9es de segmentation et de ciblage qui vous permettent d&rsquo;envoyer des messages personnalis\u00e9s aux membres en fonction de leur niveau d&rsquo;adh\u00e9sion, de leur emplacement, de leur int\u00e9r\u00eat, etc.<\/li>\n<li>Vous pouvez \u00e9galement configurer des workflows d&rsquo;automatisation qui d\u00e9clenchent des e-mails en fonction des actions ou des comportements sp\u00e9cifiques, tels que des inscriptions, des renouvellements ou des chariots abandonn\u00e9s.<\/li>\n<li>MemberPress MailRelay prend en charge les tests A \/ B, vous permettant de tester diff\u00e9rentes lignes d&rsquo;objet, contenu et appels \u00e0 l&rsquo;action pour voir ce qui fonctionne le mieux avec votre public.<\/li>\n<li>Vous pouvez suivre les performances de vos campagnes par e-mail avec des analyses en temps r\u00e9el qui fournissent un aper\u00e7u des taux d&rsquo;ouverture, des taux de clics, des conversions, etc.<\/li>\n<li>MemberPress MailRelay utilise des mesures de s\u00e9curit\u00e9 standard pour prot\u00e9ger les donn\u00e9es de vos membres et maintenir la conformit\u00e9 du RGPD.<\/li>\n<li>Avec des plans de tarification flexibles et un excellent support client, MembrePress MailRelay est une solution de marketing par e-mail id\u00e9ale pour tout site d&rsquo;adh\u00e9sion qui cherche \u00e0 stimuler l&rsquo;engagement, la r\u00e9tention et les revenus.<\/li>\n<\/ul>\n","protected":false},"excerpt":{"rendered":"<p>L&rsquo;int\u00e9gration MemberPress MailRelay facilite une connexion transparente entre votre site Web d&rsquo;adh\u00e9sion membre et la plate-forme de marketing par e-mail MailRelay, vous offrant un outil robuste et puissant pour le marketing par e-mail. Cette int\u00e9gration vous permet d&rsquo;automatiser vos campagnes par e-mail sans effort, vous permettant de rationaliser et d&rsquo;optimiser vos efforts de marketing. De plus, il vous donne la capacit\u00e9 de cibler des segments d&rsquo;adh\u00e9sion sp\u00e9cifiques avec des newsletters personnalis\u00e9s, en vous garantissant que vos messages atteignent le bon public au bon moment. De plus, l&rsquo;int\u00e9gration offre un suivi en temps r\u00e9el des mesures de performances par e-mail, vous permettant de surveiller et d&rsquo;\u00e9valuer l&rsquo;efficacit\u00e9 de vos campagnes de marketing par e-mail. En tirant parti de la puissance de MemberPress MailRelay, vous pouvez \u00e9lever vos strat\u00e9gies de marketing par e-mail \u00e0 des sommets sans pr\u00e9c\u00e9dent et stimuler une croissance substantielle pour votre entreprise.<\/p>\n","protected":false},"featured_media":144519,"comment_status":"open","ping_status":"open","template":"","meta":[],"product_brand":[2592],"product_cat":[1300,1181,1186],"product_tag":[1302],"class_list":{"0":"post-116793","1":"product","2":"type-product","3":"status-publish","4":"has-post-thumbnail","6":"product_brand-memberpress","7":"product_cat-adhesion","8":"product_cat-plugins","9":"product_cat-wordpress-plugins","10":"product_tag-memberpress","11":"member-discount","12":"discount-restricted","14":"first","15":"instock","16":"sale","17":"downloadable","18":"virtual","19":"sold-individually","20":"purchasable","21":"product-type-simple"},"_links":{"self":[{"href":"https:\/\/gpl-love.com\/fr\/wp-json\/wp\/v2\/product\/116793","targetHints":{"allow":["GET"]}}],"collection":[{"href":"https:\/\/gpl-love.com\/fr\/wp-json\/wp\/v2\/product"}],"about":[{"href":"https:\/\/gpl-love.com\/fr\/wp-json\/wp\/v2\/types\/product"}],"replies":[{"embeddable":true,"href":"https:\/\/gpl-love.com\/fr\/wp-json\/wp\/v2\/comments?post=116793"}],"wp:featuredmedia":[{"embeddable":true,"href":"https:\/\/gpl-love.com\/fr\/wp-json\/wp\/v2\/media\/144519"}],"wp:attachment":[{"href":"https:\/\/gpl-love.com\/fr\/wp-json\/wp\/v2\/media?parent=116793"}],"wp:term":[{"taxonomy":"product_brand","embeddable":true,"href":"https:\/\/gpl-love.com\/fr\/wp-json\/wp\/v2\/product_brand?post=116793"},{"taxonomy":"product_cat","embeddable":true,"href":"https:\/\/gpl-love.com\/fr\/wp-json\/wp\/v2\/product_cat?post=116793"},{"taxonomy":"product_tag","embeddable":true,"href":"https:\/\/gpl-love.com\/fr\/wp-json\/wp\/v2\/product_tag?post=116793"}],"curies":[{"name":"wp","href":"https:\/\/api.w.org\/{rel}","templated":true}]}}