{"id":116787,"date":"2021-08-07T00:00:00","date_gmt":"2021-08-06T22:00:00","guid":{"rendered":"http:\/\/gpl-love.com\/fr\/produit\/memberpress-mad-mimi\/"},"modified":"2026-04-10T18:31:12","modified_gmt":"2026-04-10T16:31:12","slug":"memberpress-mad-mimi","status":"publish","type":"product","link":"https:\/\/gpl-love.com\/fr\/produit\/memberpress-mad-mimi\/","title":{"rendered":"MemberPress Mad Mimi 1.0.2"},"content":{"rendered":"<h3>MemberPress Mad Mimi Traits<\/h3>\n<p>MemberPress Mad Mimi sert d&rsquo;outil incroyablement puissant pour l&rsquo;int\u00e9gration, car il facilite sans effort la connexion transparente entre votre site d&rsquo;adh\u00e9sion membre et votre plateforme de marketing par e-mail Mad Mimi. En utilisant cette int\u00e9gration, vous avez la possibilit\u00e9 de fabriquer sans effort des campagnes de messagerie cibl\u00e9es qui s&rsquo;adressent \u00e0 vos membres ou abonn\u00e9s estim\u00e9s. En outre, vous pouvez \u00e9galement envoyer des messages automatis\u00e9s \u00e0 des groupes sp\u00e9cifiques d&rsquo;utilisateurs, tout en surveillant simultan\u00e9ment les performances de vos efforts de marketing par e-mail via des rapports et des analyses \u00e9tendus. L&rsquo;int\u00e9gration Mad Mad Mimi Memberpress vous donne en outre la possibilit\u00e9 d&rsquo;exercer une touche personnalis\u00e9e sur votre contenu par e-mail et vos lignes d&rsquo;objet, garantissant ainsi un niveau d&rsquo;engagement plus \u00e9lev\u00e9. De plus, le processus de segmentation de vos listes de diffusion et d&rsquo;automatisation de l&rsquo;inclusion de nouveaux utilisateurs sur lesdites listes est rendu beaucoup plus efficace. En fin de compte, que vous vous trouviez \u00e0 la t\u00eate d&rsquo;un site de commerce \u00e9lectronique, d&rsquo;un blog ou d&rsquo;une communaut\u00e9 d&rsquo;adh\u00e9sion florissante, l&rsquo;assistance inestimable qui vous a \u00e9t\u00e9 accord\u00e9e par le membre Mad Mimi vous propulsera sans aucun doute des taux d&rsquo;engagement croissants, des chiffres de conversion amplifi\u00e9s, et une expansion globale de votre entreprise estim\u00e9e.<\/p>\n<ul>\n<li>Int\u00e9gration transparente entre MemberPress et Mad Mimi<\/li>\n<li>G\u00e9rez facilement vos campagnes de marketing par e-mail \u00e0 partir de votre tableau de bord membre de votre membre<\/li>\n<li>Ajoutez automatiquement de nouveaux membres \u00e0 votre liste Mad Mimi pour une communication e-mail facile<\/li>\n<li>Personnalisez vos e-mails \u00e0 des particuliers ou des groupes de membres avec des champs de fusion personnalis\u00e9s<\/li>\n<li>Cr\u00e9er des campagnes d&rsquo;e-mail cibl\u00e9es en fonction du comportement et des abonnements des membres<\/li>\n<li>Suivez le succ\u00e8s de la campagne par e-mail avec les outils de rapport robustes de Mad Mimi<\/li>\n<li>Augmenter l&rsquo;engagement et la r\u00e9tention des membres avec une communication efficace et rationalis\u00e9e<\/li>\n<li>Compatible avec les derni\u00e8res versions de membre et de Mad Mimi<\/li>\n<li>Configuration facile avec des instructions \u00e9tape par \u00e9tape et un soutien des deux soci\u00e9t\u00e9s.<\/li>\n<\/ul>\n","protected":false},"excerpt":{"rendered":"<p>En utilisant le module compl\u00e9mentaire MemberPress Mad Mimi, vous pourrez int\u00e9grer de mani\u00e8re transparente votre site d&rsquo;adh\u00e9sion \u00e0 la plate-forme de marketing par e-mail Mad Mimi, vous permettant ainsi d&rsquo;automatiser et de rationaliser les processus de communication de votre membre. Cette int\u00e9gration vous permettra de rester connect\u00e9 avec vos membres gr\u00e2ce \u00e0 la mise en \u0153uvre de campagnes de messagerie cibl\u00e9es sp\u00e9cifiquement adapt\u00e9es \u00e0 leurs besoins et pr\u00e9f\u00e9rences. De plus, le module compl\u00e9mentaire offre la commodit\u00e9 de configurer sans effort des d\u00e9clencheurs de courriels automatis\u00e9s qui sont d\u00e9clench\u00e9s en fonction du comportement de votre membre, vous permettant de personnaliser vos messages d&rsquo;une mani\u00e8re optimis\u00e9e pour un engagement et une r\u00e9tention maximaux. En fin de compte, en embrassant le compl\u00e9ment Mad Mimi Memberpress, vous pourrez am\u00e9liorer activement la croissance et l&rsquo;expansion de votre site d&rsquo;adh\u00e9sion.<\/p>\n","protected":false},"featured_media":144516,"comment_status":"open","ping_status":"open","template":"","meta":[],"product_brand":[2592],"product_cat":[1300,1181,1186],"product_tag":[1302],"class_list":{"0":"post-116787","1":"product","2":"type-product","3":"status-publish","4":"has-post-thumbnail","6":"product_brand-memberpress","7":"product_cat-adhesion","8":"product_cat-plugins","9":"product_cat-wordpress-plugins","10":"product_tag-memberpress","11":"member-discount","12":"discount-restricted","14":"first","15":"instock","16":"sale","17":"downloadable","18":"virtual","19":"sold-individually","20":"purchasable","21":"product-type-simple"},"_links":{"self":[{"href":"https:\/\/gpl-love.com\/fr\/wp-json\/wp\/v2\/product\/116787","targetHints":{"allow":["GET"]}}],"collection":[{"href":"https:\/\/gpl-love.com\/fr\/wp-json\/wp\/v2\/product"}],"about":[{"href":"https:\/\/gpl-love.com\/fr\/wp-json\/wp\/v2\/types\/product"}],"replies":[{"embeddable":true,"href":"https:\/\/gpl-love.com\/fr\/wp-json\/wp\/v2\/comments?post=116787"}],"wp:featuredmedia":[{"embeddable":true,"href":"https:\/\/gpl-love.com\/fr\/wp-json\/wp\/v2\/media\/144516"}],"wp:attachment":[{"href":"https:\/\/gpl-love.com\/fr\/wp-json\/wp\/v2\/media?parent=116787"}],"wp:term":[{"taxonomy":"product_brand","embeddable":true,"href":"https:\/\/gpl-love.com\/fr\/wp-json\/wp\/v2\/product_brand?post=116787"},{"taxonomy":"product_cat","embeddable":true,"href":"https:\/\/gpl-love.com\/fr\/wp-json\/wp\/v2\/product_cat?post=116787"},{"taxonomy":"product_tag","embeddable":true,"href":"https:\/\/gpl-love.com\/fr\/wp-json\/wp\/v2\/product_tag?post=116787"}],"curies":[{"name":"wp","href":"https:\/\/api.w.org\/{rel}","templated":true}]}}