{"id":116773,"date":"2023-06-21T00:00:00","date_gmt":"2023-06-20T22:00:00","guid":{"rendered":"http:\/\/gpl-love.com\/fr\/produit\/memberpress-constant-contact\/"},"modified":"2026-04-10T18:31:04","modified_gmt":"2026-04-10T16:31:04","slug":"memberpress-constant-contact","status":"publish","type":"product","link":"https:\/\/gpl-love.com\/fr\/produit\/memberpress-constant-contact\/","title":{"rendered":"MemberPress Constant Contact 1.1.4"},"content":{"rendered":"<h3>MemberPress Constant Contact Traits<\/h3>\n<p>L&rsquo;int\u00e9gration de MemberPress et Constant Contact offre aux propri\u00e9taires de sites Web un puissant outil pour g\u00e9rer efficacement les campagnes de marketing par e-mail pour leurs sites d&rsquo;adh\u00e9sion. En connectant de mani\u00e8re transparente MemberPress, un plugin d&rsquo;adh\u00e9sion tr\u00e8s recherch\u00e9, avec un contact constant, une plate-forme de marketing par e-mail largement utilis\u00e9e, les utilisateurs peuvent optimiser sans effort leurs efforts de marketing par e-mail et \u00e9tablir des canaux de communication efficaces avec leurs membres. Cette int\u00e9gration permet aux utilisateurs d&rsquo;automatiser leurs campagnes par e-mail, de segmenter leur public en fonction de crit\u00e8res sp\u00e9cifiques et de surveiller m\u00e9ticuleusement leurs mesures de performance, le tout dans une seule interface conviviale. Par cons\u00e9quent, ce produit pr\u00e9sente une solution simple et tr\u00e8s efficace pour les propri\u00e9taires de sites Web cherchant \u00e0 \u00e9lever leurs initiatives de marketing par e-mail et \u00e0 d\u00e9bloquer pleinement le potentiel de leur site d&rsquo;adh\u00e9sion.<\/p>\n<ul>\n<li>Int\u00e9gration transparente entre membres et contact constant<\/li>\n<li>Assurez-vous que vos membres sont automatiquement abonn\u00e9s \u00e0 votre liste de diffusion<\/li>\n<li>G\u00e9rez facilement vos listes de diffusion et envoyez des campagnes cibl\u00e9es \u00e0 vos membres<\/li>\n<li>Augmenter l&rsquo;engagement avec vos membres gr\u00e2ce \u00e0 la communication par e-mail personnalis\u00e9e<\/li>\n<li>Gagnez du temps et rationalisez votre flux de travail en automatisant le processus d&rsquo;abonnement par e-mail<\/li>\n<li>Obtenez des analyses d\u00e9taill\u00e9es sur les tarifs ouverts par e-mail et cliquez pour am\u00e9liorer votre strat\u00e9gie de marketing par e-mail<\/li>\n<li>Am\u00e9liorez votre exp\u00e9rience des membres en les tirant inform\u00e9s des nouveaux \u00e9v\u00e9nements, des cours ou des offres par la communication par e-mail.<\/li>\n<\/ul>\n","protected":false},"excerpt":{"rendered":"<p>Le compl\u00e9ment de contact constant de membre Constant fournit une multitude de fonctionnalit\u00e9s robustes qui facilitent l&rsquo;int\u00e9gration transparente entre votre site d&rsquo;adh\u00e9sion \u00e0 membre de votre membre et votre compte de marketing par e-mail de contact constant. Gr\u00e2ce \u00e0 ce module compl\u00e9mentaire, vous avez la possibilit\u00e9 d&rsquo;ajouter sans effort des membres nouvellement enregistr\u00e9s \u00e0 votre liste de contacts constants, de lancer des campagnes par e-mail en fonction des actions sp\u00e9cifiques des membres et de surveiller facilement l&rsquo;efficacit\u00e9 de vos efforts de marketing par e-mail, le tout dans les limites de votre membre de votre membre tableau de bord. B\u00e9n\u00e9ficiant d&rsquo;une interface conviviale, cet outil sert de solution optimale non seulement pour captiver et conserver vos membres pr\u00e9cieux, mais \u00e9galement \u00e9largir votre liste de marketing par e-mail.<\/p>\n","protected":false},"featured_media":144506,"comment_status":"open","ping_status":"open","template":"","meta":[],"product_brand":[2592],"product_cat":[1300,1181,1186],"product_tag":[1302],"class_list":{"0":"post-116773","1":"product","2":"type-product","3":"status-publish","4":"has-post-thumbnail","6":"product_brand-memberpress","7":"product_cat-adhesion","8":"product_cat-plugins","9":"product_cat-wordpress-plugins","10":"product_tag-memberpress","11":"member-discount","12":"discount-restricted","14":"first","15":"instock","16":"sale","17":"downloadable","18":"virtual","19":"sold-individually","20":"purchasable","21":"product-type-simple"},"_links":{"self":[{"href":"https:\/\/gpl-love.com\/fr\/wp-json\/wp\/v2\/product\/116773","targetHints":{"allow":["GET"]}}],"collection":[{"href":"https:\/\/gpl-love.com\/fr\/wp-json\/wp\/v2\/product"}],"about":[{"href":"https:\/\/gpl-love.com\/fr\/wp-json\/wp\/v2\/types\/product"}],"replies":[{"embeddable":true,"href":"https:\/\/gpl-love.com\/fr\/wp-json\/wp\/v2\/comments?post=116773"}],"wp:featuredmedia":[{"embeddable":true,"href":"https:\/\/gpl-love.com\/fr\/wp-json\/wp\/v2\/media\/144506"}],"wp:attachment":[{"href":"https:\/\/gpl-love.com\/fr\/wp-json\/wp\/v2\/media?parent=116773"}],"wp:term":[{"taxonomy":"product_brand","embeddable":true,"href":"https:\/\/gpl-love.com\/fr\/wp-json\/wp\/v2\/product_brand?post=116773"},{"taxonomy":"product_cat","embeddable":true,"href":"https:\/\/gpl-love.com\/fr\/wp-json\/wp\/v2\/product_cat?post=116773"},{"taxonomy":"product_tag","embeddable":true,"href":"https:\/\/gpl-love.com\/fr\/wp-json\/wp\/v2\/product_tag?post=116773"}],"curies":[{"name":"wp","href":"https:\/\/api.w.org\/{rel}","templated":true}]}}