{"id":116771,"date":"2021-08-07T00:00:00","date_gmt":"2021-08-06T22:00:00","guid":{"rendered":"http:\/\/gpl-love.com\/fr\/produit\/memberpress-campaign-monitor\/"},"modified":"2026-04-10T18:31:03","modified_gmt":"2026-04-10T16:31:03","slug":"memberpress-campaign-monitor","status":"publish","type":"product","link":"https:\/\/gpl-love.com\/fr\/produit\/memberpress-campaign-monitor\/","title":{"rendered":"MemberPress Campaign Monitor 1.0.2"},"content":{"rendered":"<h3>MemberPress Campaign Monitor Traits<\/h3>\n<p>MemberPress Campaign Monitor est une plate-forme incroyablement robuste et dynamique qui offre une assistance in\u00e9gal\u00e9e pour g\u00e9rer sans effort vos campagnes de marketing par e-mail. En int\u00e9grant de mani\u00e8re transparente votre site d&rsquo;adh\u00e9sion \u00e0 membre de Campion Monitor, cette plate-forme vous permet d&rsquo;automatiser vos campagnes par e-mail avec la plus grande facilit\u00e9, de s&rsquo;adresser \u00e0 un public cible sp\u00e9cifique et de r\u00e9aliser des messages personnalis\u00e9s qui r\u00e9sonnent profond\u00e9ment. Gr\u00e2ce \u00e0 MemberPress Campaign Monitor, vous serez en mesure de g\u00e9n\u00e9rer des newsletters par e-mail captivants, d&rsquo;ex\u00e9cuter des campagnes promotionnelles percutantes et de mettre en \u0153uvre des messages de suivi automatis\u00e9s qui laissent une impression durable. De plus, cette plate-forme vous offre la capacit\u00e9 inestimable \u00e0 suivre m\u00e9ticuleusement les triomphes de vos campagnes et \u00e0 mesurer m\u00e9ticuleusement votre retour sur investissement gr\u00e2ce \u00e0 des analyses en temps r\u00e9el. Essentiellement, MemberPress Campaign Monitor sert de solution par excellence pour les entreprises cherchant \u00e0 \u00e9lever leurs efforts de marketing par e-mail et \u00e0 superviser efficacement la gestion de leurs sites d&rsquo;adh\u00e9sion. En embrassant le moniteur de campagne MemberPress, vous propulserez ind\u00e9niablement vos strat\u00e9gies de marketing par e-mail \u00e0 des hauteurs in\u00e9gal\u00e9es et assistez \u00e0 une am\u00e9lioration profonde de vos taux de conversion.<\/p>\n<ul>\n<li>Int\u00e9gration entre membres et moniteur de campagne<\/li>\n<li>Envoyez des campagnes d&rsquo;e-mail cibl\u00e9es \u00e0 des membres sp\u00e9cifiques des membres<\/li>\n<li>Synchronise automatiquement les donn\u00e9es des membres entre MemberPress et Campaign Monitor<\/li>\n<li>Cr\u00e9ez des mod\u00e8les de messagerie personnalis\u00e9s avec le constructeur de glisser-d\u00e9poser de Campaign Monitor<\/li>\n<li>Afficher les statistiques et analyses de campagne par e-mail dans Campaign Monitor<\/li>\n<li>Augmentation de l&rsquo;engagement des clients gr\u00e2ce \u00e0 des campagnes par e-mail personnalis\u00e9es<\/li>\n<li>Des efforts de marketing rationalis\u00e9s avec une int\u00e9gration directe entre deux plateformes.<\/li>\n<\/ul>\n","protected":false},"excerpt":{"rendered":"<p>Avec l&rsquo;int\u00e9gration remarquable de la campagne de campagne MemberPress, vous avez la capacit\u00e9 inestimable d&rsquo;incorporer de mani\u00e8re transparente votre site d&rsquo;adh\u00e9sion \u00e0 vos efforts de marketing par e-mail, r\u00e9alisant ainsi une synchronisation harmonieuse entre les deux. Cette int\u00e9gration transparente garantit efficacement que les membres sont ajout\u00e9s ou supprim\u00e9s sans effort \u00e0 vos listes de moniteurs de campagne conform\u00e9ment \u00e0 leur statut d&rsquo;adh\u00e9sion, simplifiant ainsi consid\u00e9rablement la gestion de vos communications par e-mail et facilitant l&rsquo;expansion de votre entreprise. Pas de temps, lancez ce voyage transformateur aujourd&rsquo;hui et rationalisez sans effort les communications de vos membres, apportant une facilit\u00e9 et une efficacit\u00e9 in\u00e9gal\u00e9es \u00e0 vos op\u00e9rations.<\/p>\n","protected":false},"featured_media":144505,"comment_status":"open","ping_status":"open","template":"","meta":[],"product_brand":[2592],"product_cat":[1300,1181,1186],"product_tag":[1302],"class_list":{"0":"post-116771","1":"product","2":"type-product","3":"status-publish","4":"has-post-thumbnail","6":"product_brand-memberpress","7":"product_cat-adhesion","8":"product_cat-plugins","9":"product_cat-wordpress-plugins","10":"product_tag-memberpress","11":"member-discount","12":"discount-restricted","14":"first","15":"instock","16":"sale","17":"downloadable","18":"virtual","19":"sold-individually","20":"purchasable","21":"product-type-simple"},"_links":{"self":[{"href":"https:\/\/gpl-love.com\/fr\/wp-json\/wp\/v2\/product\/116771","targetHints":{"allow":["GET"]}}],"collection":[{"href":"https:\/\/gpl-love.com\/fr\/wp-json\/wp\/v2\/product"}],"about":[{"href":"https:\/\/gpl-love.com\/fr\/wp-json\/wp\/v2\/types\/product"}],"replies":[{"embeddable":true,"href":"https:\/\/gpl-love.com\/fr\/wp-json\/wp\/v2\/comments?post=116771"}],"wp:featuredmedia":[{"embeddable":true,"href":"https:\/\/gpl-love.com\/fr\/wp-json\/wp\/v2\/media\/144505"}],"wp:attachment":[{"href":"https:\/\/gpl-love.com\/fr\/wp-json\/wp\/v2\/media?parent=116771"}],"wp:term":[{"taxonomy":"product_brand","embeddable":true,"href":"https:\/\/gpl-love.com\/fr\/wp-json\/wp\/v2\/product_brand?post=116771"},{"taxonomy":"product_cat","embeddable":true,"href":"https:\/\/gpl-love.com\/fr\/wp-json\/wp\/v2\/product_cat?post=116771"},{"taxonomy":"product_tag","embeddable":true,"href":"https:\/\/gpl-love.com\/fr\/wp-json\/wp\/v2\/product_tag?post=116771"}],"curies":[{"name":"wp","href":"https:\/\/api.w.org\/{rel}","templated":true}]}}