{"id":116765,"date":"2022-02-25T00:00:00","date_gmt":"2022-02-24T23:00:00","guid":{"rendered":"http:\/\/gpl-love.com\/fr\/produit\/memberpress-affiliate-royale\/"},"modified":"2026-03-20T23:24:24","modified_gmt":"2026-03-20T22:24:24","slug":"memberpress-affiliate-royale","status":"publish","type":"product","link":"https:\/\/gpl-love.com\/fr\/produit\/memberpress-affiliate-royale\/","title":{"rendered":"MemberPress Affiliate Royale 1.4.15"},"content":{"rendered":"<h3>MemberPress Affiliate Royale Traits<\/h3>\n<p>L&rsquo;affili\u00e9 de membre Royale, un outil robuste et tr\u00e8s efficace, a \u00e9t\u00e9 m\u00e9ticuleusement con\u00e7u pour autonomiser les entreprises dans leur qu\u00eate pour augmenter les revenus via le puissant moyen du marketing d&rsquo;affiliation. Ce logiciel exceptionnel conf\u00e8re \u00e0 ses utilisateurs la possibilit\u00e9 de forger et de superviser sans effort leurs propres programmes d&rsquo;affiliation, leur permettant ainsi de fournir des incitations convaincantes aux particuliers ou aux \u00e9tablissements pour promouvoir activement leurs produits ou services. Int\u00e9gr\u00e9 de mani\u00e8re transparente \u00e0 MemberPress, ce logiciel rationalise le processus de surveillance et de gestion des commissions et des paiements d&rsquo;affiliation. En outre, les utilisateurs re\u00e7oivent un \u00e9ventail de ressources et de fonctionnalit\u00e9s inestimables pour faciliter le recrutement de nouveaux affili\u00e9s. Ces ressources incluent des formulaires personnalisables pour l&rsquo;enregistrement d&rsquo;affiliation, des campagnes de courrier \u00e9lectronique automatis\u00e9es et des capacit\u00e9s d&rsquo;analyse et de rapport d\u00e9taill\u00e9es. En substance, l&rsquo;affili\u00e9 de membre Royale est un actif indispensable pour toute entreprise exigeante s&rsquo;effor\u00e7ant de favoriser la croissance des revenus gr\u00e2ce \u00e0 la mise en \u0153uvre strat\u00e9gique du marketing d&rsquo;affiliation.<\/p>\n<ul>\n<li>Rationalise le marketing d&rsquo;affiliation pour les utilisateurs de membres<\/li>\n<li>Permet aux utilisateurs de cr\u00e9er des liens de r\u00e9f\u00e9rence uniques pour leurs affili\u00e9s<\/li>\n<li>Pistes des clics et des conversions des liens de r\u00e9f\u00e9rence<\/li>\n<li>Offre un tableau de bord d&rsquo;affiliation personnalisable pour les affili\u00e9s pour suivre leurs progr\u00e8s et leurs revenus<\/li>\n<li>Fournit des rapports d\u00e9taill\u00e9s et des analyses sur les performances d&rsquo;affiliation<\/li>\n<li>Permet des paiements d&rsquo;affiliation manuels ou automatis\u00e9s<\/li>\n<li>Intregate de mani\u00e8re transparente avec MemberPress et d&rsquo;autres plugins WordPress populaires<\/li>\n<li>Offre plusieurs structures de commission et options de paiement<\/li>\n<li>Fournit un excellent support client et des ressources pour les strat\u00e9gies de marketing d&rsquo;affiliation.<\/li>\n<\/ul>\n","protected":false},"excerpt":{"rendered":"<p>L&rsquo;affili\u00e9 de membre Royale est un plugin incroyablement robuste qui offre aux propri\u00e9taires de sites Web la capacit\u00e9 de cr\u00e9er et de g\u00e9rer efficacement leur propre programme d&rsquo;affiliation. Cet outil remarquable permet aux utilisateurs de recruter et de g\u00e9rer des affili\u00e9s avec expertise, de suivre avec diligence leurs performances exceptionnelles et de g\u00e9n\u00e9rer par la suite des rapports tr\u00e8s informatifs. En outre, il s&rsquo;int\u00e8gre parfaitement \u00e0 MemberPress, facilitant ainsi la gestion rationalis\u00e9e de toutes les facettes de votre entreprise en ligne dans un emplacement singulier. Que vos activit\u00e9s professionnelles impliquent des blogs, la vente au d\u00e9tail en ligne ou m\u00eame l&rsquo;entrepreneuriat num\u00e9rique, les capacit\u00e9s remarquables de la filiale de membre Royale peuvent ind\u00e9niablement vous aider \u00e0 maximiser non seulement votre potentiel de vente, mais \u00e9galement \u00e0 alimenter la croissance exponentielle de vos efforts commerciaux.<\/p>\n","protected":false},"featured_media":144500,"comment_status":"open","ping_status":"open","template":"","meta":[],"product_brand":[2592],"product_cat":[1300,1181,1186],"product_tag":[1302],"class_list":{"0":"post-116765","1":"product","2":"type-product","3":"status-publish","4":"has-post-thumbnail","6":"product_brand-memberpress","7":"product_cat-adhesion","8":"product_cat-plugins","9":"product_cat-wordpress-plugins","10":"product_tag-memberpress","11":"member-discount","12":"discount-restricted","14":"first","15":"instock","16":"sale","17":"downloadable","18":"virtual","19":"sold-individually","20":"purchasable","21":"product-type-simple"},"_links":{"self":[{"href":"https:\/\/gpl-love.com\/fr\/wp-json\/wp\/v2\/product\/116765","targetHints":{"allow":["GET"]}}],"collection":[{"href":"https:\/\/gpl-love.com\/fr\/wp-json\/wp\/v2\/product"}],"about":[{"href":"https:\/\/gpl-love.com\/fr\/wp-json\/wp\/v2\/types\/product"}],"replies":[{"embeddable":true,"href":"https:\/\/gpl-love.com\/fr\/wp-json\/wp\/v2\/comments?post=116765"}],"wp:featuredmedia":[{"embeddable":true,"href":"https:\/\/gpl-love.com\/fr\/wp-json\/wp\/v2\/media\/144500"}],"wp:attachment":[{"href":"https:\/\/gpl-love.com\/fr\/wp-json\/wp\/v2\/media?parent=116765"}],"wp:term":[{"taxonomy":"product_brand","embeddable":true,"href":"https:\/\/gpl-love.com\/fr\/wp-json\/wp\/v2\/product_brand?post=116765"},{"taxonomy":"product_cat","embeddable":true,"href":"https:\/\/gpl-love.com\/fr\/wp-json\/wp\/v2\/product_cat?post=116765"},{"taxonomy":"product_tag","embeddable":true,"href":"https:\/\/gpl-love.com\/fr\/wp-json\/wp\/v2\/product_tag?post=116765"}],"curies":[{"name":"wp","href":"https:\/\/api.w.org\/{rel}","templated":true}]}}