{"id":116758,"date":"2023-03-10T00:00:00","date_gmt":"2023-03-09T23:00:00","guid":{"rendered":"http:\/\/gpl-love.com\/fr\/produit\/landpick-multipurpose-landing-pages-wordpress-theme\/"},"modified":"2026-03-20T23:21:47","modified_gmt":"2026-03-20T22:21:47","slug":"landpick-multipurpose-landing-pages-wordpress-theme","status":"publish","type":"product","link":"https:\/\/gpl-love.com\/fr\/produit\/landpick-multipurpose-landing-pages-wordpress-theme\/","title":{"rendered":"Landpick Multipurpose Landing Pages WordPress Theme 1.4.9"},"content":{"rendered":"<h3>Landpick Multipurpose Landing Pages WordPress Theme Traits<\/h3>\n<p>Le th\u00e8me WordPress de param\u00e8tres polyvalents Landpick, avec sa polyvalence abondante et son interface conviviale, sert d&rsquo;instrument pr\u00e9cieux pour les utilisateurs qui cherchent \u00e0 fabriquer des pages de destination de premier ordre pour leurs sites Web. Arm\u00e9 d&rsquo;une gamme de mod\u00e8les personnalisables et d&rsquo;un r\u00e9pertoire impressionnant de fonctionnalit\u00e9s, ce th\u00e8me rationalise le processus de fabrication de pages hautement optimis\u00e9es visant \u00e0 maximiser les taux de conversion. De plus, ce th\u00e8me peut r\u00e9pondre \u00e0 une multitude d&rsquo;objectifs, y compris, mais sans s&rsquo;y limiter, la g\u00e9n\u00e9ration de leads, les lancements de produits et au-del\u00e0. Ind\u00e9pendamment de votre niveau d&rsquo;expertise dans le d\u00e9veloppement Web, le th\u00e8me LandPick offre un vaste assortiment d&rsquo;outils et de ressources pour faciliter la r\u00e9alisation du plus potentiel de vos pages de destination. Il garantit que votre site Web est non seulement visuellement captivant mais \u00e9galement fonctionnel. Si vous vous trouvez \u00e0 la recherche d&rsquo;une solution de page de destination influente et mall\u00e9able, le th\u00e8me des pages de destination polyvalente LandPick est sans \u00e9quivoque votre choix id\u00e9al!<\/p>\n<ul>\n<li>Th\u00e8me WordPress tr\u00e8s polyvalent adapt\u00e9 pour cr\u00e9er des pages de destination \u00e9tonnantes et efficaces \u00e0 diverses fins<\/li>\n<li>Livr\u00e9 avec plus de 30 mod\u00e8les pr\u00e9d\u00e9finis qui s&rsquo;adressent \u00e0 un large \u00e9ventail d&rsquo;industries<\/li>\n<li>L&rsquo;\u00e9diteur de glisser-d\u00e9poser intuitif permet une personnalisation et des ajustements de conception sans effort m\u00eame sans connaissance de codage pr\u00e9alable<\/li>\n<li>Construit avec l&rsquo;optimisation SEO \u00e0 l&rsquo;esprit, permettant \u00e0 vos pages de se classer plus haut sur les r\u00e9sultats des moteurs de recherche<\/li>\n<li>La conception r\u00e9active garantit que vos pages de destination sont superbes sur tous les appareils et tailles d&rsquo;\u00e9cran<\/li>\n<li>Comprend les capacit\u00e9s de g\u00e9n\u00e9ration de leads gr\u00e2ce \u00e0 des formulaires int\u00e9gr\u00e9s et \u00e0 l&rsquo;int\u00e9gration avec des outils de marketing par e-mail majeurs<\/li>\n<li>Prend en charge l&rsquo;int\u00e9gration avec diverses applications tierces pour les fonctionnalit\u00e9s et la commodit\u00e9 maximales<\/li>\n<li>Comprend une documentation compl\u00e8te et un soutien fiable de l&rsquo;\u00e9quipe LandPick pour assurer la mise en \u0153uvre et la maintenance transparentes<\/li>\n<li>RECLUMENT MISE \u00c0 JOUR AVEC DE LA NOUVELLES FEMARATIONS ET DES R\u00c9MOCATIONS POUR TOUER LES DERNI\u00c8RES TENDANCES DE DES CONCEPTIONS DES Web et les meilleures pratiques.<\/li>\n<\/ul>\n","protected":false},"excerpt":{"rendered":"<p>Landpick est un th\u00e8me WordPress remarquablement multiforme qui a \u00e9t\u00e9 m\u00e9ticuleusement con\u00e7u pour permettre la cr\u00e9ation de pages de destination qui poss\u00e8dent une capacit\u00e9 \u00e9trange \u00e0 convertir les t\u00e9l\u00e9spectateurs en clients dans un large \u00e9ventail d&rsquo;industries, y compris, mais sans s&rsquo;y limiter entre autres. Gr\u00e2ce \u00e0 l&rsquo;utilisation de son constructeur de glisser-d\u00e9poser remarquablement intuitif et convivial, les utilisateurs sont autoris\u00e9s sans effort \u00e0 personnaliser et \u00e0 adapter la disposition et la conception de leur page de destination pour r\u00e9pondre \u00e0 leurs pr\u00e9f\u00e9rences et sp\u00e9cifications individuelles en quelques minutes. En outre, Landpick accorde aux utilisateurs aux utilisateurs d&rsquo;acc\u00e9der \u00e0 un vaste assortiment de blocs et de mod\u00e8les pr\u00e9-con\u00e7us qui peuvent \u00eatre int\u00e9gr\u00e9s de mani\u00e8re transparente dans leur page de destination, leur permettant ainsi d&rsquo;int\u00e9grer et de modifier de mani\u00e8re transparente des \u00e9l\u00e9ments tels que les boutons CTA, les formulaires et les tables de tarification avec une facilit\u00e9 de plus. De plus, il convient de noter que LandPick a \u00e9t\u00e9 minutieusement optimis\u00e9 pour garantir une vitesse exceptionnelle et une optimisation exceptionnelle du moteur de recherche, garantissant ainsi que vos pages de destination se chargeront d&rsquo;une rapidit\u00e9 exceptionnelle et d&rsquo;obtenir des classements de haut niveau sur les pages de r\u00e9sultats des moteurs de recherche. En capitalisant sur les innombrables avantages offerts par LandPick, les utilisateurs peuvent cr\u00e9er en toute confiance des pages de destination qui poss\u00e8dent une capacit\u00e9 in\u00e9gal\u00e9e \u00e0 convertir les t\u00e9l\u00e9spectateurs en clients, facilitant ainsi la croissance exponentielle et la prosp\u00e9rit\u00e9 de leurs efforts commerciaux.<\/p>\n","protected":false},"featured_media":144329,"comment_status":"open","ping_status":"open","template":"","meta":[],"product_brand":[2433],"product_cat":[1242,1212,1213],"product_tag":[1366],"class_list":{"0":"post-116758","1":"product","2":"type-product","3":"status-publish","4":"has-post-thumbnail","6":"product_brand-themeforest","7":"product_cat-creatif","8":"product_cat-themes","9":"product_cat-wordpress-themes","10":"product_tag-themeforest","11":"member-discount","12":"discount-restricted","14":"first","15":"instock","16":"sale","17":"downloadable","18":"virtual","19":"sold-individually","20":"purchasable","21":"product-type-simple"},"_links":{"self":[{"href":"https:\/\/gpl-love.com\/fr\/wp-json\/wp\/v2\/product\/116758","targetHints":{"allow":["GET"]}}],"collection":[{"href":"https:\/\/gpl-love.com\/fr\/wp-json\/wp\/v2\/product"}],"about":[{"href":"https:\/\/gpl-love.com\/fr\/wp-json\/wp\/v2\/types\/product"}],"replies":[{"embeddable":true,"href":"https:\/\/gpl-love.com\/fr\/wp-json\/wp\/v2\/comments?post=116758"}],"wp:featuredmedia":[{"embeddable":true,"href":"https:\/\/gpl-love.com\/fr\/wp-json\/wp\/v2\/media\/144329"}],"wp:attachment":[{"href":"https:\/\/gpl-love.com\/fr\/wp-json\/wp\/v2\/media?parent=116758"}],"wp:term":[{"taxonomy":"product_brand","embeddable":true,"href":"https:\/\/gpl-love.com\/fr\/wp-json\/wp\/v2\/product_brand?post=116758"},{"taxonomy":"product_cat","embeddable":true,"href":"https:\/\/gpl-love.com\/fr\/wp-json\/wp\/v2\/product_cat?post=116758"},{"taxonomy":"product_tag","embeddable":true,"href":"https:\/\/gpl-love.com\/fr\/wp-json\/wp\/v2\/product_tag?post=116758"}],"curies":[{"name":"wp","href":"https:\/\/api.w.org\/{rel}","templated":true}]}}