{"id":116756,"date":"2021-08-06T00:00:00","date_gmt":"2021-08-05T22:00:00","guid":{"rendered":"http:\/\/gpl-love.com\/fr\/produit\/multipurpose-business-wordpress-theme-front\/"},"modified":"2026-04-10T18:32:14","modified_gmt":"2026-04-10T16:32:14","slug":"multipurpose-business-wordpress-theme-front","status":"publish","type":"product","link":"https:\/\/gpl-love.com\/fr\/produit\/multipurpose-business-wordpress-theme-front\/","title":{"rendered":"Multipurpose Business WordPress Th\u00e8me Front 1.1.8"},"content":{"rendered":"<h3>Multipurpose Business WordPress Th\u00e8me Front Traits<\/h3>\n<p>Le Front de th\u00e8me WordPress d&rsquo;entreprise polyvalent est un th\u00e8me incroyablement polyvalent et hautement personnalisable qui a \u00e9t\u00e9 m\u00e9ticuleusement con\u00e7u pour r\u00e9pondre aux entreprises de toutes formes et tailles. B\u00e9n\u00e9ficiant d&rsquo;une esth\u00e9tique de pointe et ind\u00e9niablement polie, ce th\u00e8me combine de mani\u00e8re transparente la modernit\u00e9 avec le professionnalisme, r\u00e9sultant en un site Web visuellement captivant qui ne laissera pas une impression durable aux visiteurs. Ce qui distingue vraiment ce th\u00e8me, cependant, c&rsquo;est sa convivialit\u00e9 sans pr\u00e9c\u00e9dent, garantissant que m\u00eame ceux qui ont des prouesses techniques limit\u00e9es peuvent naviguer sans effort dans son interface intuitive.<\/p>\n<p>L&rsquo;un des aspects les plus remarquables de ce th\u00e8me est son vaste \u00e9ventail d&rsquo;options de personnalisation, vous permettant de personnaliser tous les aspects de votre site Web pour s&rsquo;aligner parfaitement avec l&rsquo;identit\u00e9 unique de votre marque. D&rsquo;un assortiment d&rsquo;options de disposition diverses \u00e0 une pl\u00e9thore de superbes sch\u00e9mas de couleurs et de choix de polices, les possibilit\u00e9s de personnalisation sont pratiquement illimit\u00e9es. Par cons\u00e9quent, votre site Web d\u00e9gagera une esth\u00e9tique coh\u00e9rente et incontestablement de marque qui ne captivera pas et engagera votre public cible.<\/p>\n<p>De plus, le front de th\u00e8me WordPress commercial polyvalent est \u00e9quip\u00e9 d&rsquo;une conception enti\u00e8rement r\u00e9active, s&rsquo;adaptant parfaitement \u00e0 n&rsquo;importe quelle taille d&rsquo;\u00e9cran. Cela signifie que votre site Web sera tout aussi \u00e9tonnant, qu&rsquo;il soit consult\u00e9 sur un bureau, une tablette ou un appareil mobile. Avec la pr\u00e9valence toujours croissante de la navigation mobile, cette fonctionnalit\u00e9 est absolument essentielle pour assurer une exp\u00e9rience utilisateur positive et une pr\u00e9sentation visuelle toujours impressionnante.<\/p>\n<p>En plus de sa conception impeccable et de sa personnalisation extraordinaire, le front de th\u00e8me WordPress d&rsquo;entreprise polyvalent offre \u00e9galement une large gamme de widgets et de plugins qui peuvent \u00eatre int\u00e9gr\u00e9s sans effort dans votre site Web, offrant une fonctionnalit\u00e9 am\u00e9lior\u00e9e et une exp\u00e9rience utilisateur encore plus immersive. Ces outils inestimables vous permettent d&rsquo;incorporer sans effort une grande vari\u00e9t\u00e9 de fonctionnalit\u00e9s et d&rsquo;\u00e9l\u00e9ments qui \u00e9l\u00e8veront sans aucun doute votre site Web \u00e0 de nouveaux sommets de sophistication et d&rsquo;interactivit\u00e9.<\/p>\n<p>Dans l&rsquo;ensemble, la flexibilit\u00e9 exceptionnelle, la convivialit\u00e9 et la richesse des fonctionnalit\u00e9s puissantes que le front du th\u00e8me WordPress commercial polyvalent apporte \u00e0 la table lui rend un choix impeccable pour toute entreprise exigeante cherchant \u00e0 \u00e9tablir une formidable pr\u00e9sence en ligne. Avec ce th\u00e8me comme fondation num\u00e9rique, les possibilit\u00e9s de succ\u00e8s et de croissance sont sans limites.<\/p>\n<ul>\n<li>Conception tr\u00e8s polyvalente et adaptable pour divers sites Web d&rsquo;entreprise<\/li>\n<li>Disposition enti\u00e8rement r\u00e9active et adapt\u00e9e aux mobiles<\/li>\n<li>Builder de page de glisser-d\u00e9poser intuitif pour une personnalisation facile<\/li>\n<li>De nombreux mod\u00e8les pr\u00e9-con\u00e7us pour une configuration rapide<\/li>\n<li>Int\u00e9gration transparente avec des plugins populaires comme WooCommerce et le formulaire de contact 7<\/li>\n<li>Caract\u00e9ristiques d&rsquo;optimisation SEO int\u00e9gr\u00e9es pour un meilleur classement des moteurs de recherche<\/li>\n<li>Panneau d&rsquo;options de th\u00e8me avanc\u00e9 pour un contr\u00f4le \u00e9tendu sur l&rsquo;apparence du site Web<\/li>\n<li>Documentation compl\u00e8te et support client rapide<\/li>\n<li>Mises \u00e0 jour r\u00e9guli\u00e8res et am\u00e9liorations pour les derni\u00e8res technologies et tendances<\/li>\n<li>Prix \u200b\u200babordables avec licence d&rsquo;utilisation \u00e0 vie<\/li>\n<\/ul>\n","protected":false},"excerpt":{"rendered":"<p>Le th\u00e8me WordPress commercial polyvalent avant est une solution de conception tr\u00e8s polyvalente et multifonctionnelle qui s&rsquo;adresse aux entreprises de toutes tailles. Il poss\u00e8de une disposition propre et contemporaine, ce qui le rend id\u00e9al pour pr\u00e9senter efficacement votre gamme de produits et services de mani\u00e8re attrayante et professionnelle. Ce th\u00e8me propose une gamme de sections personnalisables, telles qu&rsquo;un curseur de page d&rsquo;accueil captivant, une section de profil d&rsquo;\u00e9quipe informative, une galerie de produits visuellement attirante et bien plus encore. De plus, ce th\u00e8me a \u00e9t\u00e9 m\u00e9ticuleusement optimis\u00e9 pour une vitesse optimale, des performances de r\u00e9f\u00e9rencement de premier ordre et une r\u00e9activit\u00e9 mobile transparente, garantissant ainsi une exp\u00e9rience utilisateur in\u00e9gal\u00e9e dans tous les types d&rsquo;appareils. Que vous soyez une startup en herbe dans un besoin urgent d&rsquo;une pr\u00e9sence en ligne percutante ou d&rsquo;une entreprise d\u00e9j\u00e0 bien \u00e9tablie cherchant \u00e0 insuffler une nouvelle vie \u00e0 votre empreinte num\u00e9rique, assurez-vous que ce th\u00e8me WordPress polyvalent est bien \u00e9quip\u00e9 pour r\u00e9pondre \u00e0 tous vos besoins.<\/p>\n","protected":false},"featured_media":144599,"comment_status":"open","ping_status":"open","template":"","meta":[],"product_brand":[2433],"product_cat":[1516,1212,1213],"product_tag":[1366],"class_list":{"0":"post-116756","1":"product","2":"type-product","3":"status-publish","4":"has-post-thumbnail","6":"product_brand-themeforest","7":"product_cat-entreprise","8":"product_cat-themes","9":"product_cat-wordpress-themes","10":"product_tag-themeforest","11":"member-discount","12":"discount-restricted","14":"first","15":"instock","16":"sale","17":"downloadable","18":"virtual","19":"sold-individually","20":"purchasable","21":"product-type-simple"},"_links":{"self":[{"href":"https:\/\/gpl-love.com\/fr\/wp-json\/wp\/v2\/product\/116756","targetHints":{"allow":["GET"]}}],"collection":[{"href":"https:\/\/gpl-love.com\/fr\/wp-json\/wp\/v2\/product"}],"about":[{"href":"https:\/\/gpl-love.com\/fr\/wp-json\/wp\/v2\/types\/product"}],"replies":[{"embeddable":true,"href":"https:\/\/gpl-love.com\/fr\/wp-json\/wp\/v2\/comments?post=116756"}],"wp:featuredmedia":[{"embeddable":true,"href":"https:\/\/gpl-love.com\/fr\/wp-json\/wp\/v2\/media\/144599"}],"wp:attachment":[{"href":"https:\/\/gpl-love.com\/fr\/wp-json\/wp\/v2\/media?parent=116756"}],"wp:term":[{"taxonomy":"product_brand","embeddable":true,"href":"https:\/\/gpl-love.com\/fr\/wp-json\/wp\/v2\/product_brand?post=116756"},{"taxonomy":"product_cat","embeddable":true,"href":"https:\/\/gpl-love.com\/fr\/wp-json\/wp\/v2\/product_cat?post=116756"},{"taxonomy":"product_tag","embeddable":true,"href":"https:\/\/gpl-love.com\/fr\/wp-json\/wp\/v2\/product_tag?post=116756"}],"curies":[{"name":"wp","href":"https:\/\/api.w.org\/{rel}","templated":true}]}}