{"id":116754,"date":"2025-02-18T00:00:00","date_gmt":"2025-02-17T23:00:00","guid":{"rendered":"http:\/\/gpl-love.com\/fr\/produit\/extended-widget-options-wordpress-widget-control-plugin\/"},"modified":"2026-03-20T23:05:16","modified_gmt":"2026-03-20T22:05:16","slug":"extended-widget-options-wordpress-widget-control-plugin","status":"publish","type":"product","link":"https:\/\/gpl-love.com\/fr\/produit\/extended-widget-options-wordpress-widget-control-plugin\/","title":{"rendered":"Extended Widget Options WordPress Widget Control Plugin 5.2.1"},"content":{"rendered":"<h3>Extended Widget Options WordPress Widget Control Plugin Traits<\/h3>\n<p>Le plugin de contr\u00f4le du widget WordPress de widget \u00e9tendu est un produit tr\u00e8s innovant et r\u00e9volutionnaire qui a \u00e9t\u00e9 m\u00e9ticuleusement con\u00e7u dans le seul but de permettre aux utilisateurs d&rsquo;exercer un contr\u00f4le complet et complet sur leurs widgets. Ce plugin remarquable facilite efficacement l&rsquo;ajout d&rsquo;une gamme d&rsquo;options remarquablement avanc\u00e9es pour les widgets, offrant ainsi aux utilisateurs des opportunit\u00e9s in\u00e9gal\u00e9es de g\u00e9rer et d&rsquo;adapter leurs widgets \u00e0 leurs sp\u00e9cifications et pr\u00e9f\u00e9rences exactes. Cela inclut notamment la possibilit\u00e9 de cacher ou de montrer astucieusement des widgets sp\u00e9cifiques sur des pages distinctes et d\u00e9sign\u00e9es, la capacit\u00e9 de personnaliser habilement \u00e0 la fois les titres et le contenu du widget, et la possibilit\u00e9 d&rsquo;impr\u00e9gner de mani\u00e8re transparente chaque widget avec un style distinctif et unique. Il convient de souligner que la nature remarquablement conviviale de ce plugin garantit que les individus peuvent naviguer et exploiter ses innombrables fonctionnalit\u00e9s avec une facilit\u00e9 consomm\u00e9e, \u00e9vitant ainsi la n\u00e9cessit\u00e9 d&rsquo;efforts ardus et longs dans la gestion des widgets sur leurs sites WordPress. Par cons\u00e9quent, en vertu des options de widget \u00e9tendues Plugin de contr\u00f4le du widget WordPress, les utilisateurs re\u00e7oivent la capacit\u00e9 in\u00e9gal\u00e9e de fa\u00e7onner un site Web qui d\u00e9gage le dynamisme et captive les visiteurs, pr\u00e9sentant ainsi de mani\u00e8re transparente et incarnable.<\/p>\n<ul>\n<li>Contr\u00f4le complet sur les widgets WordPress avec des options et des param\u00e8tres avanc\u00e9s<\/li>\n<li>Attribuer facilement des widgets sp\u00e9cifiques \u00e0 des pages sp\u00e9cifiques ou \u00e0 des types de publication personnalis\u00e9s<\/li>\n<li>Personnaliser l&rsquo;espacement des widgets et la mise en page avec une interface glisser-d\u00e9poser<\/li>\n<li>Cr\u00e9er des mod\u00e8les de widget pour une conception coh\u00e9rente sur plusieurs pages<\/li>\n<li>Choisissez parmi plus de 50 styles de widget pr\u00e9d\u00e9finis et personnalisez avec CSS<\/li>\n<li>Ajoutez des cours et des ID CSS personnalis\u00e9s aux widgets pour de plus grandes possibilit\u00e9s de style<\/li>\n<li>Param\u00e8tres d&rsquo;importation et d&rsquo;exportation du widget pour une migration facile entre les sites<\/li>\n<li>Compatible avec les constructeurs de pages populaires et les th\u00e8mes WordPress<\/li>\n<li>Mises \u00e0 jour r\u00e9guli\u00e8res et support client fourni par des d\u00e9veloppeurs exp\u00e9riment\u00e9s.<\/li>\n<\/ul>\n","protected":false},"excerpt":{"rendered":"<p>Le plugin de contr\u00f4le du widget WordPress \u00e9tendu WordPress, connu pour sa fonctionnalit\u00e9 in\u00e9gal\u00e9e, sert d&rsquo;instrument inestimable pour adapter et personnaliser les widgets de votre site Web. En incorporant ce plugin dans votre cadre, vous gagnez la possibilit\u00e9 d&rsquo;\u00e9tablir sans effort des configurations uniques pour chaque widget, englobant une pl\u00e9thore d&rsquo;attributs allant des options de visibilit\u00e9 aux alternatives de contenu, et bien plus encore. Offrez des adieux aux contraintes impos\u00e9es par les widgets WordPress conventionnels et adoptez chaleureusement un domaine sans pr\u00e9c\u00e9dent de polyvalence et de commande sur l&rsquo;apparence de votre site Web.<\/p>\n","protected":false},"featured_media":143828,"comment_status":"open","ping_status":"open","template":"","meta":[],"product_brand":[2541],"product_cat":[1189,1181,1186],"product_tag":[2225],"class_list":{"0":"post-116754","1":"product","2":"type-product","3":"status-publish","4":"has-post-thumbnail","6":"product_brand-marketing-fire","7":"product_cat-personnalisation","8":"product_cat-plugins","9":"product_cat-wordpress-plugins","10":"product_tag-marketing-fire","11":"member-discount","12":"discount-restricted","14":"first","15":"instock","16":"sale","17":"downloadable","18":"virtual","19":"sold-individually","20":"purchasable","21":"product-type-simple"},"_links":{"self":[{"href":"https:\/\/gpl-love.com\/fr\/wp-json\/wp\/v2\/product\/116754","targetHints":{"allow":["GET"]}}],"collection":[{"href":"https:\/\/gpl-love.com\/fr\/wp-json\/wp\/v2\/product"}],"about":[{"href":"https:\/\/gpl-love.com\/fr\/wp-json\/wp\/v2\/types\/product"}],"replies":[{"embeddable":true,"href":"https:\/\/gpl-love.com\/fr\/wp-json\/wp\/v2\/comments?post=116754"}],"wp:featuredmedia":[{"embeddable":true,"href":"https:\/\/gpl-love.com\/fr\/wp-json\/wp\/v2\/media\/143828"}],"wp:attachment":[{"href":"https:\/\/gpl-love.com\/fr\/wp-json\/wp\/v2\/media?parent=116754"}],"wp:term":[{"taxonomy":"product_brand","embeddable":true,"href":"https:\/\/gpl-love.com\/fr\/wp-json\/wp\/v2\/product_brand?post=116754"},{"taxonomy":"product_cat","embeddable":true,"href":"https:\/\/gpl-love.com\/fr\/wp-json\/wp\/v2\/product_cat?post=116754"},{"taxonomy":"product_tag","embeddable":true,"href":"https:\/\/gpl-love.com\/fr\/wp-json\/wp\/v2\/product_tag?post=116754"}],"curies":[{"name":"wp","href":"https:\/\/api.w.org\/{rel}","templated":true}]}}