{"id":116752,"date":"2025-12-11T00:00:00","date_gmt":"2025-12-10T23:00:00","guid":{"rendered":"http:\/\/gpl-love.com\/fr\/produit\/woocommerce-sequential-order-numbers-pro\/"},"modified":"2026-03-20T23:47:41","modified_gmt":"2026-03-20T22:47:41","slug":"woocommerce-sequential-order-numbers-pro","status":"publish","type":"product","link":"https:\/\/gpl-love.com\/fr\/produit\/woocommerce-sequential-order-numbers-pro\/","title":{"rendered":"WooCommerce Sequential Order Numbers Pro 1.21.8"},"content":{"rendered":"<h3>WooCommerce Sequential Order Numbers Pro Traits<\/h3>\n<p>WooCommerce Sequential Order Numbers Pro appara\u00eet comme un plugin tr\u00e8s robuste et hautement personnalisable, ce qui permet aux utilisateurs de g\u00e9n\u00e9rer sans effort des num\u00e9ros de commande s\u00e9quentiels et profond\u00e9ment significatifs pour leur boutique en ligne estim\u00e9e. Ce plugin exceptionnel offre aux utilisateurs un processus d&rsquo;installation et de configuration transparente, rationalisant l&rsquo;ensemble de l&rsquo;effort de configuration. Avec ce plugin \u00e0 leur disposition, les utilisateurs ont la possibilit\u00e9 d&rsquo;\u00e9tablir sans effort des formats d&rsquo;ordre personnalis\u00e9, d&rsquo;int\u00e9grer des pr\u00e9fixes ou des suffixes dans leurs commandes et g\u00e9n\u00e9rer des num\u00e9ros de commande m\u00e9ticuleusement s\u00e9quentiels en fonction d&rsquo;une pl\u00e9thore de crit\u00e8res finement r\u00e9gl\u00e9s, y compris mais non limit\u00e9 \u00e0 ce jour , temps et identifiant de commande. De plus, ce plugin garantit que chaque num\u00e9ro de commande g\u00e9n\u00e9r\u00e9 est absolument unique, facilitant ainsi un suivi facile et une gestion efficace. Dans l&rsquo;ensemble, WooCommerce Sequential Order Numbers Pro se manifeste comme la solution ultime pour les propri\u00e9taires de magasins en ligne exigeants aspirant \u00e0 cr\u00e9er une exp\u00e9rience d&rsquo;achat \u00e9minemment professionnelle et m\u00e9ticuleusement organis\u00e9e pour leurs clients inestimables.<\/p>\n<ul>\n<li>Fournit un syst\u00e8me de num\u00e9rotation s\u00e9quentiel pour les commandes dans WooCommerce<\/li>\n<li>Permet la personnalisation des formats et pr\u00e9fixes de num\u00e9ro de commande<\/li>\n<li>Am\u00e9liore l&rsquo;organisation et le suivi des commandes pour les entreprises<\/li>\n<li>Emp\u00eache les lacunes ou les doublons dans les num\u00e9ros d&rsquo;ordre pour une tenue de registre pr\u00e9cise<\/li>\n<li>Int\u00e9gre parfaitement les processus de paiement WooCommerce existants et de gestion des commandes<\/li>\n<li>Offre une interface conviviale pour une configuration et une gestion faciles<\/li>\n<li>Disponible pour une utilisation avec des commandes nouvelles et existantes dans WooCommerce<\/li>\n<li>Rationalise le traitement des commandes et minimise les erreurs<\/li>\n<li>\u00c9conomise du temps et des efforts en automatisant la num\u00e9rotation des commandes<\/li>\n<li>Offre une prise en charge fiable et des mises \u00e0 jour pour les fonctionnalit\u00e9s en cours.<\/li>\n<\/ul>\n","protected":false},"excerpt":{"rendered":"<p>Le plugin de commande de commande s\u00e9quentiel WooCommerce est un outil incroyablement robuste et influent qui vous accorde la capacit\u00e9 d&rsquo;incorporer de mani\u00e8re transparente les num\u00e9ros de commande s\u00e9quentiels dans votre magasin WooCommerce. Ce plugin a pour objectif de simplifier la gestion de vos commandes en les affectant avec des num\u00e9ros d&rsquo;identification distinctifs, facilitant ainsi vos clients en suivant efficacement leurs commandes respectives. De plus, l&rsquo;int\u00e9gration de ce plugin dans vos proc\u00e9dures de vente et de facturation est une brise absolue. Avec sa vaste gamme d&rsquo;options de num\u00e9rotation personnalisables et de fonctionnalit\u00e9s avanc\u00e9es, ce plugin s&rsquo;av\u00e8re \u00eatre la solution ultime pour obtenir un syst\u00e8me de gestion fluide et efficace dans votre magasin WooCommerce.<\/p>\n","protected":false},"featured_media":146018,"comment_status":"open","ping_status":"open","template":"","meta":[],"product_brand":[2440],"product_cat":[1182,1223,1181],"product_tag":[1398],"class_list":{"0":"post-116752","1":"product","2":"type-product","3":"status-publish","4":"has-post-thumbnail","6":"product_brand-woocommerce","7":"product_cat-commerce-electronique-plugins","8":"product_cat-personnalisation-commerce-electronique-plugins","9":"product_cat-plugins","10":"product_tag-woocommerce","11":"member-discount","12":"discount-restricted","14":"first","15":"instock","16":"sale","17":"downloadable","18":"virtual","19":"sold-individually","20":"purchasable","21":"product-type-simple"},"_links":{"self":[{"href":"https:\/\/gpl-love.com\/fr\/wp-json\/wp\/v2\/product\/116752","targetHints":{"allow":["GET"]}}],"collection":[{"href":"https:\/\/gpl-love.com\/fr\/wp-json\/wp\/v2\/product"}],"about":[{"href":"https:\/\/gpl-love.com\/fr\/wp-json\/wp\/v2\/types\/product"}],"replies":[{"embeddable":true,"href":"https:\/\/gpl-love.com\/fr\/wp-json\/wp\/v2\/comments?post=116752"}],"wp:featuredmedia":[{"embeddable":true,"href":"https:\/\/gpl-love.com\/fr\/wp-json\/wp\/v2\/media\/146018"}],"wp:attachment":[{"href":"https:\/\/gpl-love.com\/fr\/wp-json\/wp\/v2\/media?parent=116752"}],"wp:term":[{"taxonomy":"product_brand","embeddable":true,"href":"https:\/\/gpl-love.com\/fr\/wp-json\/wp\/v2\/product_brand?post=116752"},{"taxonomy":"product_cat","embeddable":true,"href":"https:\/\/gpl-love.com\/fr\/wp-json\/wp\/v2\/product_cat?post=116752"},{"taxonomy":"product_tag","embeddable":true,"href":"https:\/\/gpl-love.com\/fr\/wp-json\/wp\/v2\/product_tag?post=116752"}],"curies":[{"name":"wp","href":"https:\/\/api.w.org\/{rel}","templated":true}]}}