{"id":116750,"date":"2026-05-09T00:00:00","date_gmt":"2026-05-08T22:00:00","guid":{"rendered":"http:\/\/gpl-love.com\/fr\/produit\/woocommerce-force-sells\/"},"modified":"2026-05-09T00:30:52","modified_gmt":"2026-05-08T22:30:52","slug":"woocommerce-force-sells","status":"publish","type":"product","link":"https:\/\/gpl-love.com\/fr\/produit\/woocommerce-force-sells\/","title":{"rendered":"WooCommerce Force Sells 2.0.1"},"content":{"rendered":"<h3>WooCommerce Force Sells Traits<\/h3>\n<p>Le plugin WooCommerce Force Sells est un outil incroyablement robuste pour les entrepreneurs de commerce \u00e9lectronique qui cherchent \u00e0 augmenter leurs revenus de vente gr\u00e2ce \u00e0 l&rsquo;inclusion de produits suppl\u00e9mentaires au moment du paiement. Ce plugin poss\u00e8de la possibilit\u00e9 de g\u00e9n\u00e9rer sans effort des faisceaux de produits ainsi que des articles \u00e0 la vente ascendante \u00e0 votre client\u00e8le estim\u00e9e. De plus, il vous permet d&rsquo;\u00e9tablir des produits obligatoires qui doivent \u00eatre acquis aux c\u00f4t\u00e9s d&rsquo;autres produits, garantissant ainsi que vos clients estim\u00e9s ach\u00e8tent tous les composants n\u00e9cessaires pour une exp\u00e9rience globale. Ce plugin est incroyablement convivial et poss\u00e8de la capacit\u00e9 d&rsquo;\u00eatre adapt\u00e9e \u00e0 l&rsquo;alignement de mani\u00e8re transparente avec votre identit\u00e9 de marque et vos exigences commerciales. Arm\u00e9 du plugin WooCommerce Force vend, vous serez \u00e9quip\u00e9 pour agrandir vos chiffres de vente et fournir simultan\u00e9ment \u00e0 vos clients de pr\u00e9cieux clients une exp\u00e9rience d&rsquo;achat am\u00e9lior\u00e9e et plus gratifiante, tout en augmentant vos sources de revenus.<\/p>\n<ul>\n<li>Augmente les ventes en offrant des produits compl\u00e9mentaires aux clients lors du paiement<\/li>\n<li>Oblige les clients \u00e0 ajouter des produits sp\u00e9cifiques \u00e0 leur panier avant de pouvoir v\u00e9rifier<\/li>\n<li>Installation facile et configuration simple<\/li>\n<li>Options flexibles pour personnaliser les r\u00e8gles de vente de force<\/li>\n<li>Compatible avec des produits variables et des produits d&rsquo;abonnement dans WooCommerce<\/li>\n<li>Aide \u00e0 r\u00e9duire le taux de chariot abandonn\u00e9 en encourageant les clients \u00e0 ajouter plus d&rsquo;articles \u00e0 leur panier<\/li>\n<li>Interface conviviale pour les propri\u00e9taires de magasins pour g\u00e9rer les produits de vente de force<\/li>\n<li>Augmente les revenus par commande en offrant des produits pertinents aux clients<\/li>\n<li>Il s&rsquo;est av\u00e9r\u00e9 efficace pour stimuler les ventes pour les magasins WooCommerce<\/li>\n<\/ul>\n","protected":false},"excerpt":{"rendered":"<p>WooCommerce Force Sells est un plugin extr\u00eamement robuste qui a \u00e9t\u00e9 sp\u00e9cialement con\u00e7u pour r\u00e9pondre aux besoins des propri\u00e9taires de magasins en ligne qui recherchent avec impatience des strat\u00e9gies efficaces pour augmenter leurs revenus de vente. En vertu de cet outil exemplaire, vous \u00eates condamn\u00e9 \u00e0 la capacit\u00e9 remarquable d&rsquo;incorporer de mani\u00e8re transparente une fonctionnalit\u00e9 de \u00ab\u00a0vente de force\u00a0\u00bb tr\u00e8s avantageuse dans vos pages de produits, vous permettant ainsi de fournir avec comp\u00e9tence vos clients de pr\u00e9cieuses recommandations concernant les produits connexes ou les groupes de produits \u00e0 la recherche anciens attirants. . Cette fonctionnalit\u00e9 in\u00e9gal\u00e9e sert de moyen exceptionnel pour augmenter votre valeur de vente moyenne en persuadant efficacement vos clients estim\u00e9s pour se livrer \u00e0 l&rsquo;achat de plusieurs articles dans une seule transaction. En outre, le plugin profite d&rsquo;une vaste gamme d&rsquo;options de personnalisation, facilitant ainsi un processus sans effort pour adapter vos recommandations pour s&rsquo;aligner parfaitement avec les pr\u00e9f\u00e9rences et les exigences uniques de votre public estim\u00e9, tout en harmonisant impeccablement avec les caract\u00e9ristiques distinctives de vos produits. Ne perdez pas de temps et vous lancez dans un voyage de succ\u00e8s exaltant en embrassant la force WooCommerce se vend aujourd&rsquo;hui, et soyez pr\u00eat \u00e0 assister \u00e0 une augmentation extraordinaire de vos chiffres de vente qui vous laissera compl\u00e8tement \u00e9tonn\u00e9!<\/p>\n","protected":false},"featured_media":145889,"comment_status":"open","ping_status":"open","template":"","meta":[],"product_brand":[2440],"product_cat":[1182,1223,1181],"product_tag":[1398],"class_list":{"0":"post-116750","1":"product","2":"type-product","3":"status-publish","4":"has-post-thumbnail","6":"product_brand-woocommerce","7":"product_cat-commerce-electronique-plugins","8":"product_cat-personnalisation-commerce-electronique-plugins","9":"product_cat-plugins","10":"product_tag-woocommerce","11":"member-discount","12":"discount-restricted","14":"first","15":"instock","16":"sale","17":"downloadable","18":"virtual","19":"sold-individually","20":"purchasable","21":"product-type-simple"},"_links":{"self":[{"href":"https:\/\/gpl-love.com\/fr\/wp-json\/wp\/v2\/product\/116750","targetHints":{"allow":["GET"]}}],"collection":[{"href":"https:\/\/gpl-love.com\/fr\/wp-json\/wp\/v2\/product"}],"about":[{"href":"https:\/\/gpl-love.com\/fr\/wp-json\/wp\/v2\/types\/product"}],"replies":[{"embeddable":true,"href":"https:\/\/gpl-love.com\/fr\/wp-json\/wp\/v2\/comments?post=116750"}],"wp:featuredmedia":[{"embeddable":true,"href":"https:\/\/gpl-love.com\/fr\/wp-json\/wp\/v2\/media\/145889"}],"wp:attachment":[{"href":"https:\/\/gpl-love.com\/fr\/wp-json\/wp\/v2\/media?parent=116750"}],"wp:term":[{"taxonomy":"product_brand","embeddable":true,"href":"https:\/\/gpl-love.com\/fr\/wp-json\/wp\/v2\/product_brand?post=116750"},{"taxonomy":"product_cat","embeddable":true,"href":"https:\/\/gpl-love.com\/fr\/wp-json\/wp\/v2\/product_cat?post=116750"},{"taxonomy":"product_tag","embeddable":true,"href":"https:\/\/gpl-love.com\/fr\/wp-json\/wp\/v2\/product_tag?post=116750"}],"curies":[{"name":"wp","href":"https:\/\/api.w.org\/{rel}","templated":true}]}}