{"id":116741,"date":"2021-10-30T00:00:00","date_gmt":"2021-10-29T22:00:00","guid":{"rendered":"http:\/\/gpl-love.com\/fr\/produit\/creative-agency-wordpress-theme-boldlab\/"},"modified":"2026-03-20T22:59:18","modified_gmt":"2026-03-20T21:59:18","slug":"creative-agency-wordpress-theme-boldlab","status":"publish","type":"product","link":"https:\/\/gpl-love.com\/fr\/produit\/creative-agency-wordpress-theme-boldlab\/","title":{"rendered":"Creative Agency WordPress Th\u00e8me Boldlab 2.4.0"},"content":{"rendered":"<h3>Creative Agency WordPress Th\u00e8me Boldlab Traits<\/h3>\n<p>Boldlab est un th\u00e8me WordPress tr\u00e8s sophistiqu\u00e9 et de haut niveau qui a \u00e9t\u00e9 m\u00e9ticuleusement con\u00e7u et adapt\u00e9 sp\u00e9cifiquement pour r\u00e9pondre aux besoins et aux exigences des agences cr\u00e9atives. Son design impeccablement \u00e9l\u00e9gant et contemporain d\u00e9gage un sentiment de sophistication et d&rsquo;\u00e9l\u00e9gance, le rendant \u00e0 la quintessence de la perfection lorsqu&rsquo;il s&rsquo;agit de pr\u00e9senter le vaste portefeuille de votre agence et une gamme compl\u00e8te de services. De plus, ce th\u00e8me extraordinaire poss\u00e8de une disposition de page d&rsquo;accueil hautement personnalisable qui vous permet de pr\u00e9senter votre travail d&rsquo;une mani\u00e8re non seulement distinctive, mais \u00e9galement sans pr\u00e9c\u00e9dent, distinguant ainsi votre agence de la concurrence. En prime, Boldlab propose \u00e9galement une myriade de mod\u00e8les de conception extr\u00eamement con\u00e7us pour des pages essentielles telles que nous, Contact et Services, rationalisant et acc\u00e9l\u00e9rant ainsi efficacement le processus de mise en place de votre site Web en pratiquement aucun temps. De plus, ce th\u00e8me remarquable est \u00e9galement enti\u00e8rement r\u00e9actif, garantissant que votre site Web semblera impeccablement \u00e9tonnant et captivant visuellement sur n&rsquo;importe quel appareil ou plate-forme, vous permettant ainsi de capturer et de captiver sans effort votre public cible, quel que soit le mode d&rsquo;acc\u00e8s choisi. Avec Boldlab, vous poss\u00e9dez le pouvoir d&rsquo;\u00e9laborer sans effort un site Web qui d\u00e9gage sans effort une aura de professionnalisme, de sophistication et de style, vous permettant ainsi d&rsquo;attirer et d&rsquo;attirer efficacement de nouveaux clients, finalement facilitant la croissance exponentielle et l&rsquo;extension de votre agence v\u00e9n\u00e9r\u00e9e.<\/p>\n<ul>\n<li>Un th\u00e8me WordPress premium con\u00e7u pour les agences de cr\u00e9ation et les entreprises de toutes tailles<\/li>\n<li>Design audacieux et moderne avec des options de mise en page personnalisables<\/li>\n<li>Fonctionnalit\u00e9 de portfolio int\u00e9gr\u00e9e pour pr\u00e9senter votre travail et vos projets<\/li>\n<li>Facilement personnalisable avec le g\u00e9n\u00e9rateur de pages glisser-d\u00e9poser inclus<\/li>\n<li>Plusieurs dispositions de blog pour afficher votre contenu dans une vari\u00e9t\u00e9 de styles<\/li>\n<li>Comprend un contenu de d\u00e9monstration pr\u00e9-con\u00e7u pour une configuration et une personnalisation faciles<\/li>\n<li>La conception r\u00e9active garantit que votre site Web a fi\u00e8re allure sur n&rsquo;importe quel appareil<\/li>\n<li>Optimisation de SEO int\u00e9gr\u00e9e pour aider votre site Web \u00e0 se classer plus haut dans les r\u00e9sultats de recherche<\/li>\n<li>Comprend l&rsquo;int\u00e9gration avec des plugins populaires comme WooCommerce, MailChimp et le formulaire de contact 7<\/li>\n<li>Les options de personnalisation de th\u00e8me faciles \u00e0 utiliser vous permettent de modifier rapidement la conception et les fonctionnalit\u00e9s de votre site Web.<\/li>\n<\/ul>\n","protected":false},"excerpt":{"rendered":"<p>Boldlab est un th\u00e8me WordPress d&rsquo;agence cr\u00e9ative haut de gamme con\u00e7u pour r\u00e9pondre aux besoins de toute agence cr\u00e9ative moderne, studio de design graphique ou portefeuille d&rsquo;artistes. Il s&rsquo;agit d&rsquo;un outil puissant avec une interface utilisateur intuitive, ce qui vous permet d&rsquo;\u00e9tablir facilement votre pr\u00e9sence en ligne et de contacter les clients potentiels. Ce th\u00e8me fournit une conception unique et interactive qui captive l&rsquo;attention des visiteurs du site, tandis que la disposition r\u00e9active assure une exp\u00e9rience de navigation transparente sur n&rsquo;importe quel appareil. L&rsquo;int\u00e9gration des fonctionnalit\u00e9s conviviales et des options de partage des m\u00e9dias sociaux facilite l&rsquo;optimisation de votre site Web et \u00e9largir votre port\u00e9e. Avec Boldlab, vous avez \u00e9galement acc\u00e8s \u00e0 une vaste collection d&rsquo;\u00e9l\u00e9ments personnalisables, de superbes mises en page de portefeuille aux styles de blog polyvalents, vous permettant de cr\u00e9er un site Web qui refl\u00e8te vraiment votre marque et votre vision. Am\u00e9liorez votre potentiel cr\u00e9atif avec Boldlab, un th\u00e8me WordPress qui combine les fonctionnalit\u00e9s, le style et la conception conviviale pour vous aider \u00e0 vous d\u00e9marquer dans le paysage num\u00e9rique.<\/p>\n","protected":false},"featured_media":143437,"comment_status":"open","ping_status":"open","template":"","meta":[],"product_brand":[2433],"product_cat":[1242,1212,1213],"product_tag":[1366],"class_list":{"0":"post-116741","1":"product","2":"type-product","3":"status-publish","4":"has-post-thumbnail","6":"product_brand-themeforest","7":"product_cat-creatif","8":"product_cat-themes","9":"product_cat-wordpress-themes","10":"product_tag-themeforest","11":"member-discount","12":"discount-restricted","14":"first","15":"instock","16":"sale","17":"downloadable","18":"virtual","19":"sold-individually","20":"purchasable","21":"product-type-simple"},"_links":{"self":[{"href":"https:\/\/gpl-love.com\/fr\/wp-json\/wp\/v2\/product\/116741","targetHints":{"allow":["GET"]}}],"collection":[{"href":"https:\/\/gpl-love.com\/fr\/wp-json\/wp\/v2\/product"}],"about":[{"href":"https:\/\/gpl-love.com\/fr\/wp-json\/wp\/v2\/types\/product"}],"replies":[{"embeddable":true,"href":"https:\/\/gpl-love.com\/fr\/wp-json\/wp\/v2\/comments?post=116741"}],"wp:featuredmedia":[{"embeddable":true,"href":"https:\/\/gpl-love.com\/fr\/wp-json\/wp\/v2\/media\/143437"}],"wp:attachment":[{"href":"https:\/\/gpl-love.com\/fr\/wp-json\/wp\/v2\/media?parent=116741"}],"wp:term":[{"taxonomy":"product_brand","embeddable":true,"href":"https:\/\/gpl-love.com\/fr\/wp-json\/wp\/v2\/product_brand?post=116741"},{"taxonomy":"product_cat","embeddable":true,"href":"https:\/\/gpl-love.com\/fr\/wp-json\/wp\/v2\/product_cat?post=116741"},{"taxonomy":"product_tag","embeddable":true,"href":"https:\/\/gpl-love.com\/fr\/wp-json\/wp\/v2\/product_tag?post=116741"}],"curies":[{"name":"wp","href":"https:\/\/api.w.org\/{rel}","templated":true}]}}