{"id":116737,"date":"2022-06-01T00:00:00","date_gmt":"2022-05-31T22:00:00","guid":{"rendered":"http:\/\/gpl-love.com\/fr\/produit\/gostore-elementor-woocommerce-wordpress-theme\/"},"modified":"2026-03-20T23:17:22","modified_gmt":"2026-03-20T22:17:22","slug":"gostore-elementor-woocommerce-wordpress-theme","status":"publish","type":"product","link":"https:\/\/gpl-love.com\/fr\/produit\/gostore-elementor-woocommerce-wordpress-theme\/","title":{"rendered":"GoStore Elementor WooCommerce WordPress Theme 1.1.3"},"content":{"rendered":"<h3>GoStore Elementor WooCommerce WordPress Theme Traits<\/h3>\n<p>Le th\u00e8me WordPress WooCommerce de Gostore Elementor, avec ses capacit\u00e9s puissantes et sa polyvalence remarquable, offre une solution de commerce \u00e9lectronique exemplaire qui s&rsquo;adresse aux entreprises de toutes \u00e9chelles. Son interface, caract\u00e9ris\u00e9e par son intuitivit\u00e9 et sa convivialit\u00e9, permet aux utilisateurs d&rsquo;\u00e9tablir sans effort une boutique en ligne impressionnante qui d\u00e9gage \u00e0 la fois la fonctionnalit\u00e9 et le professionnalisme. B\u00e9n\u00e9ficiant de dispositions et d&rsquo;options de conception enti\u00e8rement personnalisables, aux c\u00f4t\u00e9s d&rsquo;attributs avanc\u00e9s tels que le filtrage des produits et les fonctionnalit\u00e9s de recherche, ce th\u00e8me facilite un affichage sans effort de vos produits tout en assurant une optimisation optimale des ventes. Peu importe que vous soyez un entrepreneur \u00e0 petite \u00e9chelle visant \u00e0 am\u00e9liorer votre pr\u00e9sence en ligne ou un d\u00e9taillant \u00e0 grande \u00e9chelle \u00e0 la recherche d&rsquo;une solution de commerce \u00e9lectronique fiable et efficace, le th\u00e8me WOOCOMMERCE WOOCOMMERCE GOSTORE GOSTORE .<\/p>\n<ul>\n<li>Design \u00e9l\u00e9gant et moderne avec des options personnalisables<\/li>\n<li>Compatible avec Elementor Page Builder pour une personnalisation facile<\/li>\n<li>Int\u00e9gration avec WooCommerce pour la fonctionnalit\u00e9 du commerce \u00e9lectronique<\/li>\n<li>Conception enti\u00e8rement r\u00e9active pour un affichage optimal sur tous les appareils<\/li>\n<li>Plusieurs dispositions pr\u00e9-con\u00e7ues pour les pages, les articles de blog et les pages de produits<\/li>\n<li>Filtres de produit int\u00e9gr\u00e9s et options de tri pour la navigation facile<\/li>\n<li>Int\u00e9gration facile avec les passerelles de paiement populaires et les options d&rsquo;exp\u00e9dition<\/li>\n<li>Optimisation de SEO int\u00e9gr\u00e9e pour am\u00e9liorer le classement des moteurs de recherche<\/li>\n<li>Documentation compl\u00e8te et support client pour une configuration et un d\u00e9pannage faciles.<\/li>\n<\/ul>\n","protected":false},"excerpt":{"rendered":"<p>Le th\u00e8me WordPress de Gostore Elementor WooCommerce poss\u00e8de un niveau de fonctionnalit\u00e9 exceptionnel, servant de solution de boutique en ligne extr\u00eamement efficace m\u00e9ticuleusement pour \u00e9lever votre potentiel de vente \u00e0 des hauteurs sans pr\u00e9c\u00e9dent. Gr\u00e2ce \u00e0 son \u00e9ventail exceptionnel de fonctionnalit\u00e9s de pointe, \u00e0 une esth\u00e9tique de conception contemporaine et \u00e0 une interface utilisateur navigable sans effort, vous pouvez pr\u00e9senter sans effort votre gamme de produits expansive dans le style le plus grand, tout en garantissant une exp\u00e9rience d&rsquo;achat sans pr\u00e9c\u00e9dent pour votre client\u00e8le estim\u00e9e. Que vous vous retrouviez \u00e0 se lancer dans la cr\u00e9ation d&rsquo;une nouvelle boutique en ligne ou que vous cherchiez avec impatience \u00e0 r\u00e9organiser votre pr\u00e9existant, ce th\u00e8me exceptionnel sert de solution par excellence, r\u00e9pondant avec comp\u00e9tence \u00e0 tous vos besoins. Par cons\u00e9quent, en rationalisant de mani\u00e8re transparente vos processus op\u00e9rationnels, vous \u00eates assur\u00e9 de voir votre boutique en ligne monter dans des domaines de succ\u00e8s tout \u00e0 fait inexploit\u00e9s, soutenu par les pouvoirs transformateurs de Gostore.<\/p>\n","protected":false},"featured_media":144040,"comment_status":"open","ping_status":"open","template":"","meta":[],"product_brand":[2433],"product_cat":[1238,1851,1212],"product_tag":[1366],"class_list":{"0":"post-116737","1":"product","2":"type-product","3":"status-publish","4":"has-post-thumbnail","6":"product_brand-themeforest","7":"product_cat-commerce-electronique-themes","8":"product_cat-entreprise-commerce-electronique-themes","9":"product_cat-themes","10":"product_tag-themeforest","11":"member-discount","12":"discount-restricted","14":"first","15":"instock","16":"sale","17":"downloadable","18":"virtual","19":"sold-individually","20":"purchasable","21":"product-type-simple"},"_links":{"self":[{"href":"https:\/\/gpl-love.com\/fr\/wp-json\/wp\/v2\/product\/116737","targetHints":{"allow":["GET"]}}],"collection":[{"href":"https:\/\/gpl-love.com\/fr\/wp-json\/wp\/v2\/product"}],"about":[{"href":"https:\/\/gpl-love.com\/fr\/wp-json\/wp\/v2\/types\/product"}],"replies":[{"embeddable":true,"href":"https:\/\/gpl-love.com\/fr\/wp-json\/wp\/v2\/comments?post=116737"}],"wp:featuredmedia":[{"embeddable":true,"href":"https:\/\/gpl-love.com\/fr\/wp-json\/wp\/v2\/media\/144040"}],"wp:attachment":[{"href":"https:\/\/gpl-love.com\/fr\/wp-json\/wp\/v2\/media?parent=116737"}],"wp:term":[{"taxonomy":"product_brand","embeddable":true,"href":"https:\/\/gpl-love.com\/fr\/wp-json\/wp\/v2\/product_brand?post=116737"},{"taxonomy":"product_cat","embeddable":true,"href":"https:\/\/gpl-love.com\/fr\/wp-json\/wp\/v2\/product_cat?post=116737"},{"taxonomy":"product_tag","embeddable":true,"href":"https:\/\/gpl-love.com\/fr\/wp-json\/wp\/v2\/product_tag?post=116737"}],"curies":[{"name":"wp","href":"https:\/\/api.w.org\/{rel}","templated":true}]}}