{"id":116735,"date":"2021-08-05T00:00:00","date_gmt":"2021-08-04T22:00:00","guid":{"rendered":"http:\/\/gpl-love.com\/fr\/produit\/gravity-forms-google-spreadsheet-addon\/"},"modified":"2026-03-20T23:17:50","modified_gmt":"2026-03-20T22:17:50","slug":"gravity-forms-google-spreadsheet-addon","status":"publish","type":"product","link":"https:\/\/gpl-love.com\/fr\/produit\/gravity-forms-google-spreadsheet-addon\/","title":{"rendered":"Gravity Forms Google Spreadsheet Addon 4.2"},"content":{"rendered":"<h3>Gravity Forms Google Spreadsheet Addon Traits<\/h3>\n<p>L&rsquo;addition de feuille de calcul Google de Gravity Forms Google, un outil tr\u00e8s robuste et efficace, a \u00e9t\u00e9 d\u00e9lib\u00e9r\u00e9ment d\u00e9velopp\u00e9 pour am\u00e9liorer et rationaliser la collecte et l&rsquo;organisation des donn\u00e9es, simplifiant ainsi les t\u00e2ches associ\u00e9es. En int\u00e9grant de mani\u00e8re transparente les donn\u00e9es des formulaires Gravity avec Google Sheets, cet addon facilite l&rsquo;importation automatique des entr\u00e9es de formulaire fra\u00eechement soumises dans une feuille de calcul d\u00e9sign\u00e9e. Par cons\u00e9quent, le processus de saisie des donn\u00e9es manuels ardu et sujet aux erreurs devient obsol\u00e8te, conduisant ainsi \u00e0 une r\u00e9duction des erreurs et \u00e0 des \u00e9conomies de temps substantielles. De plus, en raison de ses fonctionnalit\u00e9s personnalisables concernant la cartographie et la planification des donn\u00e9es, les utilisateurs peuvent adapter sans effort l&rsquo;int\u00e9gration pour r\u00e9pondre \u00e0 leurs exigences individuelles. Ind\u00e9niablement, la gravit\u00e9 des formulaires de calcul Google repr\u00e9sente un atout indispensable pour les entreprises et les organisations cherchant \u00e0 optimiser leurs proc\u00e9dures de gestion des donn\u00e9es.<\/p>\n<ul>\n<li>Int\u00e8gre de mani\u00e8re transparente les formulaires de gravit\u00e9 avec Google Sheets pour la gestion des donn\u00e9es rationalis\u00e9es<\/li>\n<li>Permet aux utilisateurs de cr\u00e9er facilement de nouvelles feuilles de calcul \u00e0 partir de leur compte de formulaires de gravit\u00e9<\/li>\n<li>Envoie automatiquement des donn\u00e9es de formulaire aux feuilles Google d\u00e9sign\u00e9es lors de la soumission<\/li>\n<li>Param\u00e8tres personnalisables pour incorporer des champs de formulaire sp\u00e9cifiques dans la feuille de calcul<\/li>\n<li>La synchronisation des donn\u00e9es en temps r\u00e9el garantit que les informations \u00e0 jour sont toujours refl\u00e9t\u00e9es dans la forme et la feuille de calcul<\/li>\n<li>Compatible avec les comptes Google personnels et commerciaux<\/li>\n<li>Fournit un acc\u00e8s s\u00e9curis\u00e9 aux donn\u00e9es sensibles via le processus d&rsquo;authentification \u00e0 deux facteurs de Google<\/li>\n<li>Interface conviviale pour une configuration et une gestion faciles<\/li>\n<li>Des fonctionnalit\u00e9s robustes telles que le filtrage avanc\u00e9, le tri et la mise en forme conditionnelle pour manipuler et analyser les donn\u00e9es<\/li>\n<li>Id\u00e9al pour les entreprises qui cherchent \u00e0 gagner du temps et \u00e0 am\u00e9liorer la pr\u00e9cision des donn\u00e9es en automatisant les processus de saisie des donn\u00e9es manuelles.<\/li>\n<\/ul>\n","protected":false},"excerpt":{"rendered":"<p>L&rsquo;addition de feuille de calcul Google Forms Google est un outil incroyablement robuste et efficace qui vous fournit l&rsquo;int\u00e9gration transparente dont vous avez besoin afin d&rsquo;interagir efficacement avec Google Sheets. En utilisant cet addon exceptionnel, vous \u00eates en mesure de transf\u00e9rer sans effort et rapidement les donn\u00e9es pr\u00e9cieuses que vous avez collect\u00e9es gr\u00e2ce \u00e0 l&rsquo;utilisation des formulaires de gravit\u00e9 directement sur votre compte Google Sheets. Cette fonctionnalit\u00e9 inestimable est extr\u00eamement avantageuse car elle optimise et rationalise consid\u00e9rablement votre flux de travail, vous accordant la possibilit\u00e9 d&rsquo;acc\u00e9der facilement \u00e0 toutes vos donn\u00e9es de forme essentielle dans un seul emplacement centralis\u00e9. Que vous soyez exploit\u00e9 une petite entreprise modeste ou que vous supervisez les op\u00e9rations d&rsquo;une organisation substantielle, la gravit\u00e9 Forms de feuille de calcul Google est une ressource indispensable qui est certain d&rsquo;am\u00e9liorer votre productivit\u00e9 et de vous permettre d&rsquo;accomplir efficacement plus dans un temps consid\u00e9rablement moins.<\/p>\n","protected":false},"featured_media":144071,"comment_status":"open","ping_status":"open","template":"","meta":[],"product_brand":[2435],"product_cat":[1187,1181,1186],"product_tag":[1231],"class_list":{"0":"post-116735","1":"product","2":"type-product","3":"status-publish","4":"has-post-thumbnail","6":"product_brand-codecanyon","7":"product_cat-administration-wordpress-plugins","8":"product_cat-plugins","9":"product_cat-wordpress-plugins","10":"product_tag-codecanyon","11":"member-discount","12":"discount-restricted","14":"first","15":"instock","16":"sale","17":"downloadable","18":"virtual","19":"sold-individually","20":"purchasable","21":"product-type-simple"},"_links":{"self":[{"href":"https:\/\/gpl-love.com\/fr\/wp-json\/wp\/v2\/product\/116735","targetHints":{"allow":["GET"]}}],"collection":[{"href":"https:\/\/gpl-love.com\/fr\/wp-json\/wp\/v2\/product"}],"about":[{"href":"https:\/\/gpl-love.com\/fr\/wp-json\/wp\/v2\/types\/product"}],"replies":[{"embeddable":true,"href":"https:\/\/gpl-love.com\/fr\/wp-json\/wp\/v2\/comments?post=116735"}],"wp:featuredmedia":[{"embeddable":true,"href":"https:\/\/gpl-love.com\/fr\/wp-json\/wp\/v2\/media\/144071"}],"wp:attachment":[{"href":"https:\/\/gpl-love.com\/fr\/wp-json\/wp\/v2\/media?parent=116735"}],"wp:term":[{"taxonomy":"product_brand","embeddable":true,"href":"https:\/\/gpl-love.com\/fr\/wp-json\/wp\/v2\/product_brand?post=116735"},{"taxonomy":"product_cat","embeddable":true,"href":"https:\/\/gpl-love.com\/fr\/wp-json\/wp\/v2\/product_cat?post=116735"},{"taxonomy":"product_tag","embeddable":true,"href":"https:\/\/gpl-love.com\/fr\/wp-json\/wp\/v2\/product_tag?post=116735"}],"curies":[{"name":"wp","href":"https:\/\/api.w.org\/{rel}","templated":true}]}}