{"id":116733,"date":"2023-06-04T00:00:00","date_gmt":"2023-06-03T22:00:00","guid":{"rendered":"http:\/\/gpl-love.com\/fr\/produit\/mediabay-wordpress-media-library-folders\/"},"modified":"2026-03-20T23:24:10","modified_gmt":"2026-03-20T22:24:10","slug":"mediabay-wordpress-media-library-folders","status":"publish","type":"product","link":"https:\/\/gpl-love.com\/fr\/produit\/mediabay-wordpress-media-library-folders\/","title":{"rendered":"Mediabay WordPress Media Library Folders 1.4"},"content":{"rendered":"<h3>Mediabay WordPress Media Library Folders Traits<\/h3>\n<p>Les dossiers de la biblioth\u00e8que de m\u00e9dias MediaBay WordPress sont un outil incroyablement robuste et efficace qui am\u00e9liore consid\u00e9rablement la gestion des m\u00e9dias dans WordPress, offrant un niveau d&rsquo;organisation et d&rsquo;assistance accrus. En utilisant ce plugin exceptionnel, les utilisateurs ont la possibilit\u00e9 de cr\u00e9er sans effort des dossiers distingu\u00e9s au sein de leur biblioth\u00e8que de m\u00e9dias, en cat\u00e9gorisant efficacement leurs images, vid\u00e9os et divers autres fichiers en fonction de leurs pr\u00e9f\u00e9rences personnelles et de leurs classifications souhait\u00e9es. Cette caract\u00e9ristique inestimable \u00e9limine consid\u00e9rablement le chaos et le trouble qui affligent souvent une biblioth\u00e8que de m\u00e9dias non organis\u00e9e, ce qui entra\u00eene finalement des \u00e9conomies de temps et d&rsquo;\u00e9nergie substantielles lors de la recherche de fichiers sp\u00e9cifiques au besoin. En outre, les capacit\u00e9s extraordinaires des dossiers de biblioth\u00e8que de m\u00e9dias MediaBay WordPress s&rsquo;\u00e9tendent au-del\u00e0 de la cat\u00e9gorisation simple, car les utilisateurs ont \u00e9galement la commodit\u00e9 de t\u00e9l\u00e9charger plusieurs fichiers simultan\u00e9ment, une fonctionnalit\u00e9 incroyablement pratique et \u00e9conome en temps. De plus, le plugin permet la gestion transparente des fichiers et des dossiers, permettant aux utilisateurs de man\u0153uvrer, renommer ou supprimer sans effort les fichiers et les dossiers comme souhait\u00e9. Sans aucun doute, ce plugin est une n\u00e9cessit\u00e9 absolue pour ceux qui s&rsquo;appuient fortement sur les fichiers multim\u00e9dias dans leurs sites Web WordPress, car il rationalise et optimise parfaitement l&rsquo;ensemble du processus de gestion des m\u00e9dias.<\/p>\n<ul>\n<li>Organisez votre biblioth\u00e8que de m\u00e9dias WordPress avec des dossiers<\/li>\n<li>Gagnez du temps et de la frustration avec un acc\u00e8s facile \u00e0 vos fichiers multim\u00e9dias<\/li>\n<li>Faites glisser et d\u00e9posez les fichiers dans des dossiers pour une organisation efficace<\/li>\n<li>Cr\u00e9ez des dossiers illimit\u00e9s pour r\u00e9pondre \u00e0 vos besoins sp\u00e9cifiques<\/li>\n<li>Gardez votre biblioth\u00e8que de m\u00e9dias bien rang\u00e9e et sans encombre<\/li>\n<li>Trouvez les fichiers dont vous avez besoin rapidement avec l&rsquo;organisation rationalis\u00e9e<\/li>\n<li>Compatible avec n&rsquo;importe quel th\u00e8me et plugin WordPress<\/li>\n<li>Aucune expertise de codage ou technique requise<\/li>\n<li>Am\u00e9liorer l&rsquo;efficacit\u00e9 de votre site Web avec les fichiers multim\u00e9dias organis\u00e9s<\/li>\n<li>Recevez des mises \u00e0 jour et du soutien d&rsquo;une \u00e9quipe de d\u00e9veloppeurs d\u00e9di\u00e9s.<\/li>\n<\/ul>\n","protected":false},"excerpt":{"rendered":"<p>MediaBay, un plugin WordPress remarquable, augmente consid\u00e9rablement votre biblioth\u00e8que de m\u00e9dias, vous permettant de classer m\u00e9ticuleusement vos fichiers en dossiers distincts pour une gestion sans effort et efficace. Gr\u00e2ce \u00e0 l&rsquo;utilisation de MediaBay, vous poss\u00e9dez la capacit\u00e9 de g\u00e9n\u00e9rer, de renommer et d&rsquo;\u00e9liminer sans effort les dossiers, ainsi que de d\u00e9placer de mani\u00e8re transparente des fichiers entre les dossiers, tous accomplis en quelques clics rapides. De plus, ce plugin exceptionnel englobe un m\u00e9canisme de recherche et de filtrage robuste, garantissant un processus transparent de localisation de l&rsquo;image, de la vid\u00e9o ou du document pr\u00e9cis que vous recherchez. Offrez des adieux \u00e0 une biblioth\u00e8que de m\u00e9dias d\u00e9sordonn\u00e9e et chaotique et inaugurez une nouvelle \u00e8re d&rsquo;organisation sans effort avec les capacit\u00e9s in\u00e9gal\u00e9es de Medibay.<\/p>\n","protected":false},"featured_media":144484,"comment_status":"open","ping_status":"open","template":"","meta":[],"product_brand":[2435],"product_cat":[1187,1181,1186],"product_tag":[1231],"class_list":{"0":"post-116733","1":"product","2":"type-product","3":"status-publish","4":"has-post-thumbnail","6":"product_brand-codecanyon","7":"product_cat-administration-wordpress-plugins","8":"product_cat-plugins","9":"product_cat-wordpress-plugins","10":"product_tag-codecanyon","11":"member-discount","12":"discount-restricted","14":"first","15":"instock","16":"sale","17":"downloadable","18":"virtual","19":"sold-individually","20":"purchasable","21":"product-type-simple"},"_links":{"self":[{"href":"https:\/\/gpl-love.com\/fr\/wp-json\/wp\/v2\/product\/116733","targetHints":{"allow":["GET"]}}],"collection":[{"href":"https:\/\/gpl-love.com\/fr\/wp-json\/wp\/v2\/product"}],"about":[{"href":"https:\/\/gpl-love.com\/fr\/wp-json\/wp\/v2\/types\/product"}],"replies":[{"embeddable":true,"href":"https:\/\/gpl-love.com\/fr\/wp-json\/wp\/v2\/comments?post=116733"}],"wp:featuredmedia":[{"embeddable":true,"href":"https:\/\/gpl-love.com\/fr\/wp-json\/wp\/v2\/media\/144484"}],"wp:attachment":[{"href":"https:\/\/gpl-love.com\/fr\/wp-json\/wp\/v2\/media?parent=116733"}],"wp:term":[{"taxonomy":"product_brand","embeddable":true,"href":"https:\/\/gpl-love.com\/fr\/wp-json\/wp\/v2\/product_brand?post=116733"},{"taxonomy":"product_cat","embeddable":true,"href":"https:\/\/gpl-love.com\/fr\/wp-json\/wp\/v2\/product_cat?post=116733"},{"taxonomy":"product_tag","embeddable":true,"href":"https:\/\/gpl-love.com\/fr\/wp-json\/wp\/v2\/product_tag?post=116733"}],"curies":[{"name":"wp","href":"https:\/\/api.w.org\/{rel}","templated":true}]}}