{"id":116730,"date":"2026-04-16T00:00:00","date_gmt":"2026-04-15T22:00:00","guid":{"rendered":"http:\/\/gpl-love.com\/fr\/produit\/wp-offload-media-wordpress-media-to-amazon-s3\/"},"modified":"2026-04-17T00:31:23","modified_gmt":"2026-04-16T22:31:23","slug":"wp-offload-media-wordpress-media-to-amazon-s3","status":"publish","type":"product","link":"https:\/\/gpl-love.com\/fr\/produit\/wp-offload-media-wordpress-media-to-amazon-s3\/","title":{"rendered":"WP Offload Media WordPress Media to Amazon S3 3.3.1"},"content":{"rendered":"<h3>WP Offload Media WordPress Media to Amazon S3 Traits<\/h3>\n<p>WP Offload Media, un plugin WordPress tr\u00e8s robuste et efficace, pr\u00e9sente aux utilisateurs une avenue pratique pour transf\u00e9rer sans effort leurs fichiers multim\u00e9dias vers l&rsquo;Amazon S3 estim\u00e9. En configurant simplement les param\u00e8tres du plugin, les individus peuvent efficacement d\u00e9charger et d\u00e9placer efficacement leurs images, leurs vid\u00e9os et leurs divers m\u00e9dias vers le cloud, lib\u00e9rant ainsi une capacit\u00e9 de stockage substantielle sur leurs serveurs de sites Web respectifs. Ce plugin ing\u00e9nieux \u00e9tablit sans effort l&rsquo;int\u00e9gration transparente avec Amazon S3, accordant ainsi aux utilisateurs une capacit\u00e9 in\u00e9gal\u00e9e \u00e0 g\u00e9rer sans effort leurs fichiers multim\u00e9dias directement dans les limites famili\u00e8res de leur tableau de bord WordPress. De plus, WP Offload Media poss\u00e8de un tableau de fonctionnalit\u00e9s avanc\u00e9es, telles que l&rsquo;optimisation automatique et la compression des images, en plus de la prise en charge compl\u00e8te de plusieurs seaux Amazon S3. Ainsi, en exploitant les capacit\u00e9s des supports de d\u00e9chargement de WP, les utilisateurs sont in\u00e9vitablement en mesure d&rsquo;am\u00e9liorer tangiblement les performances et l&rsquo;\u00e9volutivit\u00e9 globales de leur site Web, en veillant \u00e0 ce que leurs fichiers multim\u00e9dias cruciaux soient stock\u00e9s de mani\u00e8re s\u00e9curis\u00e9e, facilement accessibles \u00e0 tout moment.<\/p>\n<ul>\n<li>Rationalisez votre site WordPress en d\u00e9chargeant les fichiers multim\u00e9dias vers Amazon S3<\/li>\n<li>Alimenter la vitesse de chargement de votre site et r\u00e9duire les temps d&rsquo;arr\u00eat caus\u00e9s par la surcharge des m\u00e9dias<\/li>\n<li>Profitez d&rsquo;un stockage illimit\u00e9, d&rsquo;une vitesse \u00e9lev\u00e9e et d&rsquo;une fiabilit\u00e9 avec Amazon S3<\/li>\n<li>Le plugin synchronise automatiquement vos fichiers multim\u00e9dias sur Amazon S3 \u00e0 des fins de sauvegarde, r\u00e9duisant le risque de perte de donn\u00e9es<\/li>\n<li>Exp\u00e9rience utilisateur am\u00e9lior\u00e9e avec des images, des vid\u00e9os et d&rsquo;autres fichiers multim\u00e9dias de chargement plus rapide<\/li>\n<li>Installation, configuration et configuration faciles en quelques minutes<\/li>\n<li>Contr\u00f4les d&rsquo;acc\u00e8s flexibles et param\u00e8tres d&rsquo;autorisations pour g\u00e9rer votre seau de stockage S3<\/li>\n<li>Int\u00e9gration avec d&rsquo;autres plugins WordPress populaires, notamment WooCommerce, les formulaires de gravit\u00e9 et les t\u00e9l\u00e9chargements num\u00e9riques faciles<\/li>\n<li>Des fonctionnalit\u00e9s avanc\u00e9es comme les webhooks et la prise en charge multisite pour l&rsquo;\u00e9volutivit\u00e9 et les d\u00e9ploiements complexes<\/li>\n<li>Support amical des d\u00e9veloppeurs de plugins WordPress exp\u00e9riment\u00e9s \u00e0 Delicious Brains<\/li>\n<\/ul>\n","protected":false},"excerpt":{"rendered":"<p>WP Offload Media est un plugin tr\u00e8s robuste et efficace sp\u00e9cialement con\u00e7u pour WordPress, facilitant le transfert sans effort et sans couture de chaque fichier multim\u00e9dia associ\u00e9 \u00e0 votre site Web vers le stockage cloud Amazon S3 \u00e9tendu et s\u00e9curis\u00e9. Cette fonction ph\u00e9nom\u00e9nale aide non seulement \u00e0 pr\u00e9server l&rsquo;espace serveur crucial, mais am\u00e9liore \u00e9galement consid\u00e9rablement les temps de chargement de votre site Web bien-aim\u00e9. Le plugin va au-del\u00e0 et au-del\u00e0 de la gestion efficace et automatiquement et automatiquement de tous les transferts de fichiers, tout en int\u00e9grant de mani\u00e8re transparente avec des plugins WordPress exceptionnellement populaires tels que WooCommerce et des formulaires de gravit\u00e9. WP Offload Media est votre solution ultime pour g\u00e9rer sans effort votre biblioth\u00e8que de m\u00e9dias, sauvegarder sans effort vos fichiers inestimables et stocker tout votre contenu inestimable dans une plate-forme cloud exceptionnellement fiable, \u00e9volutive et technologiquement avanc\u00e9e fournie par Amazon S3.<\/p>\n","protected":false},"featured_media":146181,"comment_status":"open","ping_status":"open","template":"","meta":[],"product_brand":[2725],"product_cat":[1203,1181,1186],"product_tag":[1539],"class_list":{"0":"post-116730","1":"product","2":"type-product","3":"status-publish","4":"has-post-thumbnail","6":"product_brand-deliciousbrains","7":"product_cat-performance","8":"product_cat-plugins","9":"product_cat-wordpress-plugins","10":"product_tag-deliciousbrains","11":"member-discount","12":"discount-restricted","14":"first","15":"instock","16":"sale","17":"downloadable","18":"virtual","19":"sold-individually","20":"purchasable","21":"product-type-simple"},"_links":{"self":[{"href":"https:\/\/gpl-love.com\/fr\/wp-json\/wp\/v2\/product\/116730","targetHints":{"allow":["GET"]}}],"collection":[{"href":"https:\/\/gpl-love.com\/fr\/wp-json\/wp\/v2\/product"}],"about":[{"href":"https:\/\/gpl-love.com\/fr\/wp-json\/wp\/v2\/types\/product"}],"replies":[{"embeddable":true,"href":"https:\/\/gpl-love.com\/fr\/wp-json\/wp\/v2\/comments?post=116730"}],"wp:featuredmedia":[{"embeddable":true,"href":"https:\/\/gpl-love.com\/fr\/wp-json\/wp\/v2\/media\/146181"}],"wp:attachment":[{"href":"https:\/\/gpl-love.com\/fr\/wp-json\/wp\/v2\/media?parent=116730"}],"wp:term":[{"taxonomy":"product_brand","embeddable":true,"href":"https:\/\/gpl-love.com\/fr\/wp-json\/wp\/v2\/product_brand?post=116730"},{"taxonomy":"product_cat","embeddable":true,"href":"https:\/\/gpl-love.com\/fr\/wp-json\/wp\/v2\/product_cat?post=116730"},{"taxonomy":"product_tag","embeddable":true,"href":"https:\/\/gpl-love.com\/fr\/wp-json\/wp\/v2\/product_tag?post=116730"}],"curies":[{"name":"wp","href":"https:\/\/api.w.org\/{rel}","templated":true}]}}