{"id":116728,"date":"2022-03-25T00:00:00","date_gmt":"2022-03-24T23:00:00","guid":{"rendered":"http:\/\/gpl-love.com\/fr\/produit\/wp-table-builder-pro\/"},"modified":"2026-03-20T23:50:56","modified_gmt":"2026-03-20T22:50:56","slug":"wp-table-builder-pro","status":"publish","type":"product","link":"https:\/\/gpl-love.com\/fr\/produit\/wp-table-builder-pro\/","title":{"rendered":"WP Table Builder Pro 1.3.9"},"content":{"rendered":"<h3>WP Table Builder Pro Traits<\/h3>\n<p>WP Table Builder Pro est un plugin incroyablement robuste et tr\u00e8s efficace qui donne aux utilisateurs la possibilit\u00e9 de construire sans effort des tables pour leurs sites Web WordPress. Ce plugin exceptionnel pr\u00e9sente une interface de glisser-d\u00e9poser remarquablement conviviale, permettant aux utilisateurs d&rsquo;incorporer de mani\u00e8re transparente une multitude d&rsquo;\u00e9l\u00e9ments, tels que des colonnes, des lignes et des cellules, dans leurs tableaux avec la plus grande facilit\u00e9 et l&rsquo;efficacit\u00e9. En plus de ses fonctionnalit\u00e9s remarquables, ce plugin fournit \u00e9galement aux utilisateurs un large \u00e9ventail de mod\u00e8les personnalisables qui peuvent \u00eatre adapt\u00e9s sans effort pour s&rsquo;aligner parfaitement sur le design et l&rsquo;esth\u00e9tique uniques de tout site Web. De plus, les utilisateurs ont \u00e9galement la capacit\u00e9 inestimable d&rsquo;importer des donn\u00e9es directement depuis Excel ou Google Sheets, rationalisant efficacement le processus potentiellement ardu de la saisie des donn\u00e9es, garantissant qu&rsquo;il est rapide, efficace et exceptionnellement sans tracas. En outre, il est de la plus haute importance de noter que ce plugin est non seulement enti\u00e8rement r\u00e9actif, garantissant ainsi que les tables semblent impeccablement format\u00e9es sur tous les appareils, mais il poss\u00e8de \u00e9galement une gamme impressionnante de fonctionnalit\u00e9s suppl\u00e9mentaires, y compris la capacit\u00e9 de tri et de filtrage. En tant que tel, il s&rsquo;agit vraiment d&rsquo;un outil indispensable pour un large \u00e9ventail de personnes, qu&rsquo;ils soient des professionnels, des entrepreneurs ou m\u00eame des blogueurs occasionnels, qui ont besoin d&rsquo;un moyen fiable pour pr\u00e9senter leurs donn\u00e9es d&rsquo;une mani\u00e8re impeccablement propre et m\u00e9ticuleusement organis\u00e9e.<\/p>\n<ul>\n<li>Cr\u00e9ez facilement des tables r\u00e9actives dans WordPress avec WP Table Builder Pro<\/li>\n<li>L&rsquo;interface de glisser-d\u00e9poser vous permet de cr\u00e9er facilement des tables complexes<\/li>\n<li>Personnalisez les dispositions de colonne et de lignes pour r\u00e9pondre \u00e0 vos besoins<\/li>\n<li>Choisissez parmi les mod\u00e8les de table pr\u00e9-con\u00e7us ou cr\u00e9ez le v\u00f4tre \u00e0 partir de z\u00e9ro<\/li>\n<li>Importer des donn\u00e9es \u00e0 partir de fichiers CSV ou de feuilles de calcul Excel<\/li>\n<li>Ajouter des \u00e9l\u00e9ments interactifs comme des bo\u00eetes de recherche, des filtres et des fonctionnalit\u00e9s de tri \u00e0 vos tables<\/li>\n<li>Accessible aux utilisateurs de tous les niveaux techniques, aucun codage requis<\/li>\n<li>Options de style hautement personnalisables pour correspondre \u00e0 la conception de votre site Web<\/li>\n<li>L&rsquo;\u00e9diteur de table int\u00e9gr\u00e9 permet une modification et une mise \u00e0 jour faciles du contenu de la table<\/li>\n<li>Tables d&rsquo;exportation vers des formats PDF, CSV ou Excel pour une gestion facile des donn\u00e9es<\/li>\n<\/ul>\n","protected":false},"excerpt":{"rendered":"<p>En utilisant le WP Table Builder Pro, les individus peuvent construire sans effort des tables de qualit\u00e9 professionnelle. Ce plugin WordPress remarquable offre aux utilisateurs un tableau de fonctionnalit\u00e9s avanc\u00e9es, y compris des fonctionnalit\u00e9s de glisser-d\u00e9poser, de personnaliser les styles et les conceptions et une large gamme d&rsquo;options de disposition flexibles. Que l&rsquo;on n\u00e9cessite la cr\u00e9ation de tables de tarification, de graphiques de comparaison ou de tables de donn\u00e9es, WP Table Builder Pro englobe tous les \u00e9l\u00e9ments n\u00e9cessaires pour produire des tables visuellement captivantes qui am\u00e9lioreront consid\u00e9rablement l&rsquo;exp\u00e9rience utilisateur globale de leur site Web. En outre, gr\u00e2ce \u00e0 son interface conviviale et \u00e0 son processus d&rsquo;installation rapide, ce plugin est accessible \u00e0 quiconque, quel que soit son niveau d&rsquo;expertise technique. Prenez l&rsquo;initiative aujourd&rsquo;hui et donnez \u00e0 WP Table Builder Pro un essai de voir de premi\u00e8re main comment il a le potentiel de transformer compl\u00e8tement la mani\u00e8re dont les informations sont pr\u00e9sent\u00e9es sur votre site Web.<\/p>\n","protected":false},"featured_media":146225,"comment_status":"open","ping_status":"open","template":"","meta":[],"product_brand":[2737],"product_cat":[1189,1181,1186],"product_tag":[2223],"class_list":{"0":"post-116728","1":"product","2":"type-product","3":"status-publish","4":"has-post-thumbnail","6":"product_brand-dotcamp","7":"product_cat-personnalisation","8":"product_cat-plugins","9":"product_cat-wordpress-plugins","10":"product_tag-dotcamp","11":"member-discount","12":"discount-restricted","14":"first","15":"instock","16":"sale","17":"downloadable","18":"virtual","19":"sold-individually","20":"purchasable","21":"product-type-simple"},"_links":{"self":[{"href":"https:\/\/gpl-love.com\/fr\/wp-json\/wp\/v2\/product\/116728","targetHints":{"allow":["GET"]}}],"collection":[{"href":"https:\/\/gpl-love.com\/fr\/wp-json\/wp\/v2\/product"}],"about":[{"href":"https:\/\/gpl-love.com\/fr\/wp-json\/wp\/v2\/types\/product"}],"replies":[{"embeddable":true,"href":"https:\/\/gpl-love.com\/fr\/wp-json\/wp\/v2\/comments?post=116728"}],"wp:featuredmedia":[{"embeddable":true,"href":"https:\/\/gpl-love.com\/fr\/wp-json\/wp\/v2\/media\/146225"}],"wp:attachment":[{"href":"https:\/\/gpl-love.com\/fr\/wp-json\/wp\/v2\/media?parent=116728"}],"wp:term":[{"taxonomy":"product_brand","embeddable":true,"href":"https:\/\/gpl-love.com\/fr\/wp-json\/wp\/v2\/product_brand?post=116728"},{"taxonomy":"product_cat","embeddable":true,"href":"https:\/\/gpl-love.com\/fr\/wp-json\/wp\/v2\/product_cat?post=116728"},{"taxonomy":"product_tag","embeddable":true,"href":"https:\/\/gpl-love.com\/fr\/wp-json\/wp\/v2\/product_tag?post=116728"}],"curies":[{"name":"wp","href":"https:\/\/api.w.org\/{rel}","templated":true}]}}