{"id":116724,"date":"2022-04-03T00:00:00","date_gmt":"2022-04-02T22:00:00","guid":{"rendered":"http:\/\/gpl-love.com\/fr\/produit\/woocommerce-product-builder\/"},"modified":"2026-04-10T18:47:59","modified_gmt":"2026-04-10T16:47:59","slug":"woocommerce-product-builder","status":"publish","type":"product","link":"https:\/\/gpl-love.com\/fr\/produit\/woocommerce-product-builder\/","title":{"rendered":"WooCommerce Product Builder 2.1.5"},"content":{"rendered":"<h3>WooCommerce Product Builder Traits<\/h3>\n<p>Le constructeur de produits WooCommerce est un outil extr\u00eamement puissant et robuste qui donne aux utilisateurs la possibilit\u00e9 de fabriquer et de modeler des produits personnalis\u00e9s dans leur magasin WooCommerce. En utilisant ce plugin ing\u00e9nieux, les utilisateurs sont capables d&rsquo;augmenter et de configurer divers attributs de produits, tels que des teintes, des dimensions, des illustrations et m\u00eame des prix. L&rsquo;interface de glisser-d\u00e9poser navigable sans effort simplifie consid\u00e9rablement le processus de personnalisation des produits, tandis que l&rsquo;inclusion de la logique conditionnelle garantit que les clients ont exclusivement acc\u00e8s \u00e0 des options viables et l\u00e9gitimes. En outre, ce plugin facilite en outre les utilisateurs dans l&rsquo;\u00e9tablissement et la mise en \u0153uvre de remises et de promotions sp\u00e9cifiquement adapt\u00e9es \u00e0 des attributs de produits distincts, en plus de la cr\u00e9ation de faisceaux de produits. En r\u00e9sum\u00e9, il est sans \u00e9quivoque \u00e9vident que le constructeur de produits WooCommerce est un outil indispensable et requis pour tout magasin WooCommerce aspirant \u00e0 fournir \u00e0 leurs pr\u00e9cieux clients des produits sur mesure et sur mesure.<\/p>\n<ul>\n<li>Cr\u00e9ation de produits flexibles: cr\u00e9ez des produits personnalis\u00e9s avec plusieurs options et variations pour r\u00e9pondre aux besoins des clients.<\/li>\n<li>Personnalisation des produits faciles: permettez aux clients de construire leurs propres produits avec une interface de constructeur convivial.<\/li>\n<li>Gestion simplifi\u00e9e des stocks: Gardez une trace de votre inventaire avec des mises \u00e0 jour de stock automatiques en fonction des options de produit et des variations.<\/li>\n<li>Options de tarification compl\u00e8tes: fixez les prix pour chaque option et variation, vous permettant de cr\u00e9er des produits personnalisables pour diff\u00e9rents budgets.<\/li>\n<li>Gestion des commandes rationalis\u00e9es: vous pouvez facilement afficher et ex\u00e9cuter les commandes contenant des produits personnalis\u00e9s, avec toutes les options et variations affich\u00e9es clairement.<\/li>\n<li>Engagement accru des clients: en permettant aux clients de construire leurs propres produits personnalis\u00e9s, vous pouvez offrir une exp\u00e9rience d&rsquo;achat plus engageante et personnalis\u00e9e.<\/li>\n<li>Compatible avec WooCommerce: ce plugin fonctionne en harmonie avec WooCommerce, vous pouvez donc tout g\u00e9rer en un seul endroit.<\/li>\n<\/ul>\n","protected":false},"excerpt":{"rendered":"<p>Nous sommes ravis de pr\u00e9senter le constructeur de produits WooCommerce, une solution tr\u00e8s efficace con\u00e7ue pour faciliter la cr\u00e9ation de produits personnalis\u00e9s et personnalis\u00e9s pour votre boutique en ligne. Cet outil remarquable permet \u00e0 vos clients de construire leurs propres produits distincts en s\u00e9lectionnant dans une vaste gamme d&rsquo;options, de fonctionnalit\u00e9s et de personnalisations. Avec son interface conviviale et ses fonctionnalit\u00e9s de glisser-d\u00e9poser de mani\u00e8re transparente, le constructeur de produits WooCommerce vous accorde une autorit\u00e9 in\u00e9gal\u00e9e sur l&rsquo;esth\u00e9tique et la pr\u00e9sentation globale de votre marchandise, tout en offrant une exp\u00e9rience interactive et captivante \u00e0 votre pr\u00e9cieux client\u00e8le. Que vous vous sp\u00e9cialisiez dans la vente de t-shirts, de tasses ou m\u00eame de bijoux sur mesure, le constructeur de produits WooCommerce est un atout indispensable pour augmenter vos efforts de commerce \u00e9lectronique. Nous vous encourageons \u00e0 saisir cette opportunit\u00e9 et \u00e0 adopter le constructeur de produits WooCommerce aujourd&rsquo;hui, car sa mise en \u0153uvre est certain de propulser vos ventes \u00e0 des hauteurs sans pr\u00e9c\u00e9dent.<\/p>\n","protected":false},"featured_media":145979,"comment_status":"open","ping_status":"open","template":"","meta":[],"product_brand":[2435],"product_cat":[1189,1181,1186],"product_tag":[1231],"class_list":{"0":"post-116724","1":"product","2":"type-product","3":"status-publish","4":"has-post-thumbnail","6":"product_brand-codecanyon","7":"product_cat-personnalisation","8":"product_cat-plugins","9":"product_cat-wordpress-plugins","10":"product_tag-codecanyon","11":"member-discount","12":"discount-restricted","14":"first","15":"instock","16":"sale","17":"downloadable","18":"virtual","19":"sold-individually","20":"purchasable","21":"product-type-simple"},"_links":{"self":[{"href":"https:\/\/gpl-love.com\/fr\/wp-json\/wp\/v2\/product\/116724","targetHints":{"allow":["GET"]}}],"collection":[{"href":"https:\/\/gpl-love.com\/fr\/wp-json\/wp\/v2\/product"}],"about":[{"href":"https:\/\/gpl-love.com\/fr\/wp-json\/wp\/v2\/types\/product"}],"replies":[{"embeddable":true,"href":"https:\/\/gpl-love.com\/fr\/wp-json\/wp\/v2\/comments?post=116724"}],"wp:featuredmedia":[{"embeddable":true,"href":"https:\/\/gpl-love.com\/fr\/wp-json\/wp\/v2\/media\/145979"}],"wp:attachment":[{"href":"https:\/\/gpl-love.com\/fr\/wp-json\/wp\/v2\/media?parent=116724"}],"wp:term":[{"taxonomy":"product_brand","embeddable":true,"href":"https:\/\/gpl-love.com\/fr\/wp-json\/wp\/v2\/product_brand?post=116724"},{"taxonomy":"product_cat","embeddable":true,"href":"https:\/\/gpl-love.com\/fr\/wp-json\/wp\/v2\/product_cat?post=116724"},{"taxonomy":"product_tag","embeddable":true,"href":"https:\/\/gpl-love.com\/fr\/wp-json\/wp\/v2\/product_tag?post=116724"}],"curies":[{"name":"wp","href":"https:\/\/api.w.org\/{rel}","templated":true}]}}