{"id":116720,"date":"2021-08-05T00:00:00","date_gmt":"2021-08-04T22:00:00","guid":{"rendered":"http:\/\/gpl-love.com\/fr\/produit\/intime-business-consulting-wordpress-theme\/"},"modified":"2026-03-20T23:20:29","modified_gmt":"2026-03-20T22:20:29","slug":"intime-business-consulting-wordpress-theme","status":"publish","type":"product","link":"https:\/\/gpl-love.com\/fr\/produit\/intime-business-consulting-wordpress-theme\/","title":{"rendered":"Intime Business Consulting WordPress theme 1.4.1"},"content":{"rendered":"<h3>Intime Business Consulting WordPress theme Traits<\/h3>\n<p>Le th\u00e8me WordPress Intime Business Consulting est une solution esth\u00e9tique et contemporaine pour les entreprises qui cherchent \u00e0 \u00e9tablir une pr\u00e9sence en ligne poli et sophistiqu\u00e9e. B\u00e9n\u00e9ficiant d&rsquo;une conception minimaliste et visuellement attrayante, coupl\u00e9e \u00e0 des fonctionnalit\u00e9s conviviales, ce th\u00e8me s&rsquo;av\u00e8re \u00eatre un choix impeccable pour les soci\u00e9t\u00e9s de conseil, les conseillers financiers et d&rsquo;autres entreprises ax\u00e9es sur les services. Notamment, le th\u00e8me est enti\u00e8rement r\u00e9actif, assurant un affichage transparent et visuellement attrayant sur n&rsquo;importe quel appareil, tout en offrant un large \u00e9ventail d&rsquo;options de personnalisation qui permettent aux utilisateurs de fa\u00e7onner une image de marque distinctive. Des caract\u00e9ristiques importantes de ce th\u00e8me comprennent un assortiment de mod\u00e8les de pages pr\u00e9-con\u00e7us qui s&rsquo;adressent aux services, aux t\u00e9moignages et aux membres de l&rsquo;\u00e9quipe, ainsi qu&rsquo;\u00e0 un constructeur de page de glisser-d\u00e9poser remarquablement pratique qui simplifie le processus de personnalisation. En tirant parti des capacit\u00e9s dynamiques du th\u00e8me WordPress INTIME Business Consulting, les utilisateurs peuvent cr\u00e9er sans effort un site Web extraordinaire qui met impeccablement met en valeur leur expertise et stimule finalement des conversions importantes.<\/p>\n<ul>\n<li>Design \u00e9l\u00e9gant et professionnel sp\u00e9cialement con\u00e7u pour les sites Web de conseil aux entreprises<\/li>\n<li>B\u00e9ducteur de page de glisser-d\u00e9poser et de d\u00e9pression facile \u00e0 utiliser, permettant une personnalisation compl\u00e8te de la mise en page et du contenu<\/li>\n<li>Enti\u00e8rement r\u00e9actif et adapt\u00e9 aux mobiles, assurant une exp\u00e9rience utilisateur transparente sur tous les appareils<\/li>\n<li>Section de portefeuille int\u00e9gr\u00e9e pour pr\u00e9senter le travail et l&rsquo;exp\u00e9rience de votre entreprise<\/li>\n<li>Plusieurs dispositions de page d&rsquo;accueil pr\u00e9-con\u00e7ues au choix, chacune avec des \u00e9l\u00e9ments personnalisables<\/li>\n<li>Int\u00e9gration avec des plugins populaires tels que le formulaire de contact 7 et le r\u00e9f\u00e9rencement Yoast pour une fonctionnalit\u00e9 suppl\u00e9mentaire<\/li>\n<li>Comprend une vari\u00e9t\u00e9 de pages int\u00e9rieures pr\u00e9-con\u00e7ues, y compris \u00e0 propos de nous, de services et de pages d&rsquo;\u00e9quipe<\/li>\n<li>Options pour les sections de blog et d&rsquo;actualit\u00e9s pour maintenir votre public au courant des actualit\u00e9s de l&rsquo;industrie et des id\u00e9es de votre entreprise<\/li>\n<li>Compatibilit\u00e9 avec les principaux navigateurs tels que Chrome, Safari et Firefox pour une exp\u00e9rience de navigation transparente<\/li>\n<li>Mises \u00e0 jour r\u00e9guli\u00e8res et support client pour vous assurer que votre site Web fonctionne bien et efficacement.<\/li>\n<\/ul>\n","protected":false},"excerpt":{"rendered":"<p>Le th\u00e8me WordPress Intime Business Consulting est un th\u00e8me exclusif et contemporain m\u00e9ticuleusement adapt\u00e9 aux entreprises et aux consultants, incorporant un design sophistiqu\u00e9 et poli qui peut \u00eatre adapt\u00e9 \u00e0 vos besoins sp\u00e9cifiques. En utilisant de puissants plugins WordPress tels que Elementor et WooCommerce, vous \u00eates habilit\u00e9 \u00e0 l&rsquo;adaptabilit\u00e9 pour construire une pr\u00e9sence en ligne qui non seulement diffuse des informations pr\u00e9cieuses mais captive et absorbe \u00e9galement votre public. Ce th\u00e8me pr\u00e9sente la r\u00e9activit\u00e9 mobile, les prouesses d&rsquo;optimisation des moteurs de recherche et s&rsquo;accompagne d&rsquo;un \u00e9ventail d&rsquo;options de personnalisation conviviales qui vous accordent une autorit\u00e9 compl\u00e8te sur l&rsquo;esth\u00e9tique et l&rsquo;ambiance de votre site Web. Embarquez dans votre voyage avec le th\u00e8me WordPress Intime Business Consulting et \u00e9levez votre entreprise \u00e0 des hauteurs sans pr\u00e9c\u00e9dent.<\/p>\n","protected":false},"featured_media":144242,"comment_status":"open","ping_status":"open","template":"","meta":[],"product_brand":[2433],"product_cat":[1516,1212,1213],"product_tag":[1366],"class_list":{"0":"post-116720","1":"product","2":"type-product","3":"status-publish","4":"has-post-thumbnail","6":"product_brand-themeforest","7":"product_cat-entreprise","8":"product_cat-themes","9":"product_cat-wordpress-themes","10":"product_tag-themeforest","11":"member-discount","12":"discount-restricted","14":"first","15":"instock","16":"sale","17":"downloadable","18":"virtual","19":"sold-individually","20":"purchasable","21":"product-type-simple"},"_links":{"self":[{"href":"https:\/\/gpl-love.com\/fr\/wp-json\/wp\/v2\/product\/116720","targetHints":{"allow":["GET"]}}],"collection":[{"href":"https:\/\/gpl-love.com\/fr\/wp-json\/wp\/v2\/product"}],"about":[{"href":"https:\/\/gpl-love.com\/fr\/wp-json\/wp\/v2\/types\/product"}],"replies":[{"embeddable":true,"href":"https:\/\/gpl-love.com\/fr\/wp-json\/wp\/v2\/comments?post=116720"}],"wp:featuredmedia":[{"embeddable":true,"href":"https:\/\/gpl-love.com\/fr\/wp-json\/wp\/v2\/media\/144242"}],"wp:attachment":[{"href":"https:\/\/gpl-love.com\/fr\/wp-json\/wp\/v2\/media?parent=116720"}],"wp:term":[{"taxonomy":"product_brand","embeddable":true,"href":"https:\/\/gpl-love.com\/fr\/wp-json\/wp\/v2\/product_brand?post=116720"},{"taxonomy":"product_cat","embeddable":true,"href":"https:\/\/gpl-love.com\/fr\/wp-json\/wp\/v2\/product_cat?post=116720"},{"taxonomy":"product_tag","embeddable":true,"href":"https:\/\/gpl-love.com\/fr\/wp-json\/wp\/v2\/product_tag?post=116720"}],"curies":[{"name":"wp","href":"https:\/\/api.w.org\/{rel}","templated":true}]}}