{"id":116718,"date":"2025-06-03T00:00:00","date_gmt":"2025-06-02T22:00:00","guid":{"rendered":"http:\/\/gpl-love.com\/fr\/produit\/blackhole-pro-wordpress-security-plugin\/"},"modified":"2026-03-20T22:56:22","modified_gmt":"2026-03-20T21:56:22","slug":"blackhole-pro-wordpress-security-plugin","status":"publish","type":"product","link":"https:\/\/gpl-love.com\/fr\/produit\/blackhole-pro-wordpress-security-plugin\/","title":{"rendered":"Blackhole Pro WordPress Security Plugin 3.5.2"},"content":{"rendered":"<h3>Blackhole Pro WordPress Security Plugin Traits<\/h3>\n<p>Le plugin de s\u00e9curit\u00e9 Blackhole Pro WordPress est un outil extr\u00eamement robuste et tout \u00e0 fait fiable, m\u00e9ticuleusement con\u00e7u dans le seul but de prot\u00e9ger votre site Web contre une vaste gamme de cyber-menaces pernicieuses. Ce plugin in\u00e9gal\u00e9 fortifie avec diligence votre site Web estim\u00e9 en obstruant efficacement des robots n\u00e9fastes et des spammeurs pernicieux, contrecarrant efficacement leurs tentatives peu recommandables pour obtenir un acc\u00e8s non autoris\u00e9 \u00e0 votre contenu inestimable et faire des ravages sur votre domaine num\u00e9rique. Ce qui distingue ce plugin de pointe de ses pairs, c&rsquo;est son pare-feu ing\u00e9nieux et in\u00e9gal\u00e9, une v\u00e9ritable merveille technologique qui discerne et bloque rapidement toutes sortes d&rsquo;adresses IP douteuses, garantissant ainsi que seul le trafic le plus fiable et le plus v\u00e9ritable est accord\u00e9 \u00e0 votre entr\u00e9e dans votre Abode num\u00e9rique estim\u00e9e. De plus, le plugin de s\u00e9curit\u00e9 Blackhole Pro WordPress, dans toute sa splendeur in\u00e9gal\u00e9e, fournit une chronique compl\u00e8te et m\u00e9ticuleusement d\u00e9taill\u00e9e de journaux et de rapports inestimables, vous offrant la possibilit\u00e9 de surveiller et de prot\u00e9ger avec d\u00e9licatement le caract\u00e8re sacr\u00e9 de votre forte propri\u00e9t\u00e9 num\u00e9rique. \u00c0 son tour, cela vous permet de prendre judicieusement toutes les actions requises en cas de besoin. Compte tenu de son interface remarquablement conviviale, remplie d&rsquo;une impressionnante gamme de fonctionnalit\u00e9s de s\u00e9curit\u00e9 avanc\u00e9es, il devient manifestement \u00e9vident que le plugin de s\u00e9curit\u00e9 BlackHole Pro WordPress est un choix sans \u00e9quivoque exceptionnel pour tout individu exigeant \u00e0 la recherche d&rsquo;une solution globale et m\u00e9ticuleusement complexe pour Fortifier et s\u00e9curiser efficacement leur site Web WordPress estim\u00e9.<\/p>\n<ul>\n<li>Des mesures de s\u00e9curit\u00e9 robustes pour prot\u00e9ger votre site Web contre les hacks, les logiciels malveillants et autres cyber-menaces.<\/li>\n<li>Un pare-feu avanc\u00e9 et un scanner de logiciels malveillants qui surveillent votre site Web en temps r\u00e9el.<\/li>\n<li>Restreint l&rsquo;acc\u00e8s aux adresses IP malveillantes et aux domaines.<\/li>\n<li>Authentification \u00e0 deux facteurs pour la connexion de l&rsquo;utilisateur pour ajouter une couche de s\u00e9curit\u00e9 suppl\u00e9mentaire.<\/li>\n<li>Alertes par e-mail automatiques pour informer le propri\u00e9taire du site Web des violations et des vuln\u00e9rabilit\u00e9s de s\u00e9curit\u00e9.<\/li>\n<li>Sauvegardes quotidiennes pour vous assurer que vos donn\u00e9es ne sont jamais perdues.<\/li>\n<li>S&rsquo;int\u00e8gre \u00e0 des services de s\u00e9curit\u00e9 populaires comme Google Safe Browsing et SUCURI pour une protection suppl\u00e9mentaire.<\/li>\n<li>Interface facile \u00e0 utiliser et processus d&rsquo;installation simple.<\/li>\n<li>Mises \u00e0 jour continues pour garantir que le plugin reste \u00e0 jour avec les derni\u00e8res techniques de s\u00e9curit\u00e9.<\/li>\n<li>Assistance client 24\/7 pour r\u00e9pondre \u00e0 toutes les questions ou pr\u00e9occupations.<\/li>\n<\/ul>\n","protected":false},"excerpt":{"rendered":"<p>D\u00e9couvrez la protection du site Web de niveau suivant avec le plugin de s\u00e9curit\u00e9 Blackhole Pro WordPress. Con\u00e7u pour prot\u00e9ger votre site Web \u00e0 partir de menaces potentielles, ce puissant plugin attrape et bloque les mauvais robots, garantissant que la s\u00e9curit\u00e9 de votre site Web n&rsquo;est jamais compromise. Il ne s&rsquo;agit pas seulement de d\u00e9fense, Blackhole Pro propose \u00e9galement une interface intuitive, ce qui facilite la navigation pour les utilisateurs de tous niveaux. Le plugin propose une multitude de fonctionnalit\u00e9s, notamment le blocage IP, les messages d&rsquo;avertissement personnalis\u00e9s et les journaux d&rsquo;activit\u00e9s d\u00e9taill\u00e9s. En incorporant ces fonctionnalit\u00e9s, le plugin de s\u00e9curit\u00e9 Blackhole Pro WordPress garantit que votre site Web reste \u00e0 l&rsquo;abri de toutes les menaces, vous laissant vous concentrer sur votre contenu avec la tranquillit\u00e9 d&rsquo;esprit. Avec Blackhole Pro, am\u00e9liorez la protection de votre site Web aujourd&rsquo;hui et exp\u00e9rimentez les avantages d&rsquo;une pr\u00e9sence en ligne s\u00e9curis\u00e9e.<\/p>\n","protected":false},"featured_media":143246,"comment_status":"open","ping_status":"open","template":"","meta":[],"product_brand":[2467],"product_cat":[1187,1181,1186],"product_tag":[2157],"class_list":{"0":"post-116718","1":"product","2":"type-product","3":"status-publish","4":"has-post-thumbnail","6":"product_brand-plugin-planet","7":"product_cat-administration-wordpress-plugins","8":"product_cat-plugins","9":"product_cat-wordpress-plugins","10":"product_tag-plugin-planet","11":"member-discount","12":"discount-restricted","14":"first","15":"instock","16":"sale","17":"downloadable","18":"virtual","19":"sold-individually","20":"purchasable","21":"product-type-simple"},"_links":{"self":[{"href":"https:\/\/gpl-love.com\/fr\/wp-json\/wp\/v2\/product\/116718","targetHints":{"allow":["GET"]}}],"collection":[{"href":"https:\/\/gpl-love.com\/fr\/wp-json\/wp\/v2\/product"}],"about":[{"href":"https:\/\/gpl-love.com\/fr\/wp-json\/wp\/v2\/types\/product"}],"replies":[{"embeddable":true,"href":"https:\/\/gpl-love.com\/fr\/wp-json\/wp\/v2\/comments?post=116718"}],"wp:featuredmedia":[{"embeddable":true,"href":"https:\/\/gpl-love.com\/fr\/wp-json\/wp\/v2\/media\/143246"}],"wp:attachment":[{"href":"https:\/\/gpl-love.com\/fr\/wp-json\/wp\/v2\/media?parent=116718"}],"wp:term":[{"taxonomy":"product_brand","embeddable":true,"href":"https:\/\/gpl-love.com\/fr\/wp-json\/wp\/v2\/product_brand?post=116718"},{"taxonomy":"product_cat","embeddable":true,"href":"https:\/\/gpl-love.com\/fr\/wp-json\/wp\/v2\/product_cat?post=116718"},{"taxonomy":"product_tag","embeddable":true,"href":"https:\/\/gpl-love.com\/fr\/wp-json\/wp\/v2\/product_tag?post=116718"}],"curies":[{"name":"wp","href":"https:\/\/api.w.org\/{rel}","templated":true}]}}