{"id":116716,"date":"2022-02-13T00:00:00","date_gmt":"2022-02-12T23:00:00","guid":{"rendered":"http:\/\/gpl-love.com\/fr\/produit\/beaver-team-pro-pour-beaver-builder-professional\/"},"modified":"2026-03-20T22:56:06","modified_gmt":"2026-03-20T21:56:06","slug":"beaver-team-pro-pour-beaver-builder-professional","status":"publish","type":"product","link":"https:\/\/gpl-love.com\/fr\/produit\/beaver-team-pro-pour-beaver-builder-professional\/","title":{"rendered":"Beaver Team Pro pour Beaver Builder Professional 1.2.5"},"content":{"rendered":"<h3>Beaver Team Pro pour Beaver Builder Professional Traits<\/h3>\n<p>Le Beaver Team Pro, un outil tr\u00e8s recherch\u00e9, s&rsquo;av\u00e8re indispensable aux personnes qui connaissent bien l&rsquo;utilisation de la plate-forme Beaver Builder. En acqu\u00e9rant ce produit exceptionnel, vous gagnez la possibilit\u00e9 de collaborer de mani\u00e8re transparente avec vos coll\u00e8gues estim\u00e9s, optimisant et affinant ainsi votre flux de travail global. Le Beaver Team Pro facilite sans effort la gestion de vos projets Beaver Builder, vous accordant l&rsquo;opportunit\u00e9 de fa\u00e7onner sans effort les sites Web visuellement visuellement dans une fraction de l&rsquo;\u00e9poque. Ce produit remarquable poss\u00e8de une vaste gamme de fonctionnalit\u00e9s, sp\u00e9cifiquement adapt\u00e9e pour rationaliser et acc\u00e9l\u00e9rer la synergie de l&rsquo;\u00e9quipe, garantissant que vos efforts collectifs restent synergiques et tr\u00e8s efficaces. De plus, le Beaver Team Pro poss\u00e8de des int\u00e9grations inestimables et des outils puissants qui servent \u00e0 augmenter et \u00e0 enrichir votre exp\u00e9rience globale du constructeur de castors. Tout bien consid\u00e9r\u00e9, sans \u00e9quivoque, le Beaver Team Pro repr\u00e9sente un atout indispensable pour toute personne cherchant \u00e0 transcender ses prouesses actuelles du constructeur de castors et \u00e0 propulser leurs entreprises de conception Web \u00e0 des hauteurs sans pr\u00e9c\u00e9dent.<\/p>\n<ul>\n<li>Outils et fonctionnalit\u00e9s avanc\u00e9es pour la conception de sites Web de qualit\u00e9 professionnelle avec Beaver Builder.<\/li>\n<li>Le flux de travail rationalis\u00e9 et l&rsquo;interface conviviale rendent la conception Web plus rapide et plus efficace.<\/li>\n<li>S\u00e9lection large de mod\u00e8les pr\u00e9fabriqu\u00e9s et d&rsquo;\u00e9l\u00e9ments de conception au choix, pour des conceptions faciles et personnalisables.<\/li>\n<li>La compatibilit\u00e9 avec les derni\u00e8res mises \u00e0 jour WordPress assure une int\u00e9gration transparente avec votre site Web.<\/li>\n<li>\u00c9quipe de support d\u00e9di\u00e9e disponible 24\/7 pour aider \u00e0 tout probl\u00e8me technique.<\/li>\n<li>La conception r\u00e9active et adapt\u00e9e aux mobiles garantit que votre site Web aura fi\u00e8re allure sur n&rsquo;importe quel appareil.<\/li>\n<li>Acc\u00e8s \u00e0 une communaut\u00e9 croissante d&rsquo;utilisateurs de constructeurs de castors, pour l&rsquo;inspiration et le soutien.<\/li>\n<li>Mises \u00e0 jour r\u00e9guli\u00e8res et nouvelles fonctionnalit\u00e9s ajout\u00e9es pour rester en avance sur la courbe de la conception Web.<\/li>\n<\/ul>\n","protected":false},"excerpt":{"rendered":"<p>Immergez-vous dans le monde de la conception de sites Web avec le Beaver Team Pro, un outil polyvalent sp\u00e9cialement con\u00e7u pour les professionnels de Beaver Builder. Lib\u00e9rez votre cr\u00e9ativit\u00e9 avec cette application innovante, remplie de fonctionnalit\u00e9s \u00e0 valeur ajout\u00e9e. Vous profiterez des avantages des fonctionnalit\u00e9s de mise en page avanc\u00e9es, de l&rsquo;am\u00e9lioration de la productivit\u00e9 et d&rsquo;une interface tr\u00e8s intuitive. Avec Beaver Team Pro, vous pouvez mettre \u00e0 jour et g\u00e9rer de mani\u00e8re transparente votre site Web avec la plus grande facilit\u00e9, quel que soit votre niveau de comp\u00e9tence technique. Ce n&rsquo;est pas seulement un outil; C&rsquo;est un changeur de jeu dans le domaine de la conception Web, con\u00e7u pour vous permettre de cr\u00e9er des sites Web visuellement captivants et hautement fonctionnels. Faites le pas, embrassez Beaver Team Pro et red\u00e9finissez votre exp\u00e9rience de conception Web.<\/p>\n","protected":false},"featured_media":143229,"comment_status":"open","ping_status":"open","template":"","meta":[],"product_brand":[2470],"product_cat":[1189,1181,1186],"product_tag":[2222],"class_list":{"0":"post-116716","1":"product","2":"type-product","3":"status-publish","4":"has-post-thumbnail","6":"product_brand-sitespot","7":"product_cat-personnalisation","8":"product_cat-plugins","9":"product_cat-wordpress-plugins","10":"product_tag-sitespot","11":"member-discount","12":"discount-restricted","14":"first","15":"instock","16":"sale","17":"downloadable","18":"virtual","19":"sold-individually","20":"purchasable","21":"product-type-simple"},"_links":{"self":[{"href":"https:\/\/gpl-love.com\/fr\/wp-json\/wp\/v2\/product\/116716","targetHints":{"allow":["GET"]}}],"collection":[{"href":"https:\/\/gpl-love.com\/fr\/wp-json\/wp\/v2\/product"}],"about":[{"href":"https:\/\/gpl-love.com\/fr\/wp-json\/wp\/v2\/types\/product"}],"replies":[{"embeddable":true,"href":"https:\/\/gpl-love.com\/fr\/wp-json\/wp\/v2\/comments?post=116716"}],"wp:featuredmedia":[{"embeddable":true,"href":"https:\/\/gpl-love.com\/fr\/wp-json\/wp\/v2\/media\/143229"}],"wp:attachment":[{"href":"https:\/\/gpl-love.com\/fr\/wp-json\/wp\/v2\/media?parent=116716"}],"wp:term":[{"taxonomy":"product_brand","embeddable":true,"href":"https:\/\/gpl-love.com\/fr\/wp-json\/wp\/v2\/product_brand?post=116716"},{"taxonomy":"product_cat","embeddable":true,"href":"https:\/\/gpl-love.com\/fr\/wp-json\/wp\/v2\/product_cat?post=116716"},{"taxonomy":"product_tag","embeddable":true,"href":"https:\/\/gpl-love.com\/fr\/wp-json\/wp\/v2\/product_tag?post=116716"}],"curies":[{"name":"wp","href":"https:\/\/api.w.org\/{rel}","templated":true}]}}