{"id":116704,"date":"2021-08-03T00:00:00","date_gmt":"2021-08-02T22:00:00","guid":{"rendered":"http:\/\/gpl-love.com\/fr\/produit\/wavo-creative-portfolio-et-agency-theme\/"},"modified":"2026-04-10T18:45:18","modified_gmt":"2026-04-10T16:45:18","slug":"wavo-creative-portfolio-et-agency-theme","status":"publish","type":"product","link":"https:\/\/gpl-love.com\/fr\/produit\/wavo-creative-portfolio-et-agency-theme\/","title":{"rendered":"Wavo Creative Portfolio et Agency Theme 2.0.5"},"content":{"rendered":"<h3>Wavo Creative Portfolio et Agency Theme Traits<\/h3>\n<p>Le portfolio cr\u00e9atif WAVO et le th\u00e8me de l&rsquo;agence sont un outil incroyablement puissant qui est sp\u00e9cialement con\u00e7u pour r\u00e9pondre aux besoins et aux exigences des cr\u00e9atifs et des agences qui recherchent une avenue pour exposer et pr\u00e9senter efficacement leurs divers projets et services de mani\u00e8re sophistiqu\u00e9e et raffin\u00e9e . Ce th\u00e8me particulier est \u00e9quip\u00e9 d&rsquo;une vaste gamme de fonctionnalit\u00e9s hautement personnalisables, accordant ainsi aux utilisateurs la possibilit\u00e9 de cultiver et d&rsquo;\u00e9tablir une pr\u00e9sence en ligne distincte et exclusive qui est un v\u00e9ritable incarnation et reflet de leur identit\u00e9 de marque unique et de leur style caract\u00e9ristique. B\u00e9n\u00e9ficiant d&rsquo;un design \u00e9l\u00e9gant et contemporain, Wavo sert de plate-forme incroyablement captivante et frappante qui facilite de mani\u00e8re transparente la pr\u00e9sentation des portefeuilles, des membres de l&rsquo;\u00e9quipe et des t\u00e9moignages. En outre, l&rsquo;un des aspects les plus remarquables et les plus louables de ce th\u00e8me est sa r\u00e9activit\u00e9 compl\u00e8te, garantissant et garantissant ainsi que le contenu et la mise en page appara\u00eetront constamment polis et impeccables, quel que soit l&rsquo;appareil sur lequel il est accessible. En plus de cela, Wavo englobe \u00e9galement une s\u00e9lection diversifi\u00e9e d&rsquo;outils et de fonctionnalit\u00e9s formidables et robustes, tels que des widgets personnalis\u00e9s et des codes short, qui permettent aux utilisateurs d&rsquo;accessibilit\u00e9 sans effort et de la possibilit\u00e9 d&rsquo;int\u00e9grer et d&rsquo;int\u00e9grer sans effort une multitude de fonctionnalit\u00e9s et de personnalisations dans leur site. Que vous soyez un designer, un photographe ou une agence de cr\u00e9ation, il est tout \u00e0 fait clair que Wavo est un choix exceptionnel et in\u00e9gal\u00e9 pour construire et \u00e9tablir une pr\u00e9sence en ligne vraiment professionnelle et captivante qui est forc\u00e9ment \u00e0 engager et \u00e0 captiver votre public cible.<\/p>\n<ul>\n<li>Un th\u00e8me visuellement magnifique et personnalisable pour les cr\u00e9atifs et les agences<\/li>\n<li>Page d&rsquo;accueil multiples et options de disposition de portefeuille \u00e0 choisir<\/li>\n<li>Enti\u00e8rement r\u00e9actif et pr\u00eat pour la r\u00e9tine, garantissant que votre site a fi\u00e8re allure sur n&rsquo;importe quel appareil<\/li>\n<li>Livr\u00e9 avec des pages et des modules pr\u00e9d\u00e9finis pour une personnalisation facile<\/li>\n<li>Prend en charge les arri\u00e8re-plans vid\u00e9o pour une exp\u00e9rience utilisateur dynamique et engageante<\/li>\n<li>S&rsquo;int\u00e8gre \u00e0 des plugins populaires comme WooCommerce et MailChimp<\/li>\n<li>Comprend un panneau d&rsquo;options de th\u00e8me avanc\u00e9 pour une personnalisation facile des couleurs, des polices et plus<\/li>\n<li>SEO optimis\u00e9 pour une meilleure visibilit\u00e9 et un classement de moteur de recherche plus \u00e9lev\u00e9<\/li>\n<li>Importation de d\u00e9monstration en un clic pour configurer rapidement et facilement votre site<\/li>\n<li>\u00c9quipe de support d\u00e9di\u00e9e disponible pour r\u00e9pondre \u00e0 toutes les questions ou pr\u00e9occupations.<\/li>\n<\/ul>\n","protected":false},"excerpt":{"rendered":"<p>Le portfolio cr\u00e9atif WAVO et le th\u00e8me de l&rsquo;agence offre une solution compl\u00e8te pour les individus et les organisations de l&rsquo;industrie cr\u00e9ative qui cherchent \u00e0 montrer leur travail avec sophistication et professionnalisme. Ce th\u00e8me hautement flexible et adaptatif poss\u00e8de un \u00e9ventail d&rsquo;attributs personnalisables, englobant un assortiment de dispositions de page d&rsquo;accueil, de mod\u00e8les de portefeuille et de widgets personnalis\u00e9s. Son design audacieux et contemporain est garanti pour diff\u00e9rencier votre travail de la concurrence, tandis que son interface intuitive garantit une navigation et une personnalisation sans effort. Tirant parti des capacit\u00e9s remarquables de Wavo, vous avez la capacit\u00e9 de cr\u00e9er un portefeuille en ligne impressionnant qui personnifie votre marque distinctive et captive votre public cible.<\/p>\n","protected":false},"featured_media":145739,"comment_status":"open","ping_status":"open","template":"","meta":[],"product_brand":[2433],"product_cat":[1242,1212,1213],"product_tag":[1366],"class_list":{"0":"post-116704","1":"product","2":"type-product","3":"status-publish","4":"has-post-thumbnail","6":"product_brand-themeforest","7":"product_cat-creatif","8":"product_cat-themes","9":"product_cat-wordpress-themes","10":"product_tag-themeforest","11":"member-discount","12":"discount-restricted","14":"first","15":"instock","16":"sale","17":"downloadable","18":"virtual","19":"sold-individually","20":"purchasable","21":"product-type-simple"},"_links":{"self":[{"href":"https:\/\/gpl-love.com\/fr\/wp-json\/wp\/v2\/product\/116704","targetHints":{"allow":["GET"]}}],"collection":[{"href":"https:\/\/gpl-love.com\/fr\/wp-json\/wp\/v2\/product"}],"about":[{"href":"https:\/\/gpl-love.com\/fr\/wp-json\/wp\/v2\/types\/product"}],"replies":[{"embeddable":true,"href":"https:\/\/gpl-love.com\/fr\/wp-json\/wp\/v2\/comments?post=116704"}],"wp:featuredmedia":[{"embeddable":true,"href":"https:\/\/gpl-love.com\/fr\/wp-json\/wp\/v2\/media\/145739"}],"wp:attachment":[{"href":"https:\/\/gpl-love.com\/fr\/wp-json\/wp\/v2\/media?parent=116704"}],"wp:term":[{"taxonomy":"product_brand","embeddable":true,"href":"https:\/\/gpl-love.com\/fr\/wp-json\/wp\/v2\/product_brand?post=116704"},{"taxonomy":"product_cat","embeddable":true,"href":"https:\/\/gpl-love.com\/fr\/wp-json\/wp\/v2\/product_cat?post=116704"},{"taxonomy":"product_tag","embeddable":true,"href":"https:\/\/gpl-love.com\/fr\/wp-json\/wp\/v2\/product_tag?post=116704"}],"curies":[{"name":"wp","href":"https:\/\/api.w.org\/{rel}","templated":true}]}}