{"id":116703,"date":"2022-06-01T00:00:00","date_gmt":"2022-05-31T22:00:00","guid":{"rendered":"http:\/\/gpl-love.com\/fr\/produit\/yobazar-elementor-woocommerce-wordpress-theme\/"},"modified":"2026-03-20T23:54:18","modified_gmt":"2026-03-20T22:54:18","slug":"yobazar-elementor-woocommerce-wordpress-theme","status":"publish","type":"product","link":"https:\/\/gpl-love.com\/fr\/produit\/yobazar-elementor-woocommerce-wordpress-theme\/","title":{"rendered":"Yobazar Elementor WooCommerce WordPress Theme 1.1.4"},"content":{"rendered":"<h3>Yobazar Elementor WooCommerce WordPress Theme Traits<\/h3>\n<p>Le th\u00e8me WordPress de Yobazar Elementor WooCommerce est une solution de commerce \u00e9lectronique extr\u00eamement puissante et multiforme qui r\u00e9pond aux besoins de toute entreprise cherchant \u00e0 amplifier sa pr\u00e9sence en ligne. Avec son interface glisser-d\u00e9poser extr\u00eamement conviviale et son design enti\u00e8rement personnalisable, ce th\u00e8me offre une exp\u00e9rience int\u00e9gr\u00e9e de mani\u00e8re transparente pour les clients et les administrateurs. Le th\u00e8me a \u00e9t\u00e9 m\u00e9ticuleusement optimis\u00e9 pour la vitesse et les performances, garantissant des temps de chargement rapides et une exp\u00e9rience utilisateur parfaitement lisse. De plus, Yobazar englobe une vaste gamme de mod\u00e8les et de widgets pr\u00e9-con\u00e7us, facilitant la cr\u00e9ation sans effort d&rsquo;une boutique en ligne sophistiqu\u00e9e et visuellement frappante. Que vous soyez impliqu\u00e9 dans la vente de produits physiques, de t\u00e9l\u00e9chargements num\u00e9riques ou de services, le th\u00e8me WordPress de Yobazar Elementor WooCommerce poss\u00e8de toutes les fonctionnalit\u00e9s et fonctionnalit\u00e9s n\u00e9cessaires pour \u00e9lever votre entreprise de commerce \u00e9lectronique \u00e0 la plus haute hauteur du succ\u00e8s.<\/p>\n<ul>\n<li>Un th\u00e8me WordPress visuellement magnifique et moderne con\u00e7u sp\u00e9cialement pour les sites Web de commerce \u00e9lectronique<\/li>\n<li>Livr\u00e9 avec des mod\u00e8les et des dispositions pr\u00e9d\u00e9finis pour faciliter la personnalisation<\/li>\n<li>Enti\u00e8rement compatible avec Elementor Page Builder et WooCommerce Plugin<\/li>\n<li>Optimis\u00e9 pour la vitesse et le r\u00e9f\u00e9rencement pour assurer une visibilit\u00e9 en ligne maximale et un engagement client<\/li>\n<li>Offre une gamme de fonctionnalit\u00e9s puissantes, notamment des filtres de produits, une vue rapide, une liste de souhaits et des options de comparaison<\/li>\n<li>Comprend un panneau d&rsquo;administration flexible et convivial pour une gestion facile du site Web<\/li>\n<li>Assistance client 24\/7 disponible pour l&rsquo;aide et les conseils<\/li>\n<li>Mises \u00e0 jour et am\u00e9liorations r\u00e9guli\u00e8res pour assurer les performances et la compatibilit\u00e9 avec les derni\u00e8res versions WordPress et WooCommerce.<\/li>\n<\/ul>\n","protected":false},"excerpt":{"rendered":"<p>Le th\u00e8me WordPress de Yobazar Elementor WooCommerce, connu pour sa polyvalence et sa modernit\u00e9, a \u00e9t\u00e9 exclusivement con\u00e7u pour r\u00e9pondre aux besoins des magasins en ligne. Il offre une personnalisabilit\u00e9 compl\u00e8te, vous permettant d&rsquo;adapter tous les aspects de votre magasin afin de vous aligner sur vos besoins sp\u00e9cifiques. Avec une pl\u00e9thore de dispositions pr\u00e9-con\u00e7ues \u00e0 votre disposition, vous pouvez fa\u00e7onner sans effort un magasin qui d\u00e9gage le professionnalisme, le tout en quelques clics simples. De plus, ce th\u00e8me poss\u00e8de un tableau de fonctionnalit\u00e9s robustes, y compris un panier personnalisable et un processus de paiement, des fonctionnalit\u00e9s avanc\u00e9es de recherche de produits et de tri, et bien plus encore. Par cons\u00e9quent, si vous d\u00e9sirez un th\u00e8me puissant et convivial pour votre boutique WooCommerce, le th\u00e8me WOOCommerce WOOCOMMERCE Yobazar WooCommerce appara\u00eet sans aucun doute comme un choix exceptionnel.<\/p>\n","protected":false},"featured_media":146454,"comment_status":"open","ping_status":"open","template":"","meta":[],"product_brand":[2433],"product_cat":[1238,1851,1212],"product_tag":[1366],"class_list":{"0":"post-116703","1":"product","2":"type-product","3":"status-publish","4":"has-post-thumbnail","6":"product_brand-themeforest","7":"product_cat-commerce-electronique-themes","8":"product_cat-entreprise-commerce-electronique-themes","9":"product_cat-themes","10":"product_tag-themeforest","11":"member-discount","12":"discount-restricted","14":"first","15":"instock","16":"sale","17":"downloadable","18":"virtual","19":"sold-individually","20":"purchasable","21":"product-type-simple"},"_links":{"self":[{"href":"https:\/\/gpl-love.com\/fr\/wp-json\/wp\/v2\/product\/116703","targetHints":{"allow":["GET"]}}],"collection":[{"href":"https:\/\/gpl-love.com\/fr\/wp-json\/wp\/v2\/product"}],"about":[{"href":"https:\/\/gpl-love.com\/fr\/wp-json\/wp\/v2\/types\/product"}],"replies":[{"embeddable":true,"href":"https:\/\/gpl-love.com\/fr\/wp-json\/wp\/v2\/comments?post=116703"}],"wp:featuredmedia":[{"embeddable":true,"href":"https:\/\/gpl-love.com\/fr\/wp-json\/wp\/v2\/media\/146454"}],"wp:attachment":[{"href":"https:\/\/gpl-love.com\/fr\/wp-json\/wp\/v2\/media?parent=116703"}],"wp:term":[{"taxonomy":"product_brand","embeddable":true,"href":"https:\/\/gpl-love.com\/fr\/wp-json\/wp\/v2\/product_brand?post=116703"},{"taxonomy":"product_cat","embeddable":true,"href":"https:\/\/gpl-love.com\/fr\/wp-json\/wp\/v2\/product_cat?post=116703"},{"taxonomy":"product_tag","embeddable":true,"href":"https:\/\/gpl-love.com\/fr\/wp-json\/wp\/v2\/product_tag?post=116703"}],"curies":[{"name":"wp","href":"https:\/\/api.w.org\/{rel}","templated":true}]}}