{"id":116702,"date":"2026-02-18T00:00:00","date_gmt":"2026-02-17T23:00:00","guid":{"rendered":"http:\/\/gpl-love.com\/fr\/produit\/listingeasy-directory-wordpress-theme\/"},"modified":"2026-03-20T23:22:37","modified_gmt":"2026-03-20T22:22:37","slug":"listingeasy-directory-wordpress-theme","status":"publish","type":"product","link":"https:\/\/gpl-love.com\/fr\/produit\/listingeasy-directory-wordpress-theme\/","title":{"rendered":"ListingEasy Directory WordPress Theme 1.9.7"},"content":{"rendered":"<h3>ListingEasy Directory WordPress Theme Traits<\/h3>\n<p>Le th\u00e8me WordPress du r\u00e9pertoire ListingingEasy est un th\u00e8me incroyablement robuste et convivial qui a \u00e9t\u00e9 sp\u00e9cialement con\u00e7u pour faciliter la cr\u00e9ation de r\u00e9pertoires en ligne pour les entreprises, les services et les produits. Son interface conviviale permet une gestion facile et efficace des listes, des cat\u00e9gories et des balises. En plus de cela, le th\u00e8me propose une large gamme de widgets personnalis\u00e9s, un constructeur de page de glisser-d\u00e9poser et un moteur de recherche impressionnant qui permet aux utilisateurs de localiser rapidement pr\u00e9cis\u00e9ment ce qu&rsquo;ils recherchent. En outre, le th\u00e8me int\u00e8gre \u00e9galement des fonctionnalit\u00e9s avanc\u00e9es telles que l&rsquo;enregistrement des utilisateurs et les options de soumission, l&rsquo;int\u00e9gration transparente avec les passerelles de paiement et l&rsquo;inclusion d&rsquo;options de partage des m\u00e9dias sociaux. De plus, la conception enti\u00e8rement r\u00e9active du th\u00e8me garantit que votre site Web d&rsquo;annuaire semblera visuellement \u00e9tonnant et tr\u00e8s fonctionnel sur tous les appareils. En utilisant le th\u00e8me WordPress du r\u00e9pertoire listingasy, vous aurez la capacit\u00e9 de cr\u00e9er sans effort un site Web d&rsquo;annuaire de qualit\u00e9 professionnelle, qui peut \u00eatre mon\u00e9tis\u00e9 via des listes payantes, de la publicit\u00e9 et du marketing d&rsquo;affiliation.<\/p>\n<ul>\n<li>TH\u00c8ME FACILE \u00c0 INSTALLER ET Personnaliser le r\u00e9pertoire WordPress<\/li>\n<li>Plusieurs pages d&rsquo;inscription enti\u00e8rement personnalisables pour les entreprises et les organisations<\/li>\n<li>Options de recherche et filtre int\u00e9gr\u00e9es pour que les utilisateurs trouvent des listes sp\u00e9cifiques<\/li>\n<li>Formulaires de soumission frontale conviviaux pour les entreprises \/ organisations pour soumettre leurs listes<\/li>\n<li>Google Maps Int\u00e9gration pour afficher l&#8217;emplacement des listes et des directions<\/li>\n<li>Compatible avec plusieurs passerelles de paiement pour les soumissions de liste payante<\/li>\n<li>Option pour ajouter des champs personnalis\u00e9s aux pages de listing pour plus d&rsquo;informations<\/li>\n<li>Conception r\u00e9active qui a fi\u00e8re allure sur les appareils de bureau et mobiles<\/li>\n<li>Options de partage social int\u00e9gr\u00e9es pour promouvoir les listes sur les r\u00e9seaux sociaux<\/li>\n<li>Traduction pr\u00eate pour le public international avec le support pour plusieurs langues.<\/li>\n<\/ul>\n","protected":false},"excerpt":{"rendered":"<p>ListingEasy est un th\u00e8me WordPress de r\u00e9pertoire tr\u00e8s avanc\u00e9 et sophistiqu\u00e9 qui offre aux utilisateurs la possibilit\u00e9 de cr\u00e9er sans effort un site Web d&rsquo;annuaire dynamique et intuitif. En fournissant une vaste gamme de mod\u00e8les pr\u00e9-con\u00e7us et de fonctionnalit\u00e9s personnalisables, ce th\u00e8me permet la pr\u00e9sentation transparente d&rsquo;entreprises ou de services, ce qui se traduit par une exp\u00e9rience conviviale. De plus, la conception moderne et captivante de ListingEasy le distingue des autres th\u00e8mes de r\u00e9pertoire, ce qui en fait un choix id\u00e9al pour tout type de r\u00e9pertoire inscripteur, allant des classifi\u00e9s au tourisme et aux guides de voyage. De plus, ce th\u00e8me est enti\u00e8rement r\u00e9actif, garantissant des fonctionnalit\u00e9s optimales sur divers appareils, et est \u00e9galement convivial, am\u00e9liorant sa visibilit\u00e9 sur les plates-formes de moteurs de recherche. De plus, ListingEasy poss\u00e8de des fonctionnalit\u00e9s avanc\u00e9es telles que l&rsquo;int\u00e9gration Google Maps, permettant aux utilisateurs de localiser facilement les listes souhait\u00e9es, une fonctionnalit\u00e9 de recherche avanc\u00e9e pour am\u00e9liorer la commodit\u00e9 des utilisateurs et des options de paiement sans effort pour faciliter les transactions sans tracas. Commencez votre voyage vers la cr\u00e9ation d&rsquo;un site Web r\u00e9pertoire r\u00e9ussi aujourd&rsquo;hui en utilisant les capacit\u00e9s in\u00e9gal\u00e9es de Listingageasy!<\/p>\n","protected":false},"featured_media":144385,"comment_status":"open","ping_status":"open","template":"","meta":[],"product_brand":[2433],"product_cat":[1242,1212,1213],"product_tag":[1366],"class_list":{"0":"post-116702","1":"product","2":"type-product","3":"status-publish","4":"has-post-thumbnail","6":"product_brand-themeforest","7":"product_cat-creatif","8":"product_cat-themes","9":"product_cat-wordpress-themes","10":"product_tag-themeforest","11":"member-discount","12":"discount-restricted","14":"first","15":"instock","16":"sale","17":"downloadable","18":"virtual","19":"sold-individually","20":"purchasable","21":"product-type-simple"},"_links":{"self":[{"href":"https:\/\/gpl-love.com\/fr\/wp-json\/wp\/v2\/product\/116702","targetHints":{"allow":["GET"]}}],"collection":[{"href":"https:\/\/gpl-love.com\/fr\/wp-json\/wp\/v2\/product"}],"about":[{"href":"https:\/\/gpl-love.com\/fr\/wp-json\/wp\/v2\/types\/product"}],"replies":[{"embeddable":true,"href":"https:\/\/gpl-love.com\/fr\/wp-json\/wp\/v2\/comments?post=116702"}],"wp:featuredmedia":[{"embeddable":true,"href":"https:\/\/gpl-love.com\/fr\/wp-json\/wp\/v2\/media\/144385"}],"wp:attachment":[{"href":"https:\/\/gpl-love.com\/fr\/wp-json\/wp\/v2\/media?parent=116702"}],"wp:term":[{"taxonomy":"product_brand","embeddable":true,"href":"https:\/\/gpl-love.com\/fr\/wp-json\/wp\/v2\/product_brand?post=116702"},{"taxonomy":"product_cat","embeddable":true,"href":"https:\/\/gpl-love.com\/fr\/wp-json\/wp\/v2\/product_cat?post=116702"},{"taxonomy":"product_tag","embeddable":true,"href":"https:\/\/gpl-love.com\/fr\/wp-json\/wp\/v2\/product_tag?post=116702"}],"curies":[{"name":"wp","href":"https:\/\/api.w.org\/{rel}","templated":true}]}}