{"id":116698,"date":"2021-10-19T00:00:00","date_gmt":"2021-10-18T22:00:00","guid":{"rendered":"http:\/\/gpl-love.com\/fr\/produit\/woocommerce-dynamic-pricing-by-user-role\/"},"modified":"2026-03-20T23:45:28","modified_gmt":"2026-03-20T22:45:28","slug":"woocommerce-dynamic-pricing-by-user-role","status":"publish","type":"product","link":"https:\/\/gpl-love.com\/fr\/produit\/woocommerce-dynamic-pricing-by-user-role\/","title":{"rendered":"WooCommerce Dynamic Pricing By User Role 1.6.0"},"content":{"rendered":"<h3>WooCommerce Dynamic Pricing By User Role Traits<\/h3>\n<p>La tarification dynamique de WooCommerce par le r\u00f4le de l&rsquo;utilisateur est un outil extr\u00eamement puissant qui permet aux propri\u00e9taires de magasins en ligne de pr\u00e9senter des prix individualis\u00e9s contingents au r\u00f4le de l&rsquo;utilisateur assum\u00e9. Les administrateurs se voient accorder la capacit\u00e9 remarquable de fabriquer des r\u00e9glementations sur les prix sur mesure correspondant \u00e0 chaque r\u00f4le d&rsquo;utilisateur, donnant ainsi aux clients la possibilit\u00e9 de discerner les prix disparates fond\u00e9s sur leur niveau d&rsquo;adh\u00e9sion, par le biais d&rsquo;illustration. Cette fonctionnalit\u00e9 s&rsquo;av\u00e8re exceptionnellement avantageuse pour les \u00e9tablissements qui \u00e9tendent les taux pr\u00e9f\u00e9rentiels aux grossistes, aux d\u00e9taillants ou aux affili\u00e9s VIP estim\u00e9s. Le plugin, dans son int\u00e9gralit\u00e9, est impr\u00e9gn\u00e9 de l&rsquo;attribut de personnalisation, permettant aux propri\u00e9taires de magasin de configurer des politiques de prix distinctes pour diverses cat\u00e9gories de produits, balises ou attributs. En tirant parti de ce plugin, les propri\u00e9taires de magasins sont en mesure de catapulter leur strat\u00e9gie de tarification \u00e0 des hauteurs sans pr\u00e9c\u00e9dent, augmentant tout le temps de la gratification des clients et favorisant la loyaut\u00e9 in\u00e9branlable.<\/p>\n<ul>\n<li>Prix \u200b\u200bdynamique bas\u00e9 sur le r\u00f4le utilisateur dans WooCommerce<\/li>\n<li>Prix \u200b\u200bpersonnalis\u00e9 pour diff\u00e9rents groupes d&rsquo;utilisateurs<\/li>\n<li>R\u00f4les utilisateur illimit\u00e9s et r\u00e8gles de tarification<\/li>\n<li>Application automatique des modifications de prix pour les utilisateurs connect\u00e9s<\/li>\n<li>Option pour masquer les prix pour des r\u00f4les utilisateur sp\u00e9cifiques<\/li>\n<li>Options de tarification flexibles, y compris le prix fixe, le pourcentage de rabais et les prix \u00e0 plusieurs niveaux<\/li>\n<li>Compatibilit\u00e9 avec d&rsquo;autres plugins et extensions WooCommerce<\/li>\n<li>Interface conviviale pour g\u00e9rer les r\u00e8gles de tarification et les r\u00f4les utilisateur<\/li>\n<li>Installation facile et configuration<\/li>\n<li>Performances rapides et fiables avec un impact minimal sur la vitesse du site Web<\/li>\n<li>Support et documentation r\u00e9actifs fournis par le d\u00e9veloppeur.<\/li>\n<\/ul>\n","protected":false},"excerpt":{"rendered":"<p>La tarification dynamique de WooCommerce par le r\u00f4le de l&rsquo;utilisateur est un plugin incroyablement robuste et influent qui vous pr\u00e9sente l&rsquo;occasion incroyable de personnaliser et d&rsquo;adapter les prix pour des r\u00f4les utilisateur distincts sur votre plate-forme de commerce \u00e9lectronique estim\u00e9e. Ce plugin exceptionnel vous permet d&rsquo;\u00e9tablir et de configurer divers r\u00e9glementations de prix pour des r\u00f4les exclusifs, tels que les clients en gros estim\u00e9s, les membres estim\u00e9s VIP ou m\u00eame les groupes d&rsquo;utilisateurs sp\u00e9cifiques estim\u00e9s. La mise en \u0153uvre de cette fonctionnalit\u00e9 avanc\u00e9e peut ind\u00e9nigrement faciliter et am\u00e9liorer votre capacit\u00e9 \u00e0 s\u00e9duire et \u00e0 conserver un large \u00e9ventail de types de clients en leur accordant le privil\u00e8ge de se livrer \u00e0 des offres de prix sp\u00e9ciales qui sont complets avec leur fid\u00e9lit\u00e9 in\u00e9branlable ou leur volume d&rsquo;achat in\u00e9branlable. Il est crucial de noter que ce plugin poss\u00e8de une facilit\u00e9 d&rsquo;installation in\u00e9gal\u00e9e en plus de proposer une interface remarquablement conviviale, garantissant ainsi que la gestion de vos param\u00e8tres de tarification dynamique n&rsquo;a jamais \u00e9t\u00e9 aussi sans effort. Il est temps d&rsquo;adopter cette innovation r\u00e9volutionnaire, de se lancer dans l&rsquo;effort d&rsquo;attirer une client\u00e8le plus \u00e9tendue et, finalement, de galvaniser les chiffres de vente augment\u00e9s avec les forces formidables de la tarification dynamique de WooCommerce par le r\u00f4le de l&rsquo;utilisateur.<\/p>\n","protected":false},"featured_media":145872,"comment_status":"open","ping_status":"open","template":"","meta":[],"product_brand":[2435],"product_cat":[1182,1223,1181],"product_tag":[1231],"class_list":{"0":"post-116698","1":"product","2":"type-product","3":"status-publish","4":"has-post-thumbnail","6":"product_brand-codecanyon","7":"product_cat-commerce-electronique-plugins","8":"product_cat-personnalisation-commerce-electronique-plugins","9":"product_cat-plugins","10":"product_tag-codecanyon","11":"member-discount","12":"discount-restricted","14":"first","15":"instock","16":"sale","17":"downloadable","18":"virtual","19":"sold-individually","20":"purchasable","21":"product-type-simple"},"_links":{"self":[{"href":"https:\/\/gpl-love.com\/fr\/wp-json\/wp\/v2\/product\/116698","targetHints":{"allow":["GET"]}}],"collection":[{"href":"https:\/\/gpl-love.com\/fr\/wp-json\/wp\/v2\/product"}],"about":[{"href":"https:\/\/gpl-love.com\/fr\/wp-json\/wp\/v2\/types\/product"}],"replies":[{"embeddable":true,"href":"https:\/\/gpl-love.com\/fr\/wp-json\/wp\/v2\/comments?post=116698"}],"wp:featuredmedia":[{"embeddable":true,"href":"https:\/\/gpl-love.com\/fr\/wp-json\/wp\/v2\/media\/145872"}],"wp:attachment":[{"href":"https:\/\/gpl-love.com\/fr\/wp-json\/wp\/v2\/media?parent=116698"}],"wp:term":[{"taxonomy":"product_brand","embeddable":true,"href":"https:\/\/gpl-love.com\/fr\/wp-json\/wp\/v2\/product_brand?post=116698"},{"taxonomy":"product_cat","embeddable":true,"href":"https:\/\/gpl-love.com\/fr\/wp-json\/wp\/v2\/product_cat?post=116698"},{"taxonomy":"product_tag","embeddable":true,"href":"https:\/\/gpl-love.com\/fr\/wp-json\/wp\/v2\/product_tag?post=116698"}],"curies":[{"name":"wp","href":"https:\/\/api.w.org\/{rel}","templated":true}]}}