{"id":116696,"date":"2025-10-21T00:00:00","date_gmt":"2025-10-20T22:00:00","guid":{"rendered":"http:\/\/gpl-love.com\/fr\/produit\/buddypress-auto-friendship-pro\/"},"modified":"2026-03-20T22:57:39","modified_gmt":"2026-03-20T21:57:39","slug":"buddypress-auto-friendship-pro","status":"publish","type":"product","link":"https:\/\/gpl-love.com\/fr\/produit\/buddypress-auto-friendship-pro\/","title":{"rendered":"Auto Friendship Pro BuddyPress 1.2.6"},"content":{"rendered":"<h3>Auto Friendship Pro BuddyPress Traits<\/h3>\n<p>Buddypress Auto Friendship Pro, un plugin extr\u00eamement puissant, s&rsquo;efforce d&rsquo;am\u00e9liorer et de rationaliser les subtilit\u00e9s de vos escapades de r\u00e9seautage social sur Buddypress gr\u00e2ce \u00e0 la facilitation automatis\u00e9e des ajouts d&rsquo;amis. Ce plugin remarquable vous conf\u00e8re la capacit\u00e9 remarquable pour ajouter sans effort et automatiquement des membres frais \u00e0 votre liste de compatriotes en plein essor, tout en fournissant simultan\u00e9ment un moyen superlatif d&rsquo;ajouter des membres en masse \u00e0 votre liste d&rsquo;amis. De plus, BuddyPress Auto Friendship Pro vous offre le privil\u00e8ge in\u00e9gal\u00e9 de d\u00e9limiter des classifications sp\u00e9cifiques des membres qui sont jug\u00e9es \u00e9ligibles pour forger des amiti\u00e9s et, pour augmenter davantage l&rsquo;exp\u00e9rience sociale, vous avez la libert\u00e9 de mode sur mesure des missives pour accueillir cordialement vos amis nouveaux dans votre ligne en ligne sph\u00e8re. Avec son impressionnant \u00e9ventail de fonctionnalit\u00e9s, ce plugin appara\u00eet comme un outil indispensable pour les personnes cherchant \u00e0 rationaliser leurs efforts de r\u00e9seautage social dans les domaines du bouddypress.<\/p>\n<ul>\n<li>Automatise le processus d&rsquo;ajout de nouveaux membres en tant qu&rsquo;amis sur votre site Web Buddypress<\/li>\n<li>\u00c9conomise du temps et des efforts en \u00e9liminant la n\u00e9cessit\u00e9 d&rsquo;ajouter des amis manuellement<\/li>\n<li>Augmente l&rsquo;engagement sur votre site Web en cr\u00e9ant un r\u00e9seau d&rsquo;utilisateurs actifs<\/li>\n<li>Permet la personnalisation avec divers param\u00e8tres et options<\/li>\n<li>Peut \u00eatre facilement install\u00e9 et configur\u00e9 avec des instructions \u00e9tape par \u00e9tape<\/li>\n<li>Compatible avec la derni\u00e8re version de WordPress et BuddyPress<\/li>\n<li>Fournit un excellent support client et des mises \u00e0 jour r\u00e9guli\u00e8res<\/li>\n<li>Aide \u00e0 am\u00e9liorer l&rsquo;exp\u00e9rience utilisateur et facilite la construction de la communaut\u00e9 sur votre site Web.<\/li>\n<\/ul>\n","protected":false},"excerpt":{"rendered":"<p>Auto Friendship Pro BuddyPress est un plugin dynamique et convivial con\u00e7u pour rationaliser votre exp\u00e9rience de r\u00e9seautage social. Cet outil innovant cr\u00e9e et accepte automatiquement les demandes d&rsquo;amiti\u00e9 entre les utilisateurs de votre site, favorisant une communaut\u00e9 plus connect\u00e9e. Il est parfait pour augmenter les niveaux d&rsquo;interaction et d&rsquo;engagement sur les sites de bouddypress, car il \u00e9limine le besoin de demandes d&rsquo;amis manuels, faisant gagner du temps et des efforts \u00e0 vos utilisateurs. Le plugin BuddyPress Auto Friendship Pro est facile \u00e0 utiliser, hautement personnalisable et con\u00e7u pour fonctionner parfaitement avec les r\u00e9seaux BuddyPress. Avec ce plugin, construire une communaut\u00e9 en ligne active et conviviale n&rsquo;a jamais \u00e9t\u00e9 aussi simple. Ne manquez pas la valeur que cela peut ajouter \u00e0 votre exp\u00e9rience de r\u00e9seautage social!<\/p>\n","protected":false},"featured_media":143332,"comment_status":"open","ping_status":"open","template":"","meta":[],"product_brand":[2483],"product_cat":[1189,1181,1186],"product_tag":[1867],"class_list":{"0":"post-116696","1":"product","2":"type-product","3":"status-publish","4":"has-post-thumbnail","6":"product_brand-buddydev","7":"product_cat-personnalisation","8":"product_cat-plugins","9":"product_cat-wordpress-plugins","10":"product_tag-buddydev","11":"member-discount","12":"discount-restricted","14":"first","15":"instock","16":"sale","17":"downloadable","18":"virtual","19":"sold-individually","20":"purchasable","21":"product-type-simple"},"_links":{"self":[{"href":"https:\/\/gpl-love.com\/fr\/wp-json\/wp\/v2\/product\/116696","targetHints":{"allow":["GET"]}}],"collection":[{"href":"https:\/\/gpl-love.com\/fr\/wp-json\/wp\/v2\/product"}],"about":[{"href":"https:\/\/gpl-love.com\/fr\/wp-json\/wp\/v2\/types\/product"}],"replies":[{"embeddable":true,"href":"https:\/\/gpl-love.com\/fr\/wp-json\/wp\/v2\/comments?post=116696"}],"wp:featuredmedia":[{"embeddable":true,"href":"https:\/\/gpl-love.com\/fr\/wp-json\/wp\/v2\/media\/143332"}],"wp:attachment":[{"href":"https:\/\/gpl-love.com\/fr\/wp-json\/wp\/v2\/media?parent=116696"}],"wp:term":[{"taxonomy":"product_brand","embeddable":true,"href":"https:\/\/gpl-love.com\/fr\/wp-json\/wp\/v2\/product_brand?post=116696"},{"taxonomy":"product_cat","embeddable":true,"href":"https:\/\/gpl-love.com\/fr\/wp-json\/wp\/v2\/product_cat?post=116696"},{"taxonomy":"product_tag","embeddable":true,"href":"https:\/\/gpl-love.com\/fr\/wp-json\/wp\/v2\/product_tag?post=116696"}],"curies":[{"name":"wp","href":"https:\/\/api.w.org\/{rel}","templated":true}]}}