{"id":116694,"date":"2026-04-10T00:00:00","date_gmt":"2026-04-09T22:00:00","guid":{"rendered":"http:\/\/gpl-love.com\/fr\/produit\/pwf-woocommerce-product-filters\/"},"modified":"2026-04-10T18:37:31","modified_gmt":"2026-04-10T16:37:31","slug":"pwf-woocommerce-product-filters","status":"publish","type":"product","link":"https:\/\/gpl-love.com\/fr\/produit\/pwf-woocommerce-product-filters\/","title":{"rendered":"PWF WooCommerce Product Filters 2.0.10"},"content":{"rendered":"<h3>PWF WooCommerce Product Filters Traits<\/h3>\n<p>PWF WooCommerce Product Filtres est un plugin extr\u00eamement puissant qui offre une multitude de fonctionnalit\u00e9s et de fonctionnalit\u00e9s pour am\u00e9liorer les performances et l&rsquo;efficacit\u00e9 de votre magasin WooCommerce. Avec la mise en \u0153uvre de ce plugin, vous avez la capacit\u00e9 d&rsquo;int\u00e9grer sans effort des filtres avanc\u00e9s dans votre magasin, facilitant ainsi une exp\u00e9rience d&rsquo;achat plus transparente et conviviale pour vos clients estim\u00e9s. Ces filtres peuvent \u00eatre adapt\u00e9s et personnalis\u00e9s pour r\u00e9pondre \u00e0 vos besoins et pr\u00e9f\u00e9rences sp\u00e9cifiques, vous permettant de cr\u00e9er une interface unique et personnalis\u00e9e. De plus, vous avez la flexibilit\u00e9 de s\u00e9lectionner parmi une gamme diversifi\u00e9e de styles et de dispositions qui s&rsquo;alignent parfaitement sur la marque de votre magasin estim\u00e9. La compatibilit\u00e9 in\u00e9gal\u00e9e des filtres de produits PWF WooCommerce avec votre magasin WooCommerce assure un processus de configuration sans tracas et acc\u00e9l\u00e9r\u00e9, vous permettant d&rsquo;observer des r\u00e9sultats significatifs et tangibles avec une plus grande opportunit\u00e9. Que votre objectif principal soit d&rsquo;optimiser le parcours d&rsquo;achat de vos clients, d&rsquo;augmenter les chiffres des ventes ou d&rsquo;atteindre les deux objectifs simultan\u00e9ment, les filtres de produits WOOCommerce PWF repr\u00e9sentent un outil indispensable et indispensable qui devrait \u00eatre un composant int\u00e8gre de r\u00e9pertoire du propri\u00e9taire du magasin WooCommerce.<\/p>\n<ul>\n<li>Options de filtrage avanc\u00e9 pour les produits WooCommerce<\/li>\n<li>Interface facile \u00e0 utiliser<\/li>\n<li>Permet aux clients de r\u00e9duire les produits par divers crit\u00e8res<\/li>\n<li>Gagnez du temps pour les clients en montrant uniquement des produits qui r\u00e9pondent \u00e0 leurs besoins sp\u00e9cifiques<\/li>\n<li>Augmente les taux de conversion en offrant une exp\u00e9rience de magasinage personnalis\u00e9e<\/li>\n<li>Peut \u00eatre int\u00e9gr\u00e9 \u00e0 n&rsquo;importe quel th\u00e8me WooCommerce<\/li>\n<li>Con\u00e7u pour les temps de chargement rapide<\/li>\n<li>Support complet et mises \u00e0 jour r\u00e9guli\u00e8res fournies<\/li>\n<li>Convient \u00e0 tous les types de magasins de commerce \u00e9lectronique<\/li>\n<li>Compatible avec plusieurs langues et devises<\/li>\n<li>Fonctionne sur tous les appareils &#8211; bureau, tablette et mobile<\/li>\n<li>Personnalisez les param\u00e8tres de filtre pour correspondre \u00e0 toutes les exigences commerciales<\/li>\n<li>Fournit des analyses et des informations sur le comportement de filtrage des clients<\/li>\n<li>R\u00e9duit les taux d&rsquo;abandon des paniers en offrant des suggestions de produits pertinents<\/li>\n<li>Augmente la satisfaction et la r\u00e9tention des clients<\/li>\n<li>Am\u00e9liore la navigation globale du site et l&rsquo;exp\u00e9rience utilisateur.<\/li>\n<\/ul>\n","protected":false},"excerpt":{"rendered":"<p>PWF WooCommerce Product Filtres poss\u00e8de un \u00e9ventail complet de fonctionnalit\u00e9s qui servent de r\u00e9ponse d\u00e9finitive \u00e0 l&rsquo;augmentation de l&rsquo;exp\u00e9rience de navigation des clients qui fr\u00e9quentent votre boutique en ligne. En tirant parti des prouesses de ce plugin remarquablement puissant, vous avez la capacit\u00e9 transparente de g\u00e9n\u00e9rer sans effort des filtres sophistiqu\u00e9s pour vos listes de produits, facilitant ainsi un processus rationalis\u00e9 pour les clients dans leur qu\u00eate pour d\u00e9terminer pr\u00e9cis\u00e9ment ce qu&rsquo;ils recherchent. Avec ses fonctionnalit\u00e9s intrins\u00e8quement conviviales et un vaste r\u00e9pertoire d&rsquo;options de personnalisation adaptables, les filtres de produits WOOCommerce PWF apparaissent comme l&rsquo;instrument par excellence pour maximiser l&rsquo;efficacit\u00e9 et l&rsquo;efficacit\u00e9 de votre boutique en ligne, r\u00e9sultant finalement par une am\u00e9lioration marqu\u00e9e de la satisfaction client.<\/p>\n","protected":false},"featured_media":145057,"comment_status":"open","ping_status":"open","template":"","meta":[],"product_brand":[2435],"product_cat":[1182,1223,1181],"product_tag":[1231],"class_list":{"0":"post-116694","1":"product","2":"type-product","3":"status-publish","4":"has-post-thumbnail","6":"product_brand-codecanyon","7":"product_cat-commerce-electronique-plugins","8":"product_cat-personnalisation-commerce-electronique-plugins","9":"product_cat-plugins","10":"product_tag-codecanyon","11":"member-discount","12":"discount-restricted","14":"first","15":"instock","16":"sale","17":"downloadable","18":"virtual","19":"sold-individually","20":"purchasable","21":"product-type-simple"},"_links":{"self":[{"href":"https:\/\/gpl-love.com\/fr\/wp-json\/wp\/v2\/product\/116694","targetHints":{"allow":["GET"]}}],"collection":[{"href":"https:\/\/gpl-love.com\/fr\/wp-json\/wp\/v2\/product"}],"about":[{"href":"https:\/\/gpl-love.com\/fr\/wp-json\/wp\/v2\/types\/product"}],"replies":[{"embeddable":true,"href":"https:\/\/gpl-love.com\/fr\/wp-json\/wp\/v2\/comments?post=116694"}],"wp:featuredmedia":[{"embeddable":true,"href":"https:\/\/gpl-love.com\/fr\/wp-json\/wp\/v2\/media\/145057"}],"wp:attachment":[{"href":"https:\/\/gpl-love.com\/fr\/wp-json\/wp\/v2\/media?parent=116694"}],"wp:term":[{"taxonomy":"product_brand","embeddable":true,"href":"https:\/\/gpl-love.com\/fr\/wp-json\/wp\/v2\/product_brand?post=116694"},{"taxonomy":"product_cat","embeddable":true,"href":"https:\/\/gpl-love.com\/fr\/wp-json\/wp\/v2\/product_cat?post=116694"},{"taxonomy":"product_tag","embeddable":true,"href":"https:\/\/gpl-love.com\/fr\/wp-json\/wp\/v2\/product_tag?post=116694"}],"curies":[{"name":"wp","href":"https:\/\/api.w.org\/{rel}","templated":true}]}}