{"id":116692,"date":"2024-07-02T00:00:00","date_gmt":"2024-07-01T22:00:00","guid":{"rendered":"http:\/\/gpl-love.com\/fr\/produit\/aliexpress-dropshipping-et-fulfillment-pour-woocommerce\/"},"modified":"2026-03-20T22:54:18","modified_gmt":"2026-03-20T21:54:18","slug":"aliexpress-dropshipping-et-fulfillment-pour-woocommerce","status":"publish","type":"product","link":"https:\/\/gpl-love.com\/fr\/produit\/aliexpress-dropshipping-et-fulfillment-pour-woocommerce\/","title":{"rendered":"Aliexpress Dropshipping et Fulfillment pour WooCommerce 2.0.4"},"content":{"rendered":"<h3>Aliexpress Dropshipping et Fulfillment pour WooCommerce Traits<\/h3>\n<p>AliExpress Dropshipping and Ex\u00e9cution pour WooCommerce fournit aux d\u00e9taillants en ligne une solution logicielle robuste, leur permettant d&rsquo;optimiser efficacement leur processus de r\u00e9alisation des commandes. En tirant parti des capacit\u00e9s de la plate-forme d&rsquo;importer sans effort les produits d&rsquo;AliExpress, les d\u00e9taillants peuvent rapidement int\u00e9grer de nouveaux produits dans leur boutique en ligne et commencer \u00e0 les vendre en un rien de temps. De plus, le logiciel automatise parfaitement l&rsquo;ensemble du processus de r\u00e9alisation, englobant le traitement des commandes et l&rsquo;exp\u00e9dition, permettant aux d\u00e9taillants de consacrer leurs efforts \u00e0 \u00e9tendre leur entreprise. Remarquablement convivial et int\u00e9gr\u00e9 de mani\u00e8re transparente \u00e0 WooCommerce, ce logiciel est une solution optimale pour les d\u00e9taillants en ligne qui cherchent \u00e0 am\u00e9liorer leur efficacit\u00e9 op\u00e9rationnelle et \u00e0 renforcer les ventes. Dans l&rsquo;ensemble, AliExpress DropShipping and Ex\u00e9cution pour WooCommerce sert d&rsquo;outil indispensable pour tout d\u00e9taillant en ligne visant \u00e0 rationaliser leur processus de r\u00e9alisation de commandes et \u00e0 propulser leur entreprise \u00e0 de nouveaux sommets.<\/p>\n<ul>\n<li>Int\u00e9gration transparente d&rsquo;AliExpress avec votre boutique WooCommerce<\/li>\n<li>\u00c9tablissement facile d&rsquo;un mod\u00e8le commercial dropshipping<\/li>\n<li>Acc\u00e8s \u00e0 une large s\u00e9lection de produits et de fournisseurs<\/li>\n<li>R\u00e9alisation automatique des commandes et suivi<\/li>\n<li>Capacit\u00e9 \u00e0 surveiller et g\u00e9rer les niveaux d&rsquo;inventaire<\/li>\n<li>Automatisation de la sauvegarde dans le temps des t\u00e2ches quotidiennes<\/li>\n<li>Prix \u200b\u200bpersonnalisables et marges b\u00e9n\u00e9ficiaires<\/li>\n<li>Analyses robustes et fonctionnalit\u00e9s de rapport<\/li>\n<li>\u00c9quipe de support client r\u00e9actif disponible 24\/7<\/li>\n<\/ul>\n","protected":false},"excerpt":{"rendered":"<p>ALIEXPRESS DROPSHIPPING and TEPLINMENT POUR WOOCOMMERCE est un outil innovant et efficace con\u00e7u pour optimiser votre boutique en ligne WooCommerce. Ce plugin vous permet d&rsquo;importer des produits directement depuis AliExpress dans votre magasin, ce qui vous permet de gagner du temps et des efforts. Avec ses fonctionnalit\u00e9s de dropshipping, vous pouvez vendre en douceur des produits sans maintenir l&rsquo;inventaire, ce qui en fait une solution id\u00e9ale pour les entrepreneurs de commerce \u00e9lectronique. De plus, le plugin facilite la r\u00e9alisation des commandes transparentes, la mise \u00e0 jour automatique des informations de suivi et la gestion de vos commandes. Cet outil convivial est un changement de jeu potentiel, vous apporte les avantages d&rsquo;un flux de travail rationalis\u00e9 et une efficacit\u00e9 accrue. Am\u00e9liorez votre boutique WooCommerce avec le plugin AliExpress Dropshipping and Faculment et exp\u00e9rimentez la facilit\u00e9 de commerce \u00e9lectronique comme jamais auparavant.<\/p>\n","protected":false},"featured_media":143108,"comment_status":"open","ping_status":"open","template":"","meta":[],"product_brand":[2435],"product_cat":[1182,1223,1181],"product_tag":[1231],"class_list":{"0":"post-116692","1":"product","2":"type-product","3":"status-publish","4":"has-post-thumbnail","6":"product_brand-codecanyon","7":"product_cat-commerce-electronique-plugins","8":"product_cat-personnalisation-commerce-electronique-plugins","9":"product_cat-plugins","10":"product_tag-codecanyon","11":"member-discount","12":"discount-restricted","14":"first","15":"instock","16":"sale","17":"downloadable","18":"virtual","19":"sold-individually","20":"purchasable","21":"product-type-simple"},"_links":{"self":[{"href":"https:\/\/gpl-love.com\/fr\/wp-json\/wp\/v2\/product\/116692","targetHints":{"allow":["GET"]}}],"collection":[{"href":"https:\/\/gpl-love.com\/fr\/wp-json\/wp\/v2\/product"}],"about":[{"href":"https:\/\/gpl-love.com\/fr\/wp-json\/wp\/v2\/types\/product"}],"replies":[{"embeddable":true,"href":"https:\/\/gpl-love.com\/fr\/wp-json\/wp\/v2\/comments?post=116692"}],"wp:featuredmedia":[{"embeddable":true,"href":"https:\/\/gpl-love.com\/fr\/wp-json\/wp\/v2\/media\/143108"}],"wp:attachment":[{"href":"https:\/\/gpl-love.com\/fr\/wp-json\/wp\/v2\/media?parent=116692"}],"wp:term":[{"taxonomy":"product_brand","embeddable":true,"href":"https:\/\/gpl-love.com\/fr\/wp-json\/wp\/v2\/product_brand?post=116692"},{"taxonomy":"product_cat","embeddable":true,"href":"https:\/\/gpl-love.com\/fr\/wp-json\/wp\/v2\/product_cat?post=116692"},{"taxonomy":"product_tag","embeddable":true,"href":"https:\/\/gpl-love.com\/fr\/wp-json\/wp\/v2\/product_tag?post=116692"}],"curies":[{"name":"wp","href":"https:\/\/api.w.org\/{rel}","templated":true}]}}