{"id":116690,"date":"2026-03-13T00:00:00","date_gmt":"2026-03-12T23:00:00","guid":{"rendered":"http:\/\/gpl-love.com\/fr\/produit\/woocommerce-xero\/"},"modified":"2026-03-20T23:48:36","modified_gmt":"2026-03-20T22:48:36","slug":"woocommerce-xero","status":"publish","type":"product","link":"https:\/\/gpl-love.com\/fr\/produit\/woocommerce-xero\/","title":{"rendered":"WooCommerce Xero 1.9.11"},"content":{"rendered":"<h3>WooCommerce Xero Traits<\/h3>\n<p>Le WooCommerce Xero, un outil tr\u00e8s indispensable pour les entreprises de commerce \u00e9lectronique cherchant \u00e0 optimiser et \u00e0 am\u00e9liorer leurs proc\u00e9dures comptables, sert d&rsquo;atout paramount. Cette int\u00e9gration remarquable \u00e9tablit une connexion transparente entre le magasin WooCommerce et le logiciel de comptabilit\u00e9 Xero, facilitant ainsi un transfert fluide et sans effort de donn\u00e9es financi\u00e8res cruciales. Exploitant la puissance de cette int\u00e9gration, les entreprises peuvent superviser et r\u00e9glementer sans effort leurs d\u00e9penses, factures et informations sur les clients, tout en n&rsquo;engendressant l&rsquo;automatisation du processus de r\u00e9conciliation ardu. L&rsquo;int\u00e9gration de WooCommerce Xero augmente non seulement la productivit\u00e9 en gagnant un temps pr\u00e9cieux, mais sert \u00e9galement de sauvegarde par rapport aux dangers des erreurs manuelles, garantissant que des informations financi\u00e8res pr\u00e9cises restent commod\u00e9ment \u00e0 la disposition du propri\u00e9taire de l&rsquo;entreprise astucieuse. Par cons\u00e9quent, l&rsquo;indispensabilit\u00e9 de cette int\u00e9gration ne peut pas \u00eatre surestim\u00e9e, car elle \u00e9merge sans \u00e9quivoque comme un outil par excellence pour le d\u00e9sir des entreprises de rationaliser leurs pratiques comptables et d&rsquo;\u00e9lever leur gestion financi\u00e8re \u00e0 des sommets sans pr\u00e9c\u00e9dent.<\/p>\n<ul>\n<li>Int\u00e8gre de mani\u00e8re transparente WooCommerce et Xero Accounting Software<\/li>\n<li>Permet le transfert automatique des commandes, des paiements et des mises \u00e0 jour des actions de WooCommerce \u00e0 Xero<\/li>\n<li>R\u00e9duit la saisie manuelle des donn\u00e9es et \u00e9limine le risque d&rsquo;erreurs<\/li>\n<li>Fournit une visibilit\u00e9 en temps r\u00e9el des niveaux d&rsquo;inventaire et des donn\u00e9es de vente<\/li>\n<li>Simplifie la comptabilit\u00e9 et les rapports financiers<\/li>\n<li>Prend en charge plusieurs canaux de vente et conversions de devises<\/li>\n<li>Offre des param\u00e8tres personnalisables et des options de configuration faciles<\/li>\n<li>Fournit un support technique r\u00e9actif et des mises \u00e0 jour r\u00e9guli\u00e8res<\/li>\n<li>Consid\u00e9r\u00e9 par des milliers d&rsquo;entreprises du monde entier<\/li>\n<\/ul>\n","protected":false},"excerpt":{"rendered":"<p>WooCommerce Xero se pr\u00e9sente comme un plugin d&rsquo;int\u00e9gration influent qui vise \u00e0 faciliter l&rsquo;optimisation de votre entreprise de commerce \u00e9lectronique gr\u00e2ce \u00e0 la synchronisation de vos commandes, produits, clients et factures tr\u00e8s estim\u00e9s. En incorporant cette int\u00e9gration, vous pouvez automatiser efficacement vos proc\u00e9dures comptables, freiner simultan\u00e9ment les erreurs de potentiel et conserver le temps pr\u00e9cieux. De plus, il vous accorde un acc\u00e8s sans entrave \u00e0 des donn\u00e9es financi\u00e8res m\u00e9ticuleusement mises \u00e0 jour, vous permettant ainsi de prendre des d\u00e9cisions bien inform\u00e9es et judicieuses concernant la trajectoire future de votre entreprise. B\u00e9n\u00e9ficiant de qualit\u00e9s conviviales, fiables et fortifi\u00e9es, WooCommerce Xero se mat\u00e9rialise en tant que solution par excellence pour les propri\u00e9taires de commerce \u00e9lectronique industrieux. Immergez-vous dans ses capacit\u00e9s aujourd&rsquo;hui et se pr\u00e9lassez-vous dans la Marvel qui est une int\u00e9gration transparente!<\/p>\n","protected":false},"featured_media":146077,"comment_status":"open","ping_status":"open","template":"","meta":[],"product_brand":[2440],"product_cat":[1183,1182,1181],"product_tag":[1398],"class_list":{"0":"post-116690","1":"product","2":"type-product","3":"status-publish","4":"has-post-thumbnail","6":"product_brand-woocommerce","7":"product_cat-administration","8":"product_cat-commerce-electronique-plugins","9":"product_cat-plugins","10":"product_tag-woocommerce","11":"member-discount","12":"discount-restricted","14":"first","15":"instock","16":"sale","17":"downloadable","18":"virtual","19":"sold-individually","20":"purchasable","21":"product-type-simple"},"_links":{"self":[{"href":"https:\/\/gpl-love.com\/fr\/wp-json\/wp\/v2\/product\/116690","targetHints":{"allow":["GET"]}}],"collection":[{"href":"https:\/\/gpl-love.com\/fr\/wp-json\/wp\/v2\/product"}],"about":[{"href":"https:\/\/gpl-love.com\/fr\/wp-json\/wp\/v2\/types\/product"}],"replies":[{"embeddable":true,"href":"https:\/\/gpl-love.com\/fr\/wp-json\/wp\/v2\/comments?post=116690"}],"wp:featuredmedia":[{"embeddable":true,"href":"https:\/\/gpl-love.com\/fr\/wp-json\/wp\/v2\/media\/146077"}],"wp:attachment":[{"href":"https:\/\/gpl-love.com\/fr\/wp-json\/wp\/v2\/media?parent=116690"}],"wp:term":[{"taxonomy":"product_brand","embeddable":true,"href":"https:\/\/gpl-love.com\/fr\/wp-json\/wp\/v2\/product_brand?post=116690"},{"taxonomy":"product_cat","embeddable":true,"href":"https:\/\/gpl-love.com\/fr\/wp-json\/wp\/v2\/product_cat?post=116690"},{"taxonomy":"product_tag","embeddable":true,"href":"https:\/\/gpl-love.com\/fr\/wp-json\/wp\/v2\/product_tag?post=116690"}],"curies":[{"name":"wp","href":"https:\/\/api.w.org\/{rel}","templated":true}]}}