{"id":116686,"date":"2026-03-25T00:00:00","date_gmt":"2026-03-24T23:00:00","guid":{"rendered":"http:\/\/gpl-love.com\/fr\/produit\/woocommerce-fedex-shipping-method\/"},"modified":"2026-04-10T18:46:53","modified_gmt":"2026-04-10T16:46:53","slug":"woocommerce-fedex-shipping-method","status":"publish","type":"product","link":"https:\/\/gpl-love.com\/fr\/produit\/woocommerce-fedex-shipping-method\/","title":{"rendered":"WooCommerce FedEx Shipping Method 4.5.6"},"content":{"rendered":"<h3>WooCommerce FedEx Shipping Method Traits<\/h3>\n<p>La m\u00e9thode d&rsquo;exp\u00e9dition WooCommerce FedEx poss\u00e8de une fonctionnalit\u00e9 remarquable et robuste qui permet aux d\u00e9taillants en ligne d&rsquo;incorporer de mani\u00e8re transparente les services d&rsquo;exp\u00e9dition FedEx dans leur magasin WooCommerce, catapultant leurs capacit\u00e9s d&rsquo;exp\u00e9dition \u00e0 de nouveaux sommets. En tirant parti de la puissance de ce plugin, les propri\u00e9taires de magasins sont \u00e9quip\u00e9s de la possibilit\u00e9 d&rsquo;\u00e9tablir et de g\u00e9rer sans effort les options d&rsquo;exp\u00e9dition FedEx, de compter les tarifs d&rsquo;exp\u00e9dition en temps r\u00e9el, les informations de suivi et une gamme d&rsquo;options de livraison adapt\u00e9es pour r\u00e9pondre aux besoins uniques de leurs clients estim\u00e9s clients . Par cons\u00e9quent, ce plugin offre une int\u00e9gration in\u00e9gal\u00e9e avec FedEx, r\u00e9volutionnant la fa\u00e7on dont les d\u00e9taillants entreprennent leurs op\u00e9rations d&rsquo;exp\u00e9dition et ouvrent la voie \u00e0 une exp\u00e9rience d&rsquo;exp\u00e9dition exceptionnelle qui d\u00e9passe toutes les attentes. En substance, la m\u00e9thode d&rsquo;exp\u00e9dition WooCommerce FedEx est un instrument indispensable qui propulse toute entreprise de commerce \u00e9lectronique envers le Zenith du succ\u00e8s, car il renforce avec succ\u00e8s ses prouesses d&rsquo;exp\u00e9dition et favorise une exp\u00e9rience d&rsquo;achat plus compl\u00e8te et plus d\u00e9licieuse pour sa client\u00e8le ch\u00e9ri.<\/p>\n<ul>\n<li>Permet aux clients de s\u00e9lectionner facilement FedEx comme option d&rsquo;exp\u00e9dition lors du paiement.<\/li>\n<li>Calcule les tarifs d&rsquo;exp\u00e9dition en fonction du poids, des dimensions et du lieu de livraison.<\/li>\n<li>Offre des tarifs d&rsquo;exp\u00e9dition en temps r\u00e9el directement de FedEx, garantissant l&rsquo;exactitude et la fiabilit\u00e9.<\/li>\n<li>Comprend la possibilit\u00e9 d&rsquo;imprimer des \u00e9tiquettes d&rsquo;exp\u00e9dition et de g\u00e9n\u00e9rer des num\u00e9ros de suivi.<\/li>\n<li>Met \u00e0 jour automatiquement l&rsquo;\u00e9tat de la commande avec les informations de suivi lors de la cr\u00e9ation d&rsquo;une \u00e9tiquette.<\/li>\n<li>Permet l&rsquo;utilisation de fonctionnalit\u00e9s sp\u00e9cifiques \u00e0 FedEx telles que la confirmation de signature et les options d&rsquo;assurance.<\/li>\n<li>Compatible avec toutes les monnaies et r\u00e9gions soutenues par WooCommerce.<\/li>\n<li>Peut \u00eatre facilement configur\u00e9 et personnalis\u00e9 pour r\u00e9pondre aux besoins commerciaux sp\u00e9cifiques.<\/li>\n<li>Fournit une solution d&rsquo;exp\u00e9dition transparente et efficace pour les commer\u00e7ants et les clients.<\/li>\n<\/ul>\n","protected":false},"excerpt":{"rendered":"<p>La m\u00e9thode d&rsquo;exp\u00e9dition WooCommerce FedEx est un plugin incroyablement utile qui offre aux propri\u00e9taires de magasins en ligne la possibilit\u00e9 d&rsquo;int\u00e9grer de mani\u00e8re transparente les options d&rsquo;exp\u00e9dition FedEx dans leur boutique WooCommerce. En utilisant ce plugin, les propri\u00e9taires de magasins peuvent offrir \u00e0 leurs clients la commodit\u00e9 de consulter des tarifs d&rsquo;exp\u00e9dition pr\u00e9cis directement \u00e0 la caisse, ainsi que de recevoir des mises \u00e0 jour de suivi en temps r\u00e9el sur leurs commandes. En outre, ce plugin remarquable englobe \u00e9galement une gamme de fonctionnalit\u00e9s impressionnantes, y compris la possibilit\u00e9 de personnaliser les options d&rsquo;exp\u00e9dition FedEx en fonction des pr\u00e9f\u00e9rences individuelles, de g\u00e9rer efficacement plusieurs adresses d&rsquo;exp\u00e9dition, et bien plus encore. En fin de compte, la mise en \u0153uvre de la m\u00e9thode d&rsquo;exp\u00e9dition WooCommerce FedEx am\u00e9liorera sans aucun doute et optimisera le processus d&rsquo;exp\u00e9dition de votre magasin, garantissant ainsi une exp\u00e9rience d&rsquo;achat remarquablement sans couture et satisfaisante pour vos pr\u00e9cieux clients.<\/p>\n","protected":false},"featured_media":145881,"comment_status":"open","ping_status":"open","template":"","meta":[],"product_brand":[2440],"product_cat":[1182,1223,1181],"product_tag":[1398],"class_list":{"0":"post-116686","1":"product","2":"type-product","3":"status-publish","4":"has-post-thumbnail","6":"product_brand-woocommerce","7":"product_cat-commerce-electronique-plugins","8":"product_cat-personnalisation-commerce-electronique-plugins","9":"product_cat-plugins","10":"product_tag-woocommerce","11":"member-discount","12":"discount-restricted","14":"first","15":"instock","16":"sale","17":"downloadable","18":"virtual","19":"sold-individually","20":"purchasable","21":"product-type-simple"},"_links":{"self":[{"href":"https:\/\/gpl-love.com\/fr\/wp-json\/wp\/v2\/product\/116686","targetHints":{"allow":["GET"]}}],"collection":[{"href":"https:\/\/gpl-love.com\/fr\/wp-json\/wp\/v2\/product"}],"about":[{"href":"https:\/\/gpl-love.com\/fr\/wp-json\/wp\/v2\/types\/product"}],"replies":[{"embeddable":true,"href":"https:\/\/gpl-love.com\/fr\/wp-json\/wp\/v2\/comments?post=116686"}],"wp:featuredmedia":[{"embeddable":true,"href":"https:\/\/gpl-love.com\/fr\/wp-json\/wp\/v2\/media\/145881"}],"wp:attachment":[{"href":"https:\/\/gpl-love.com\/fr\/wp-json\/wp\/v2\/media?parent=116686"}],"wp:term":[{"taxonomy":"product_brand","embeddable":true,"href":"https:\/\/gpl-love.com\/fr\/wp-json\/wp\/v2\/product_brand?post=116686"},{"taxonomy":"product_cat","embeddable":true,"href":"https:\/\/gpl-love.com\/fr\/wp-json\/wp\/v2\/product_cat?post=116686"},{"taxonomy":"product_tag","embeddable":true,"href":"https:\/\/gpl-love.com\/fr\/wp-json\/wp\/v2\/product_tag?post=116686"}],"curies":[{"name":"wp","href":"https:\/\/api.w.org\/{rel}","templated":true}]}}