{"id":116684,"date":"2025-04-29T00:00:00","date_gmt":"2025-04-28T22:00:00","guid":{"rendered":"http:\/\/gpl-love.com\/fr\/produit\/sumo-woocommerce-dynamic-pricing-discounts\/"},"modified":"2026-04-10T18:41:27","modified_gmt":"2026-04-10T16:41:27","slug":"sumo-woocommerce-dynamic-pricing-discounts","status":"publish","type":"product","link":"https:\/\/gpl-love.com\/fr\/produit\/sumo-woocommerce-dynamic-pricing-discounts\/","title":{"rendered":"Sumo WooCommerce Dynamic Pricing Discounts 6.5.0"},"content":{"rendered":"<h3>Sumo WooCommerce Dynamic Pricing Discounts Traits<\/h3>\n<p>SUMO WOOCOMMERCE Les r\u00e9ductions sur les prix dynamiques sont un plugin extr\u00eamement formidable qui accorde aux propri\u00e9taires de la boutique en ligne la possibilit\u00e9 de accorder des r\u00e9ductions \u00e0 leurs clients subordonn\u00e9s \u00e0 des r\u00e8gles et conditions sp\u00e9cifiques. Avec l&rsquo;utilisation de ce plugin, on peut \u00e9tablir des r\u00e8gles de prix dynamiques en fonction de l&#8217;emplacement g\u00e9ographique du client, de la quantit\u00e9 de commandes, de la cat\u00e9gorie de produits et d&rsquo;une pl\u00e9thore d&rsquo;autres facteurs. Cela permet de fournir des remises sur mesure \u00e0 leurs clients estim\u00e9s, augmentant ainsi la fid\u00e9lit\u00e9 des clients et finalement stimuler les chiffres de vente. L&rsquo;installation et la configuration du plugin est un g\u00e2teau, gr\u00e2ce \u00e0 son interface conviviale qui facilite la cr\u00e9ation et la gestion sans effort des r\u00e8gles de tarification. Que l&rsquo;on cherche \u00e0 offrir des rabais en vrac, des promotions saisonni\u00e8res ou des offres bas\u00e9es sur la localisation, la solution in\u00e9gal\u00e9e pour son magasin WooCommerce r\u00e9side dans les r\u00e9ductions de prix dynamiques de Sumo WooCommerce.<\/p>\n<ul>\n<li>Appliquer automatiquement des r\u00e9ductions de prix dynamiques \u00e0 votre boutique WooCommerce<\/li>\n<li>Cr\u00e9er des r\u00e8gles de tarification personnalisables en fonction du r\u00f4le utilisateur, de la cat\u00e9gorie de produits, de la quantit\u00e9, et plus<\/li>\n<li>Alimenter les ventes en offrant des remises en quantit\u00e9, un pourcentage ou des remises \u00e0 montants fixes et des options de tarification \u00e0 plusieurs niveaux<\/li>\n<li>G\u00e9rer et mettre \u00e0 jour facilement les r\u00e8gles de tarification avec une interface conviviale<\/li>\n<li>Offrez des remises sp\u00e9ciales lors des ventes, des vacances et d&rsquo;autres promotions<\/li>\n<li>Calculer et afficher les montants de r\u00e9duction en temps r\u00e9el pour que les clients puissent voir<\/li>\n<li>Compatible avec les th\u00e8mes et plugins populaires, y compris les constructeurs de pages et les extensions de paiement<\/li>\n<li>Augmenter la fid\u00e9lit\u00e9 des clients en offrant des options de tarification personnalis\u00e9es<\/li>\n<li>Gardez un aper\u00e7u des tendances des prix et ajustez les strat\u00e9gies de tarification en cons\u00e9quence<\/li>\n<li>Am\u00e9liorer les revenus globaux et les marges b\u00e9n\u00e9ficiaires avec de puissantes solutions de tarification dynamique.<\/li>\n<\/ul>\n","protected":false},"excerpt":{"rendered":"<p>SUMO WOOCOMMERCE Les r\u00e9ductions sur les prix dynamiques sont un plugin incroyablement robuste et tr\u00e8s efficace qui permet aux propri\u00e9taires de magasins en ligne la possibilit\u00e9 de g\u00e9n\u00e9rer des r\u00e8gles de prix complexes et de mettre en \u0153uvre sans effort des remises dynamiques sur leur diversit\u00e9 de produits. En tirant parti de cet outil de pointe et r\u00e9volutionnaire, vous avez la possibilit\u00e9 exceptionnelle d&rsquo;am\u00e9liorer exponentiellement vos ventes en offrant des remises m\u00e9ticuleusement adapt\u00e9es \u00e0 des segments de client\u00e8le sp\u00e9cifiques, \u00e0 des produits variables et m\u00eame \u00e0 des quantit\u00e9s de commande variables. Ind\u00e9pendamment de la pr\u00e9sidence d&rsquo;une boutique en ligne modeste ou de la commande d&rsquo;une entreprise de commerce \u00e9lectronique tentaculaire et vaste, les remises de prix dynamiques de Sumo WooCommerce servent de solution in\u00e9gal\u00e9e pour revigorer vos gains mon\u00e9taires et optimiser m\u00e9ticuleusement votre strat\u00e9gie de prix. Essayez ce plugin ph\u00e9nom\u00e9nal aujourd&rsquo;hui et assistez de premi\u00e8re main \u00e0 la transformation remarquable qu&rsquo;il peut d\u00e9clencher pour votre entreprise estim\u00e9e!<\/p>\n","protected":false},"featured_media":145401,"comment_status":"open","ping_status":"open","template":"","meta":[],"product_brand":[2435],"product_cat":[1182,1223,1181],"product_tag":[1231],"class_list":{"0":"post-116684","1":"product","2":"type-product","3":"status-publish","4":"has-post-thumbnail","6":"product_brand-codecanyon","7":"product_cat-commerce-electronique-plugins","8":"product_cat-personnalisation-commerce-electronique-plugins","9":"product_cat-plugins","10":"product_tag-codecanyon","11":"member-discount","12":"discount-restricted","14":"first","15":"instock","16":"sale","17":"downloadable","18":"virtual","19":"sold-individually","20":"purchasable","21":"product-type-simple"},"_links":{"self":[{"href":"https:\/\/gpl-love.com\/fr\/wp-json\/wp\/v2\/product\/116684","targetHints":{"allow":["GET"]}}],"collection":[{"href":"https:\/\/gpl-love.com\/fr\/wp-json\/wp\/v2\/product"}],"about":[{"href":"https:\/\/gpl-love.com\/fr\/wp-json\/wp\/v2\/types\/product"}],"replies":[{"embeddable":true,"href":"https:\/\/gpl-love.com\/fr\/wp-json\/wp\/v2\/comments?post=116684"}],"wp:featuredmedia":[{"embeddable":true,"href":"https:\/\/gpl-love.com\/fr\/wp-json\/wp\/v2\/media\/145401"}],"wp:attachment":[{"href":"https:\/\/gpl-love.com\/fr\/wp-json\/wp\/v2\/media?parent=116684"}],"wp:term":[{"taxonomy":"product_brand","embeddable":true,"href":"https:\/\/gpl-love.com\/fr\/wp-json\/wp\/v2\/product_brand?post=116684"},{"taxonomy":"product_cat","embeddable":true,"href":"https:\/\/gpl-love.com\/fr\/wp-json\/wp\/v2\/product_cat?post=116684"},{"taxonomy":"product_tag","embeddable":true,"href":"https:\/\/gpl-love.com\/fr\/wp-json\/wp\/v2\/product_tag?post=116684"}],"curies":[{"name":"wp","href":"https:\/\/api.w.org\/{rel}","templated":true}]}}