{"id":116682,"date":"2021-12-20T00:00:00","date_gmt":"2021-12-19T23:00:00","guid":{"rendered":"http:\/\/gpl-love.com\/fr\/produit\/easy-digital-downloads-activecampaign\/"},"modified":"2026-03-20T23:01:43","modified_gmt":"2026-03-20T22:01:43","slug":"easy-digital-downloads-activecampaign","status":"publish","type":"product","link":"https:\/\/gpl-love.com\/fr\/produit\/easy-digital-downloads-activecampaign\/","title":{"rendered":"Easy Digital Downloads ActiveCampaign 1.1.4"},"content":{"rendered":"<h3>Easy Digital Downloads ActiveCampaign Traits<\/h3>\n<p>Les t\u00e9l\u00e9chargements num\u00e9riques faciles ActiveCampaign sont un outil robuste et tr\u00e8s efficace qui permet aux entreprises en ligne en leur fournissant les moyens d&rsquo;automatiser et de rationaliser leurs processus de marketing. En int\u00e9grant de mani\u00e8re transparente avec des t\u00e9l\u00e9chargements num\u00e9riques faciles, une plate-forme de commerce \u00e9lectronique largement utilis\u00e9e et estim\u00e9e, ainsi qu&rsquo;avec ActiveCampaign, un logiciel d&rsquo;automatisation du marketing de pointe, cette formidable fusion permet aux utilisateurs de r\u00e9partir sans effort et automatiquement des e-mails cibl\u00e9s, de surveiller et d&rsquo;analyser minutieusement les comportements des clients et automatiquement et automatiquement et construire et impl\u00e9menter m\u00e9ticuleusement des flux de travail personnalis\u00e9s. Avec l&rsquo;utilisation de t\u00e9l\u00e9chargements num\u00e9riques faciles ActiveCampaign, les entreprises peuvent cultiver et nourrir efficacement les prospects, am\u00e9liorer consid\u00e9rablement l&rsquo;engagement des clients et finalement amplifier leurs sources de revenus. Que vous soyez le propri\u00e9taire d&rsquo;une modeste boutique en ligne ou d&rsquo;une vaste entreprise, cet outil inestimable repr\u00e9sente un atout indispensable pour toute entreprise commerciale pour optimiser leurs efforts de marketing.<\/p>\n<ul>\n<li>Int\u00e8gre de mani\u00e8re transparente les t\u00e9l\u00e9chargements num\u00e9riques faciles avec ActiveCampaign CRM<\/li>\n<li>Automatiser les campagnes de marketing par e-mail en fonction du comportement d&rsquo;achat des clients<\/li>\n<li>Cr\u00e9er des listes de diffusion cibl\u00e9es en fonction des personnages de l&rsquo;acheteur<\/li>\n<li>Suivre l&rsquo;historique des achats des clients et les informations pour am\u00e9liorer la strat\u00e9gie marketing<\/li>\n<li>D\u00e9clencher des s\u00e9quences d&rsquo;e-mail personnalis\u00e9es en fonction de actions sp\u00e9cifiques, telles que l&rsquo;abandon de panier ou l&rsquo;achat de produit<\/li>\n<li>Importez facilement des donn\u00e9es client de t\u00e9l\u00e9chargements num\u00e9riques faciles \u00e0 activeCampaign<\/li>\n<li>Augmenter les taux de conversion des ventes et la fid\u00e9lit\u00e9 des clients gr\u00e2ce \u00e0 la communication personnalis\u00e9e<\/li>\n<li>Aucune comp\u00e9tence de codage requise pour la configuration et la configuration<\/li>\n<li>Fournit de puissantes capacit\u00e9s d&rsquo;analyse et de rapports pour une \u00e9valuation efficace des campagnes<\/li>\n<\/ul>\n","protected":false},"excerpt":{"rendered":"<p>Am\u00e9liorez votre entreprise en ligne avec des t\u00e9l\u00e9chargements num\u00e9riques faciles ActiveCampaign! Cet outil puissant s&rsquo;int\u00e8gre de mani\u00e8re transparente \u00e0 votre magasin EDD, vous permettant de suivre et de g\u00e9rer facilement vos informations client. Avec ActiveCampaign, vous pouvez automatiser vos campagnes de marketing par e-mail, am\u00e9liorer l&rsquo;engagement des clients et augmenter les ventes. Le plugin vous permet \u00e9galement de cr\u00e9er des exp\u00e9riences client personnalis\u00e9es, offrant des produits cibl\u00e9s en fonction des achats pr\u00e9c\u00e9dents ou de l&rsquo;historique de navigation. Obtenez des analyses d\u00e9taill\u00e9es sur les performances de votre campagne et prenez des d\u00e9cisions bas\u00e9es sur les donn\u00e9es pour optimiser vos strat\u00e9gies de marketing num\u00e9rique. Amplifiez votre succ\u00e8s de commerce \u00e9lectronique avec des t\u00e9l\u00e9chargements num\u00e9riques faciles ActiveCampaign!<\/p>\n","protected":false},"featured_media":143597,"comment_status":"open","ping_status":"open","template":"","meta":[],"product_brand":[2523],"product_cat":[1200,1182,1181],"product_tag":[1255],"class_list":{"0":"post-116682","1":"product","2":"type-product","3":"status-publish","4":"has-post-thumbnail","6":"product_brand-easy-digital-downloads","7":"product_cat-commercialisation","8":"product_cat-commerce-electronique-plugins","9":"product_cat-plugins","10":"product_tag-easy-digital-downloads","11":"member-discount","12":"discount-restricted","14":"first","15":"instock","16":"sale","17":"downloadable","18":"virtual","19":"sold-individually","20":"purchasable","21":"product-type-simple"},"_links":{"self":[{"href":"https:\/\/gpl-love.com\/fr\/wp-json\/wp\/v2\/product\/116682","targetHints":{"allow":["GET"]}}],"collection":[{"href":"https:\/\/gpl-love.com\/fr\/wp-json\/wp\/v2\/product"}],"about":[{"href":"https:\/\/gpl-love.com\/fr\/wp-json\/wp\/v2\/types\/product"}],"replies":[{"embeddable":true,"href":"https:\/\/gpl-love.com\/fr\/wp-json\/wp\/v2\/comments?post=116682"}],"wp:featuredmedia":[{"embeddable":true,"href":"https:\/\/gpl-love.com\/fr\/wp-json\/wp\/v2\/media\/143597"}],"wp:attachment":[{"href":"https:\/\/gpl-love.com\/fr\/wp-json\/wp\/v2\/media?parent=116682"}],"wp:term":[{"taxonomy":"product_brand","embeddable":true,"href":"https:\/\/gpl-love.com\/fr\/wp-json\/wp\/v2\/product_brand?post=116682"},{"taxonomy":"product_cat","embeddable":true,"href":"https:\/\/gpl-love.com\/fr\/wp-json\/wp\/v2\/product_cat?post=116682"},{"taxonomy":"product_tag","embeddable":true,"href":"https:\/\/gpl-love.com\/fr\/wp-json\/wp\/v2\/product_tag?post=116682"}],"curies":[{"name":"wp","href":"https:\/\/api.w.org\/{rel}","templated":true}]}}