{"id":116673,"date":"2025-10-01T00:00:00","date_gmt":"2025-09-30T22:00:00","guid":{"rendered":"http:\/\/gpl-love.com\/fr\/produit\/tiered-pricing-table-pour-woocommerce\/"},"modified":"2026-04-10T18:43:33","modified_gmt":"2026-04-10T16:43:33","slug":"tiered-pricing-table-pour-woocommerce","status":"publish","type":"product","link":"https:\/\/gpl-love.com\/fr\/produit\/tiered-pricing-table-pour-woocommerce\/","title":{"rendered":"Tiered Pricing Table pour WooCommerce 8.3.0"},"content":{"rendered":"<h3>Tiered Pricing Table pour WooCommerce Traits<\/h3>\n<p>La table de tarification \u00e0 plusieurs niveaux pour WooCommerce, un outil incroyablement puissant, se pr\u00e9sente comme un atout inestimable dans la cr\u00e9ation de tables de prix pour votre boutique en ligne estim\u00e9e. En utilisant ce plugin immacul\u00e9, vous pouvez \u00e9tendre gracieusement les prix divergents conform\u00e9ment \u00e0 la quantit\u00e9 d&rsquo;articles achet\u00e9s par votre client\u00e8le estim\u00e9e. Cette fonctionnalit\u00e9 primordiale vous permet d&rsquo;inciter g\u00e9n\u00e9reusement vos clients \u00e0 effectuer des achats en vrac par des remises judicieusement prolong\u00e9es. Simultan\u00e9ment, le plugin, toujours si convivial, vous accorde le pouvoir de cr\u00e9er un nombre infini de tables de prix, r\u00e9pondant ainsi sans effort \u00e0 vos besoins exacts. De plus, les options de personnalisation abondent, vous permettant d&rsquo;harmoniser de mani\u00e8re transparente l&rsquo;esth\u00e9tique visuelle de vos tables de prix avec la conception globale de votre site Web. En int\u00e9grant la formidable table de tarification \u00e0 plusieurs niveaux pour WooCommerce, vous allez sans aucun doute assister \u00e0 une augmentation fulgurante des ventes et des revenus, tout en garantissant avec diligence la fourniture d&rsquo;une exp\u00e9rience d&rsquo;achat in\u00e9gal\u00e9e pour vos clients ch\u00e9ris.<\/p>\n<ul>\n<li>Cr\u00e9er des niveaux de tarification dynamique et personnalisable pour votre boutique WooCommerce<\/li>\n<li>Configurez facilement des r\u00e9ductions en fonction de la quantit\u00e9, des variations de produits et plus<\/li>\n<li>Offrez aux clients une structure de prix rationalis\u00e9e et facile \u00e0 comprendre<\/li>\n<li>Augmenter les ventes en incitant les clients \u00e0 acheter plus<\/li>\n<li>Personnaliser les options d&rsquo;affichage pour correspondre \u00e0 votre marque et \u00e0 votre conception de site Web<\/li>\n<li>Aucune connaissance de codage requise pour la configuration et l&rsquo;utilisation<\/li>\n<li>Compatible avec les versions actuelles et futures de WooCommerce<\/li>\n<li>La conception r\u00e9active garantit que les tables de tarification ont fi\u00e8re allure sur n&rsquo;importe quel appareil<\/li>\n<li>Moyen efficace et efficace de g\u00e9rer les prix et de promouvoir les ventes dans votre boutique en ligne.<\/li>\n<\/ul>\n","protected":false},"excerpt":{"rendered":"<p>La table de tarification \u00e0 plusieurs niveaux pour le plugin WooCommerce offre un moyen tr\u00e8s efficace de renforcer les ventes pour votre boutique en ligne. En utilisant ce plugin, vous avez la possibilit\u00e9 d&rsquo;\u00e9tablir un tableau de prix qui pr\u00e9sente des options de tarification \u00e0 plusieurs niveaux subordonn\u00e9es \u00e0 la quantit\u00e9 d&rsquo;\u00e9l\u00e9ments obtenus. Cela est non seulement une incitation aux clients \u00e0 effectuer des achats plus importants et \u00e0 \u00e9conomiser de l&rsquo;argent, mais facilite \u00e9galement une augmentation consid\u00e9rable de vos revenus. De plus, vous avez la possibilit\u00e9 de montrer le tableau des prix sur les pages de produits et de s\u00e9lectionner dans une gamme de dispositions et de couleurs distinctes pour assurer une int\u00e9gration transparente avec la conception globale de votre magasin. En outre, le plugin poss\u00e8de un processus et une interface d&rsquo;installation conviviaux, ce qui en fait un atout inestimable pour tout propri\u00e9taire de magasin WooCommerce exigeant.<\/p>\n","protected":false},"featured_media":145587,"comment_status":"open","ping_status":"open","template":"","meta":[],"product_brand":[2440],"product_cat":[1182,1223,1181],"product_tag":[1398],"class_list":{"0":"post-116673","1":"product","2":"type-product","3":"status-publish","4":"has-post-thumbnail","6":"product_brand-woocommerce","7":"product_cat-commerce-electronique-plugins","8":"product_cat-personnalisation-commerce-electronique-plugins","9":"product_cat-plugins","10":"product_tag-woocommerce","11":"member-discount","12":"discount-restricted","14":"first","15":"instock","16":"sale","17":"downloadable","18":"virtual","19":"sold-individually","20":"purchasable","21":"product-type-simple"},"_links":{"self":[{"href":"https:\/\/gpl-love.com\/fr\/wp-json\/wp\/v2\/product\/116673","targetHints":{"allow":["GET"]}}],"collection":[{"href":"https:\/\/gpl-love.com\/fr\/wp-json\/wp\/v2\/product"}],"about":[{"href":"https:\/\/gpl-love.com\/fr\/wp-json\/wp\/v2\/types\/product"}],"replies":[{"embeddable":true,"href":"https:\/\/gpl-love.com\/fr\/wp-json\/wp\/v2\/comments?post=116673"}],"wp:featuredmedia":[{"embeddable":true,"href":"https:\/\/gpl-love.com\/fr\/wp-json\/wp\/v2\/media\/145587"}],"wp:attachment":[{"href":"https:\/\/gpl-love.com\/fr\/wp-json\/wp\/v2\/media?parent=116673"}],"wp:term":[{"taxonomy":"product_brand","embeddable":true,"href":"https:\/\/gpl-love.com\/fr\/wp-json\/wp\/v2\/product_brand?post=116673"},{"taxonomy":"product_cat","embeddable":true,"href":"https:\/\/gpl-love.com\/fr\/wp-json\/wp\/v2\/product_cat?post=116673"},{"taxonomy":"product_tag","embeddable":true,"href":"https:\/\/gpl-love.com\/fr\/wp-json\/wp\/v2\/product_tag?post=116673"}],"curies":[{"name":"wp","href":"https:\/\/api.w.org\/{rel}","templated":true}]}}