{"id":116671,"date":"2021-07-30T00:00:00","date_gmt":"2021-07-29T22:00:00","guid":{"rendered":"http:\/\/gpl-love.com\/fr\/produit\/car-shire-auto-mechanic-et-repair-wordpress-theme\/"},"modified":"2026-03-20T22:58:01","modified_gmt":"2026-03-20T21:58:01","slug":"car-shire-auto-mechanic-et-repair-wordpress-theme","status":"publish","type":"product","link":"https:\/\/gpl-love.com\/fr\/produit\/car-shire-auto-mechanic-et-repair-wordpress-theme\/","title":{"rendered":"Car Shire Auto Mechanic et Repair WordPress Theme 2.7"},"content":{"rendered":"<h3>Car Shire Auto Mechanic et Repair WordPress Theme Traits<\/h3>\n<p>Le th\u00e8me WordPress de l&rsquo;auto Shire et r\u00e9paration se pr\u00e9sente comme la solution ultime pour les entreprises op\u00e9rant dans l&rsquo;industrie automobile, offrant un design vierge et sophistiqu\u00e9 qui incarne \u00e0 la fois la contemporan\u00e9it\u00e9 et l&rsquo;\u00e9l\u00e9gance. Ce th\u00e8me donne aux utilisateurs le pouvoir de personnaliser pleinement la disposition et les fonctionnalit\u00e9s de leur site Web, r\u00e9pondant \u00e0 leurs exigences pr\u00e9cises. De plus, il poss\u00e8de un vaste \u00e9ventail de fonctionnalit\u00e9s et d&rsquo;outils qui simplifient la gestion et l&rsquo;entretien des ateliers de r\u00e9paration automobile en ligne ou des entreprises de m\u00e9canique automobile, englobant la planification de rendez-vous, les listes de services et les tables de tarification. Avec la mise en \u0153uvre d&rsquo;une conception r\u00e9active, Car Shire Auto Mechanic and Repair WordPress Le th\u00e8me garantit que votre site Web reste enti\u00e8rement accessible sur tous les appareils, facilitant les clients dans l&rsquo;acc\u00e8s \u00e0 vos services sans effort de n&rsquo;importe o\u00f9, \u00e0 tout moment.<\/p>\n<ul>\n<li>Conception enti\u00e8rement r\u00e9active pour une visualisation optimale sur tous les appareils<\/li>\n<li>Architecture de page d&rsquo;accueil personnalisable avec g\u00e9n\u00e9rateur de pages glisser-d\u00e9poser<\/li>\n<li>Plusieurs sch\u00e9mas de couleurs inclus ou personnaliser le v\u00f4tre<\/li>\n<li>Panneau d&rsquo;options robuste pour une personnalisation facile du site<\/li>\n<li>Sections des services, de la galerie et des tables de prix pour pr\u00e9senter votre expertise<\/li>\n<li>Section des t\u00e9moignages pour la preuve sociale et les commentaires des clients<\/li>\n<li>Syst\u00e8me de r\u00e9servation de rendez-vous inclus avec des formulaires personnalisables et des notifications par e-mail<\/li>\n<li>Blog int\u00e9gr\u00e9 pour le marketing de contenu et l&rsquo;optimisation des moteurs de recherche<\/li>\n<li>Int\u00e9gration des m\u00e9dias sociaux pour un partage et une promotion faciles<\/li>\n<li>Int\u00e9gration WooCommerce pour la vente de pi\u00e8ces ou de marchandises<\/li>\n<li>Documentation compl\u00e8te et support client fourni.<\/li>\n<\/ul>\n","protected":false},"excerpt":{"rendered":"<p>Pr\u00e9sentation du th\u00e8me WordPress Auto M\u00e9canique et r\u00e9paration de voitures &#8211; Un th\u00e8me tr\u00e8s r\u00e9actif et convivial con\u00e7u sp\u00e9cialement pour la m\u00e9canique automobile, les ateliers de r\u00e9paration de voitures et les entreprises connexes. Son design moderne et ses fonctionnalit\u00e9s avanc\u00e9es en font un choix remarquable pour les professionnels de l&rsquo;industrie automobile. Ce th\u00e8me WordPress est livr\u00e9 avec une interface facile \u00e0 utiliser qui assure une navigation fluide. Sa polyvalence vous permet de personnaliser votre site pour refl\u00e9ter parfaitement votre marque. Avec le codage SEO-friendly, votre site se classera plus haut dans les r\u00e9sultats des moteurs de recherche, attirant plus de clients potentiels. Ce th\u00e8me est \u00e9galement compatible avec WooCommerce, vous permettant d&rsquo;\u00e9tendre votre entreprise en ligne. B\u00e9n\u00e9ficiez des graphiques de haute qualit\u00e9 du th\u00e8me, con\u00e7us pour pr\u00e9senter vos services et produits de la meilleure fa\u00e7on possible. Le th\u00e8me de la m\u00e9canique automatique de l&rsquo;automobile et de r\u00e9paration n&rsquo;est pas seulement un th\u00e8me, c&rsquo;est un outil puissant pour la r\u00e9ussite de votre entreprise.<\/p>\n","protected":false},"featured_media":143355,"comment_status":"open","ping_status":"open","template":"","meta":[],"product_brand":[2433],"product_cat":[1516,1212,1213],"product_tag":[1366],"class_list":{"0":"post-116671","1":"product","2":"type-product","3":"status-publish","4":"has-post-thumbnail","6":"product_brand-themeforest","7":"product_cat-entreprise","8":"product_cat-themes","9":"product_cat-wordpress-themes","10":"product_tag-themeforest","11":"member-discount","12":"discount-restricted","14":"first","15":"instock","16":"sale","17":"downloadable","18":"virtual","19":"sold-individually","20":"purchasable","21":"product-type-simple"},"_links":{"self":[{"href":"https:\/\/gpl-love.com\/fr\/wp-json\/wp\/v2\/product\/116671","targetHints":{"allow":["GET"]}}],"collection":[{"href":"https:\/\/gpl-love.com\/fr\/wp-json\/wp\/v2\/product"}],"about":[{"href":"https:\/\/gpl-love.com\/fr\/wp-json\/wp\/v2\/types\/product"}],"replies":[{"embeddable":true,"href":"https:\/\/gpl-love.com\/fr\/wp-json\/wp\/v2\/comments?post=116671"}],"wp:featuredmedia":[{"embeddable":true,"href":"https:\/\/gpl-love.com\/fr\/wp-json\/wp\/v2\/media\/143355"}],"wp:attachment":[{"href":"https:\/\/gpl-love.com\/fr\/wp-json\/wp\/v2\/media?parent=116671"}],"wp:term":[{"taxonomy":"product_brand","embeddable":true,"href":"https:\/\/gpl-love.com\/fr\/wp-json\/wp\/v2\/product_brand?post=116671"},{"taxonomy":"product_cat","embeddable":true,"href":"https:\/\/gpl-love.com\/fr\/wp-json\/wp\/v2\/product_cat?post=116671"},{"taxonomy":"product_tag","embeddable":true,"href":"https:\/\/gpl-love.com\/fr\/wp-json\/wp\/v2\/product_tag?post=116671"}],"curies":[{"name":"wp","href":"https:\/\/api.w.org\/{rel}","templated":true}]}}