{"id":116669,"date":"2025-09-09T00:00:00","date_gmt":"2025-09-08T22:00:00","guid":{"rendered":"http:\/\/gpl-love.com\/fr\/produit\/wootour-woocommerce-travel-tour-booking\/"},"modified":"2026-03-20T23:48:55","modified_gmt":"2026-03-20T22:48:55","slug":"wootour-woocommerce-travel-tour-booking","status":"publish","type":"product","link":"https:\/\/gpl-love.com\/fr\/produit\/wootour-woocommerce-travel-tour-booking\/","title":{"rendered":"WooTour WooCommerce Travel Tour Booking 3.6.4"},"content":{"rendered":"<h3>WooTour WooCommerce Travel Tour Booking Traits<\/h3>\n<p>Wootour, un plugin WooCommerce incroyablement robuste, a \u00e9t\u00e9 m\u00e9ticuleusement con\u00e7u pour r\u00e9pondre aux besoins sp\u00e9cifiques des activit\u00e9s de r\u00e9servation de voyages et de visites. Son objectif principal est de faciliter et de simplifier le processus de r\u00e9servations de visites et d&rsquo;activit\u00e9s, permettant aux clients de r\u00e9server de mani\u00e8re transparente les exp\u00e9riences souhait\u00e9es directement via votre site Web. Gr\u00e2ce \u00e0 Wootour, vous gagnez la possibilit\u00e9 de cr\u00e9er et de g\u00e9rer efficacement un \u00e9ventail de packages de visites, tout en maintenant un contr\u00f4le complet sur les aspects vitaux tels que les prix, la disponibilit\u00e9 et les horaires. De plus, ce plugin exceptionnel permet l&rsquo;inclusion d&rsquo;ajouts personnalis\u00e9s \u00e0 vos visites, allant des d\u00e9tails cruciaux tels que les emplacements de ramassage et de d\u00e9p\u00f4t \u00e0 des options plus indulgentes comme les pr\u00e9f\u00e9rences de repas. En outre, l&rsquo;int\u00e9gration transparente de Wootour avec WooCommerce, une plate-forme de commerce \u00e9lectronique extr\u00eamement dynamique, vous permet de capitaliser sur ses fonctionnalit\u00e9s remarquables, y compris une vaste s\u00e9lection de passerelles de paiement, des capacit\u00e9s de gestion des commandes rationalis\u00e9es et des fonctionnalit\u00e9s de compte client. De plus, Wootour est fier de sa personnalisation remarquable, offrant aux utilisateurs une gamme diversifi\u00e9e d&rsquo;options pour adapter leur site Web de r\u00e9servation de visites \u00e0 leurs pr\u00e9f\u00e9rences exactes. De la possibilit\u00e9 de choisir parmi une pl\u00e9thore de mod\u00e8les personnalisables \u00e0 la libert\u00e9 de s\u00e9lectionner des couleurs et des styles sp\u00e9cifiques, les possibilit\u00e9s de personnalisation sont pratiquement infinies. En conclusion, Wootour est sans \u00e9quivoque un ajout indispensable \u00e0 tout site Web de r\u00e9servation de visites, car il fournit un niveau d&rsquo;efficacit\u00e9 sans pr\u00e9c\u00e9dent, rationalise efficacement le processus de r\u00e9servation et renforce finalement les ventes et les revenus.<\/p>\n<ul>\n<li>Un plugin premium pour r\u00e9server et g\u00e9rer des visites de voyage sur votre site Web WooCommerce<\/li>\n<li>Int\u00e9gration facile avec votre magasin WooCommerce existant<\/li>\n<li>Packages de visites personnalisables avec diff\u00e9rentes options de tarification et de disponibilit\u00e9<\/li>\n<li>Capacit\u00e9 \u00e0 cr\u00e9er et \u00e0 g\u00e9rer plusieurs types de visites, y compris des excursions d&rsquo;une journ\u00e9e, des visites prolong\u00e9es et des visites personnalis\u00e9es<\/li>\n<li>Options de r\u00e9servation et de paiement flexibles, y compris le traitement des paiements en temps r\u00e9el et les d\u00e9p\u00f4ts<\/li>\n<li>Capacit\u00e9 \u00e0 g\u00e9rer la disponibilit\u00e9 des visites avec la vue du calendrier et les limites de r\u00e9servation<\/li>\n<li>Notifications par e-mail automatiques pour la r\u00e9servation de confirmations, d&rsquo;annulations et de rappels aux clients<\/li>\n<li>Options de recherche et de filtrage avanc\u00e9es pour les clients \u00e0 la recherche de visites sur votre site Web<\/li>\n<li>Outils de gestion de la client\u00e8le, y compris la possibilit\u00e9 d&rsquo;afficher l&rsquo;historique de r\u00e9servation et les coordonn\u00e9es<\/li>\n<li>Outils complets de reportage et d&rsquo;analyse pour suivre les r\u00e9servations de visites, les revenus, etc.<\/li>\n<\/ul>\n","protected":false},"excerpt":{"rendered":"<p>Wootour, un plugin de r\u00e9servation remarquablement robuste et convivial, a \u00e9t\u00e9 con\u00e7u de mani\u00e8re complexe pour r\u00e9pondre exclusivement aux soci\u00e9t\u00e9s de voyages et de voyages qui op\u00e8rent sur WooCommerce. Cet outil exceptionnel fournit un moyen sans effort pour g\u00e9rer efficacement les r\u00e9servations, la disponibilit\u00e9, les prix et la gestion des itin\u00e9raires, tout en offrant simultan\u00e9ment aux clients une exp\u00e9rience de r\u00e9servation parfaitement fluide via une interface \u00e0 la fois intuitive et conviviale. B\u00e9n\u00e9ficiant de fonctionnalit\u00e9s de pointe, telles que des mises \u00e0 jour de disponibilit\u00e9 en temps r\u00e9el, des notifications par e-mail automatis\u00e9es et des options de prix adaptables, Wootour est la solution ultime pour tout voyagiste cherchant \u00e0 optimiser et \u00e0 rationaliser leurs proc\u00e9dures de r\u00e9servation, propulsant ainsi leur entreprise vers une croissance sans pr\u00e9c\u00e9dent.<\/p>\n","protected":false},"featured_media":146097,"comment_status":"open","ping_status":"open","template":"","meta":[],"product_brand":[2435],"product_cat":[1182,1223,1181],"product_tag":[1231],"class_list":{"0":"post-116669","1":"product","2":"type-product","3":"status-publish","4":"has-post-thumbnail","6":"product_brand-codecanyon","7":"product_cat-commerce-electronique-plugins","8":"product_cat-personnalisation-commerce-electronique-plugins","9":"product_cat-plugins","10":"product_tag-codecanyon","11":"member-discount","12":"discount-restricted","14":"first","15":"instock","16":"sale","17":"downloadable","18":"virtual","19":"sold-individually","20":"purchasable","21":"product-type-simple"},"_links":{"self":[{"href":"https:\/\/gpl-love.com\/fr\/wp-json\/wp\/v2\/product\/116669","targetHints":{"allow":["GET"]}}],"collection":[{"href":"https:\/\/gpl-love.com\/fr\/wp-json\/wp\/v2\/product"}],"about":[{"href":"https:\/\/gpl-love.com\/fr\/wp-json\/wp\/v2\/types\/product"}],"replies":[{"embeddable":true,"href":"https:\/\/gpl-love.com\/fr\/wp-json\/wp\/v2\/comments?post=116669"}],"wp:featuredmedia":[{"embeddable":true,"href":"https:\/\/gpl-love.com\/fr\/wp-json\/wp\/v2\/media\/146097"}],"wp:attachment":[{"href":"https:\/\/gpl-love.com\/fr\/wp-json\/wp\/v2\/media?parent=116669"}],"wp:term":[{"taxonomy":"product_brand","embeddable":true,"href":"https:\/\/gpl-love.com\/fr\/wp-json\/wp\/v2\/product_brand?post=116669"},{"taxonomy":"product_cat","embeddable":true,"href":"https:\/\/gpl-love.com\/fr\/wp-json\/wp\/v2\/product_cat?post=116669"},{"taxonomy":"product_tag","embeddable":true,"href":"https:\/\/gpl-love.com\/fr\/wp-json\/wp\/v2\/product_tag?post=116669"}],"curies":[{"name":"wp","href":"https:\/\/api.w.org\/{rel}","templated":true}]}}