{"id":116667,"date":"2025-09-19T00:00:00","date_gmt":"2025-09-18T22:00:00","guid":{"rendered":"http:\/\/gpl-love.com\/fr\/produit\/wp-all-import-pro-acf-add-on\/"},"modified":"2026-03-20T23:49:28","modified_gmt":"2026-03-20T22:49:28","slug":"wp-all-import-pro-acf-add-on","status":"publish","type":"product","link":"https:\/\/gpl-love.com\/fr\/produit\/wp-all-import-pro-acf-add-on\/","title":{"rendered":"WP All Import ACF Addon 4.0.1"},"content":{"rendered":"<h3>WP All Import ACF Addon Traits<\/h3>\n<p>Le WP Import ACF Addon, un outil robuste, poss\u00e8de la capacit\u00e9 de faciliter sans effort l&rsquo;importation et l&rsquo;exportation de donn\u00e9es vers et depuis les sites Web WordPress. Avec son int\u00e9gration transparente avec le plugin Advanced Custom Fields (ACF), les utilisateurs ont la commodit\u00e9 de fabriquer sans effort des champs personnalis\u00e9s et de les importer par la suite dans leur site WordPress. En pr\u00e9sentant une flexibilit\u00e9 in\u00e9gal\u00e9e et une convivialit\u00e9, le WP Import ACF Addon pr\u00e9sente une interface de glisser-d\u00e9poser simpliste qui simplifie le processus de cartographie des champs et de personnalisation des donn\u00e9es. Cet outil remarquable permet aux utilisateurs d&rsquo;importer des donn\u00e9es \u00e0 partir de fichiers CSV ou XML, tout en leur permettant de mettre \u00e0 jour les donn\u00e9es existantes ou de g\u00e9n\u00e9rer de nouveaux messages et pages. Que l&rsquo;on soit un d\u00e9veloppeur ou un propri\u00e9taire de site Web, le WP Import ACF Addon est une ressource indispensable pour g\u00e9rer efficacement les donn\u00e9es de son site WordPress.<\/p>\n<ul>\n<li>Permet une importation facile de donn\u00e9es de champs personnalis\u00e9es avanc\u00e9es (ACF) dans WordPress<\/li>\n<li>Compatible avec n&rsquo;importe quel format de fichier XML, CSV ou Excel<\/li>\n<li>Prend en charge l&rsquo;importation de champs ACF imbriqu\u00e9s et de champs de r\u00e9p\u00e9teur<\/li>\n<li>Fournit une interface de mappage intuitive pour mappage des champs ACF pour importer des donn\u00e9es<\/li>\n<li>D\u00e9tecte et cr\u00e9e automatiquement les champs ACF manquants<\/li>\n<li>Peut \u00eatre utilis\u00e9 avec WP All Import Pro, ce qui en est en mesure d&rsquo;importer de grandes quantit\u00e9s de donn\u00e9es sur WordPress<\/li>\n<li>Offre une prise en charge sur le terrain personnalis\u00e9e pour les plugins populaires, notamment WooCommerce et Yoast SEO<\/li>\n<li>Fournit des options de planification flexibles pour l&rsquo;importation automatis\u00e9e de donn\u00e9es dans WordPress<\/li>\n<\/ul>\n","protected":false},"excerpt":{"rendered":"<p>Le WP Import ACF Addon, qui est un outil incroyablement robuste et puissant, vous offre la capacit\u00e9 transparente d&rsquo;importer sans effort des donn\u00e9es dans les champs personnalis\u00e9s avanc\u00e9s (ACF) dans le syst\u00e8me de gestion de contenu largement populaire WordPress. Cet addon vous donne la capacit\u00e9 de g\u00e9rer efficacement les structures de donn\u00e9es complexes et multiformes, ainsi que la capacit\u00e9 de g\u00e9rer efficacement les champs et les taxonomies personnalis\u00e9s sur votre site WordPress. Ce qui distingue cet addon, c&rsquo;est son interface conviviale et intuitive, ce qui facilite la cartographie sans effort de vos donn\u00e9es sur les champs ACF. De plus, cet addon poss\u00e8de une compatibilit\u00e9 avec un tableau de formats de fichiers de donn\u00e9es, englobant mais sans s&rsquo;y limiter \u00e0 CSV, XML, et bien d&rsquo;autres. Si vous vous retrouvez \u00e0 chercher une solution rationalis\u00e9e pour simplifier votre processus d&rsquo;importation de donn\u00e9es et g\u00e9rer expertement vos champs personnalis\u00e9s, alors le WP Import ACF Addon se pr\u00e9sente comme la solution par excellence dont vous avez \u00e9t\u00e9 \u00e0 la recherche.<\/p>\n","protected":false},"featured_media":146132,"comment_status":"open","ping_status":"open","template":"","meta":[],"product_brand":[2436],"product_cat":[1187,1181,1186],"product_tag":[1411],"class_list":{"0":"post-116667","1":"product","2":"type-product","3":"status-publish","4":"has-post-thumbnail","6":"product_brand-wp-all-import","7":"product_cat-administration-wordpress-plugins","8":"product_cat-plugins","9":"product_cat-wordpress-plugins","10":"product_tag-wp-all-import","11":"member-discount","12":"discount-restricted","14":"first","15":"instock","16":"sale","17":"downloadable","18":"virtual","19":"sold-individually","20":"purchasable","21":"product-type-simple"},"_links":{"self":[{"href":"https:\/\/gpl-love.com\/fr\/wp-json\/wp\/v2\/product\/116667","targetHints":{"allow":["GET"]}}],"collection":[{"href":"https:\/\/gpl-love.com\/fr\/wp-json\/wp\/v2\/product"}],"about":[{"href":"https:\/\/gpl-love.com\/fr\/wp-json\/wp\/v2\/types\/product"}],"replies":[{"embeddable":true,"href":"https:\/\/gpl-love.com\/fr\/wp-json\/wp\/v2\/comments?post=116667"}],"wp:featuredmedia":[{"embeddable":true,"href":"https:\/\/gpl-love.com\/fr\/wp-json\/wp\/v2\/media\/146132"}],"wp:attachment":[{"href":"https:\/\/gpl-love.com\/fr\/wp-json\/wp\/v2\/media?parent=116667"}],"wp:term":[{"taxonomy":"product_brand","embeddable":true,"href":"https:\/\/gpl-love.com\/fr\/wp-json\/wp\/v2\/product_brand?post=116667"},{"taxonomy":"product_cat","embeddable":true,"href":"https:\/\/gpl-love.com\/fr\/wp-json\/wp\/v2\/product_cat?post=116667"},{"taxonomy":"product_tag","embeddable":true,"href":"https:\/\/gpl-love.com\/fr\/wp-json\/wp\/v2\/product_tag?post=116667"}],"curies":[{"name":"wp","href":"https:\/\/api.w.org\/{rel}","templated":true}]}}