{"id":116663,"date":"2026-03-09T00:00:00","date_gmt":"2026-03-08T23:00:00","guid":{"rendered":"http:\/\/gpl-love.com\/fr\/produit\/construction-wordpress-theme-constructo\/"},"modified":"2026-03-20T22:58:54","modified_gmt":"2026-03-20T21:58:54","slug":"construction-wordpress-theme-constructo","status":"publish","type":"product","link":"https:\/\/gpl-love.com\/fr\/produit\/construction-wordpress-theme-constructo\/","title":{"rendered":"Construction WordPress Th\u00e8me Constructo 5.0.4"},"content":{"rendered":"<h3>Construction WordPress Th\u00e8me Constructo Traits<\/h3>\n<p>Le th\u00e8me WordPress Construction Construction affiche un niveau exceptionnel de sophistication et d&rsquo;utilit\u00e9 pour les individus qui s&rsquo;efforcent de fabriquer un site Web adapt\u00e9 \u00e0 leur entreprise de construction. Ce th\u00e8me englobe un assortiment d&rsquo;attributs qui facilitent l&rsquo;orchestration facile de la conception et de la personnalisation de votre site Web, en l&rsquo;alignant harmonieusement avec votre identit\u00e9 de marque distinctive. Notamment, ce th\u00e8me est \u00e9quip\u00e9 d&rsquo;une multitude de fonctionnalit\u00e9s, y compris un constructeur de pages de glisser-d\u00e9poser intuitif, un \u00e9ventail diversifi\u00e9 de mod\u00e8les m\u00e9ticuleusement fabriqu\u00e9s et une conception intrins\u00e8quement sensible. De plus, Constructo est optimis\u00e9 sans \u00e9quivoque pour se conformer aux exigences strictes \u00e9nonc\u00e9es par les moteurs de recherche, garantissant ainsi un placement \u00e9lev\u00e9 sur les pages de r\u00e9sultats des moteurs de recherche. En exploitant les capacit\u00e9s \u00e9tendues de Constructo, vous poss\u00e9dez la capacit\u00e9 d&rsquo;engendrer un site Web immersif et centr\u00e9 sur l&rsquo;utilisateur, qui pr\u00e9sente efficacement vos services de construction et illustre vos projets pass\u00e9s de mani\u00e8re convaincante.<\/p>\n<ul>\n<li>Design moderne et professionnel avec des \u00e9l\u00e9ments \u00e9l\u00e9gants mais fonctionnels<\/li>\n<li>Disposition enti\u00e8rement r\u00e9active pour une visualisation optimale sur n&rsquo;importe quel appareil<\/li>\n<li>Plus de 20 pages pr\u00e9-con\u00e7ues au choix, y compris \u00e0 la maison, \u00e0 About, aux services, aux projets, et plus<\/li>\n<li>Options de personnalisation faciles avec un g\u00e9n\u00e9rateur de page de glisser-d\u00e9poser int\u00e9gr\u00e9<\/li>\n<li>Compatible avec des plugins populaires comme WooCommerce, Contact Form 7 et WPML<\/li>\n<li>Panneau d&rsquo;options de th\u00e8me avanc\u00e9 pour un contr\u00f4le complet sur les param\u00e8tres du site<\/li>\n<li>Constructeurs d&rsquo;en-t\u00eate et de pied de page int\u00e9gr\u00e9s pour la cr\u00e9ation facile de conceptions personnalis\u00e9es<\/li>\n<li>SEO optimis\u00e9 pour une meilleure visibilit\u00e9 des moteurs de recherche<\/li>\n<li>Contenu de d\u00e9monstration inclus pour une configuration rapide et facile<\/li>\n<li>\u00c9quipe de support d\u00e9di\u00e9e disponible pour l&rsquo;aide et le d\u00e9pannage<\/li>\n<\/ul>\n","protected":false},"excerpt":{"rendered":"<p>Pr\u00e9sentez vos prouesses de construction avec notre th\u00e8me WordPress Constructo. Con\u00e7u sp\u00e9cifiquement pour les entreprises de construction, les constructeurs, les architectes et les ing\u00e9nieurs, ce th\u00e8me propose une plate-forme robuste pour pr\u00e9senter vos projets et services. Avec sa conception r\u00e9active, votre site Web sera \u00e9tonnant sur n&rsquo;importe quel appareil &#8211; que ce soit un bureau, un ordinateur portable, une tablette ou un mobile. Le th\u00e8me Constructo propose un constructeur de glisser-d\u00e9poser facile \u00e0 utiliser, vous permettant de personnaliser facilement votre site Web. Profitez de son interface conviviale de r\u00e9f\u00e9rencement qui vous aidera \u00e0 augmenter votre visibilit\u00e9 en ligne. De plus, le th\u00e8me est pr\u00eat pour la traduction, ce qui vous permet d&rsquo;atteindre un public mondial. Sa conception propre et professionnelle, associ\u00e9e \u00e0 des fonctionnalit\u00e9s avanc\u00e9es, fait du th\u00e8me Constructo WordPress une solution compl\u00e8te pour votre entreprise de construction.<\/p>\n","protected":false},"featured_media":143413,"comment_status":"open","ping_status":"open","template":"","meta":[],"product_brand":[2433],"product_cat":[1516,1212,1213],"product_tag":[1366],"class_list":{"0":"post-116663","1":"product","2":"type-product","3":"status-publish","4":"has-post-thumbnail","6":"product_brand-themeforest","7":"product_cat-entreprise","8":"product_cat-themes","9":"product_cat-wordpress-themes","10":"product_tag-themeforest","11":"member-discount","12":"discount-restricted","14":"first","15":"instock","16":"sale","17":"downloadable","18":"virtual","19":"sold-individually","20":"purchasable","21":"product-type-simple"},"_links":{"self":[{"href":"https:\/\/gpl-love.com\/fr\/wp-json\/wp\/v2\/product\/116663","targetHints":{"allow":["GET"]}}],"collection":[{"href":"https:\/\/gpl-love.com\/fr\/wp-json\/wp\/v2\/product"}],"about":[{"href":"https:\/\/gpl-love.com\/fr\/wp-json\/wp\/v2\/types\/product"}],"replies":[{"embeddable":true,"href":"https:\/\/gpl-love.com\/fr\/wp-json\/wp\/v2\/comments?post=116663"}],"wp:featuredmedia":[{"embeddable":true,"href":"https:\/\/gpl-love.com\/fr\/wp-json\/wp\/v2\/media\/143413"}],"wp:attachment":[{"href":"https:\/\/gpl-love.com\/fr\/wp-json\/wp\/v2\/media?parent=116663"}],"wp:term":[{"taxonomy":"product_brand","embeddable":true,"href":"https:\/\/gpl-love.com\/fr\/wp-json\/wp\/v2\/product_brand?post=116663"},{"taxonomy":"product_cat","embeddable":true,"href":"https:\/\/gpl-love.com\/fr\/wp-json\/wp\/v2\/product_cat?post=116663"},{"taxonomy":"product_tag","embeddable":true,"href":"https:\/\/gpl-love.com\/fr\/wp-json\/wp\/v2\/product_tag?post=116663"}],"curies":[{"name":"wp","href":"https:\/\/api.w.org\/{rel}","templated":true}]}}