{"id":116661,"date":"2022-02-02T00:00:00","date_gmt":"2022-02-01T23:00:00","guid":{"rendered":"http:\/\/gpl-love.com\/fr\/produit\/devita-multipurpose-theme-pour-woocommerce-wordpress\/"},"modified":"2026-03-20T23:00:38","modified_gmt":"2026-03-20T22:00:38","slug":"devita-multipurpose-theme-pour-woocommerce-wordpress","status":"publish","type":"product","link":"https:\/\/gpl-love.com\/fr\/produit\/devita-multipurpose-theme-pour-woocommerce-wordpress\/","title":{"rendered":"Devita Multipurpose Th\u00e8me pour WooCommerce WordPress 1.7.1"},"content":{"rendered":"<h3>Devita Multipurpose Th\u00e8me pour WooCommerce WordPress Traits<\/h3>\n<p>Le th\u00e8me multipurpose DeVita, un th\u00e8me WordPress tr\u00e8s adaptable et convivial, a \u00e9t\u00e9 r\u00e9fl\u00e9chi avec soin pour r\u00e9pondre sp\u00e9cifiquement aux besoins de WooCommerce. Avec son design sophistiqu\u00e9 et contemporain, il garantit une exp\u00e9rience d&rsquo;achat in\u00e9gal\u00e9e pour les clients. La caract\u00e9ristique remarquable du th\u00e8me r\u00e9side dans sa personnalisation compl\u00e8te, permettant aux utilisateurs de personnaliser l&rsquo;apparence et l&rsquo;ambiance de leurs magasins en ligne. En outre, son int\u00e9gration transparente avec WooCommerce facilite la gestion des produits sans effort, les processus de paiement en douceur et les transactions de paiement rationalis\u00e9es. De plus, le th\u00e8me polyvalent DeVita a \u00e9t\u00e9 m\u00e9ticuleusement optimis\u00e9 pour les appareils mobiles, garantissant que les clients peuvent facilement s&rsquo;engager dans des activit\u00e9s d&rsquo;achat pendant leur d\u00e9placement. Avec son vaste \u00e9ventail de fonctionnalit\u00e9s et de fonctionnalit\u00e9s, il va sans dire que le th\u00e8me multipurpose DeVita est un choix exceptionnel pour toute entreprise de commerce \u00e9lectronique.<\/p>\n<ul>\n<li>Design \u00e9l\u00e9gant et moderne pour les sites Web de commerce \u00e9lectronique<\/li>\n<li>Disposition enti\u00e8rement r\u00e9active pour les appareils et tablettes mobiles<\/li>\n<li>Compatible avec le plugin WooCommerce pour une gestion de boutiques en ligne facile<\/li>\n<li>Personnalisable avec des options de couleurs illimit\u00e9es et divers formats de mise en page<\/li>\n<li>Panneau d&rsquo;options de th\u00e8me avanc\u00e9 pour une personnalisation facile sans codage<\/li>\n<li>Optimisation de SEO int\u00e9gr\u00e9e pour augmenter le classement des moteurs de recherche de votre site Web<\/li>\n<li>Traduction pr\u00eate avec la prise en charge de plusieurs langues<\/li>\n<li>Comprend des plugins premium comme Revolution Slider et Visual Composer<\/li>\n<li>Livr\u00e9 avec une documentation \u00e9tendue et un support d\u00e9di\u00e9 \u00e0 la configuration sans tracas<\/li>\n<li>Mises \u00e0 jour r\u00e9guli\u00e8res et am\u00e9liorations pour les performances et la s\u00e9curit\u00e9 optimales.<\/li>\n<\/ul>\n","protected":false},"excerpt":{"rendered":"<p>DeVita est un th\u00e8me polyvalent tout compris con\u00e7u pour am\u00e9liorer votre exp\u00e9rience WooCommerce WordPress. Ce th\u00e8me polyvalent regorge de fonctionnalit\u00e9s qui en font un choix appropri\u00e9 pour toute entreprise, des petites start-ups aux grandes entreprises. DeVita est enti\u00e8rement r\u00e9active, garantissant que votre site sera \u00e9tonnant et fonctionnera parfaitement sur n&rsquo;importe quel appareil. Avec ses vastes options de personnalisation, vous pouvez facilement personnaliser votre site pour correspondre \u00e0 votre marque. Pour ceux qui souhaitent maximiser leurs ventes en ligne, DeVita est pr\u00eate \u00e0 WooCommerce, permettant une int\u00e9gration transparente avec votre boutique en ligne. Faites passer votre site WordPress au niveau sup\u00e9rieur avec DeVita, le th\u00e8me polyvalent qui offre une flexibilit\u00e9, une fonctionnalit\u00e9 et un style.<\/p>\n","protected":false},"featured_media":143525,"comment_status":"open","ping_status":"open","template":"","meta":[],"product_brand":[2433],"product_cat":[1214,1212,1213],"product_tag":[1366],"class_list":{"0":"post-116661","1":"product","2":"type-product","3":"status-publish","4":"has-post-thumbnail","6":"product_brand-themeforest","7":"product_cat-polyvalent","8":"product_cat-themes","9":"product_cat-wordpress-themes","10":"product_tag-themeforest","11":"member-discount","12":"discount-restricted","14":"first","15":"instock","16":"sale","17":"downloadable","18":"virtual","19":"sold-individually","20":"purchasable","21":"product-type-simple"},"_links":{"self":[{"href":"https:\/\/gpl-love.com\/fr\/wp-json\/wp\/v2\/product\/116661","targetHints":{"allow":["GET"]}}],"collection":[{"href":"https:\/\/gpl-love.com\/fr\/wp-json\/wp\/v2\/product"}],"about":[{"href":"https:\/\/gpl-love.com\/fr\/wp-json\/wp\/v2\/types\/product"}],"replies":[{"embeddable":true,"href":"https:\/\/gpl-love.com\/fr\/wp-json\/wp\/v2\/comments?post=116661"}],"wp:featuredmedia":[{"embeddable":true,"href":"https:\/\/gpl-love.com\/fr\/wp-json\/wp\/v2\/media\/143525"}],"wp:attachment":[{"href":"https:\/\/gpl-love.com\/fr\/wp-json\/wp\/v2\/media?parent=116661"}],"wp:term":[{"taxonomy":"product_brand","embeddable":true,"href":"https:\/\/gpl-love.com\/fr\/wp-json\/wp\/v2\/product_brand?post=116661"},{"taxonomy":"product_cat","embeddable":true,"href":"https:\/\/gpl-love.com\/fr\/wp-json\/wp\/v2\/product_cat?post=116661"},{"taxonomy":"product_tag","embeddable":true,"href":"https:\/\/gpl-love.com\/fr\/wp-json\/wp\/v2\/product_tag?post=116661"}],"curies":[{"name":"wp","href":"https:\/\/api.w.org\/{rel}","templated":true}]}}