{"id":116659,"date":"2023-06-06T00:00:00","date_gmt":"2023-06-05T22:00:00","guid":{"rendered":"http:\/\/gpl-love.com\/fr\/produit\/arvo-a-clever-et-flexible-multipurpose-wordpress-theme\/"},"modified":"2026-03-20T22:55:05","modified_gmt":"2026-03-20T21:55:05","slug":"arvo-a-clever-et-flexible-multipurpose-wordpress-theme","status":"publish","type":"product","link":"https:\/\/gpl-love.com\/fr\/produit\/arvo-a-clever-et-flexible-multipurpose-wordpress-theme\/","title":{"rendered":"Arvo A Clever et Flexible Multipurpose WordPress Theme 3.0"},"content":{"rendered":"<h3>Arvo A Clever et Flexible Multipurpose WordPress Theme Traits<\/h3>\n<p>Arvo, un th\u00e8me WordPress global, poss\u00e8de un design brillant et adaptable qui transcende les limitations. Ce th\u00e8me poss\u00e8de la capacit\u00e9 remarquable de r\u00e9pondre \u00e0 un \u00e9ventail d&rsquo;objectifs, allant des sites Web d&rsquo;entreprise aux portefeuilles virtuels, aux blogs personnels et au-del\u00e0. Il pr\u00e9sente fi\u00e8rement une interface conviviale et un assortiment de fonctionnalit\u00e9s accessibles aux novices et aux d\u00e9veloppeurs chevronn\u00e9s. De plus, ARVO offre une multitude d&rsquo;options de personnalisation qui permettent aux utilisateurs de modifier sans effort la mise en page, la palette de couleurs, la typographie et d&rsquo;autres \u00e9l\u00e9ments pour fa\u00e7onner une esth\u00e9tique vraiment distinctive. Notamment, ce th\u00e8me est m\u00e9ticuleusement con\u00e7u pour une vitesse optimis\u00e9e et un r\u00e9f\u00e9rencement, garantissant des temps de chargement rapides et des classements \u00e9lev\u00e9s de moteurs de recherche. Essentiellement, Arvo brille comme un th\u00e8me polyvalent et puissant, amplifiant le potentiel pour quiconque de construire un site Web professionnel et percutant.<\/p>\n<ul>\n<li>Arvo est un th\u00e8me WordPress polyvalent con\u00e7u pour \u00eatre flexible et polyvalent pour divers types de sites Web<\/li>\n<li>Il est livr\u00e9 avec une interface conviviale qui permet une personnalisation facile de la conception et de la mise en page de votre site<\/li>\n<li>Avec Arvo, vous pouvez s\u00e9lectionner dans plusieurs dispositions de d\u00e9monstration pr\u00e9d\u00e9finies ou personnaliser votre propre conception en utilisant l&rsquo;outil de g\u00e9n\u00e9rateur de pages faciles \u00e0 utiliser<\/li>\n<li>Le th\u00e8me est optimis\u00e9 pour le r\u00e9f\u00e9rencement, la r\u00e9activit\u00e9 et le temps de chargement de page rapide assurant une excellente exp\u00e9rience utilisateur<\/li>\n<li>Arvo comprend \u00e9galement le support pour WooCommerce, vous permettant de cr\u00e9er facilement une boutique en ligne avec un minimum d&rsquo;effort<\/li>\n<li>Le th\u00e8me est r\u00e9guli\u00e8rement mis \u00e0 jour, et vous pouvez facilement t\u00e9l\u00e9charger de nouvelles mises \u00e0 jour et fonctionnalit\u00e9s directement depuis votre tableau de bord<\/li>\n<li>Avec son en-t\u00eate et son constructeur de page de page puissant et personnalisable, vous pouvez cr\u00e9er des conceptions de sites Web uniques qui se d\u00e9marquent de la foule<\/li>\n<li>Arvo est \u00e9galement livr\u00e9 avec plus de 800 polices Google et une fonctionnalit\u00e9 de menu Mega int\u00e9gr\u00e9e, ce qui facilite l&rsquo;organisation de grands sites Web avec de nombreuses pages<\/li>\n<li>Construit avec HTML5 et CSS3, ARVO comprend une gamme de codes short et de widgets personnalis\u00e9s qui font de la personnalisation de votre site un jeu d&rsquo;enfant<\/li>\n<li>Avec l&rsquo;\u00e9quipe de support premium d&rsquo;ARVO, vous pouvez rapidement r\u00e9soudre tous les probl\u00e8mes ou probl\u00e8mes qui surviennent, garantissant une exp\u00e9rience utilisateur fluide pour vos visiteurs.<\/li>\n<\/ul>\n","protected":false},"excerpt":{"rendered":"<p>Pr\u00e9sentation d&rsquo;Arvo, un th\u00e8me WordPress polyvalent intelligent et flexible con\u00e7u avec la polyvalence \u00e0 l&rsquo;esprit. Que vous soyez un blogueur, un propri\u00e9taire d&rsquo;entreprise ou un professionnel cr\u00e9atif, ce th\u00e8me WordPress est parfaitement adapt\u00e9 pour r\u00e9pondre \u00e0 vos besoins. L&rsquo;interface conviviale d&rsquo;ARVO et les fonctionnalit\u00e9s personnalisables signifient que vous pouvez cr\u00e9er un site Web aussi unique que votre marque. Le th\u00e8me est rempli d&rsquo;\u00e9l\u00e9ments dynamiques, offrant un look propre et moderne qui impressionnera vos visiteurs. Offrant une int\u00e9gration transparente avec des plugins WordPress populaires, ARVO garantit en douceur que votre site Web fonctionne en douceur. De plus, avec sa conception r\u00e9active, votre site aura fi\u00e8re allure sur tous les appareils. Ne vous contentez pas d&rsquo;ordinaire, choisissez Arvo &#8211; le th\u00e8me WordPress polyvalent qui vous s&rsquo;adapte.<\/p>\n","protected":false},"featured_media":143160,"comment_status":"open","ping_status":"open","template":"","meta":[],"product_brand":[2433],"product_cat":[1214,1212,1213],"product_tag":[1366],"class_list":{"0":"post-116659","1":"product","2":"type-product","3":"status-publish","4":"has-post-thumbnail","6":"product_brand-themeforest","7":"product_cat-polyvalent","8":"product_cat-themes","9":"product_cat-wordpress-themes","10":"product_tag-themeforest","11":"member-discount","12":"discount-restricted","14":"first","15":"instock","16":"sale","17":"downloadable","18":"virtual","19":"sold-individually","20":"purchasable","21":"product-type-simple"},"_links":{"self":[{"href":"https:\/\/gpl-love.com\/fr\/wp-json\/wp\/v2\/product\/116659","targetHints":{"allow":["GET"]}}],"collection":[{"href":"https:\/\/gpl-love.com\/fr\/wp-json\/wp\/v2\/product"}],"about":[{"href":"https:\/\/gpl-love.com\/fr\/wp-json\/wp\/v2\/types\/product"}],"replies":[{"embeddable":true,"href":"https:\/\/gpl-love.com\/fr\/wp-json\/wp\/v2\/comments?post=116659"}],"wp:featuredmedia":[{"embeddable":true,"href":"https:\/\/gpl-love.com\/fr\/wp-json\/wp\/v2\/media\/143160"}],"wp:attachment":[{"href":"https:\/\/gpl-love.com\/fr\/wp-json\/wp\/v2\/media?parent=116659"}],"wp:term":[{"taxonomy":"product_brand","embeddable":true,"href":"https:\/\/gpl-love.com\/fr\/wp-json\/wp\/v2\/product_brand?post=116659"},{"taxonomy":"product_cat","embeddable":true,"href":"https:\/\/gpl-love.com\/fr\/wp-json\/wp\/v2\/product_cat?post=116659"},{"taxonomy":"product_tag","embeddable":true,"href":"https:\/\/gpl-love.com\/fr\/wp-json\/wp\/v2\/product_tag?post=116659"}],"curies":[{"name":"wp","href":"https:\/\/api.w.org\/{rel}","templated":true}]}}