{"id":116655,"date":"2022-02-05T00:00:00","date_gmt":"2022-02-04T23:00:00","guid":{"rendered":"http:\/\/gpl-love.com\/fr\/produit\/techmarket-multi-demo-et-electronics-store-woocommerce-theme\/"},"modified":"2026-04-10T18:42:07","modified_gmt":"2026-04-10T16:42:07","slug":"techmarket-multi-demo-et-electronics-store-woocommerce-theme","status":"publish","type":"product","link":"https:\/\/gpl-love.com\/fr\/produit\/techmarket-multi-demo-et-electronics-store-woocommerce-theme\/","title":{"rendered":"Techmarket Multi-demo et Electronics Store WooCommerce Theme 1.4.11"},"content":{"rendered":"<h3>Techmarket Multi-demo et Electronics Store WooCommerce Theme Traits<\/h3>\n<p>Le th\u00e8me WooCommerce de la boutique multi-d\u00e9mo et \u00e9lectronique Techmarket est un th\u00e8me exceptionnel qui s&rsquo;adresse aux magasins en ligne sp\u00e9cialis\u00e9s en \u00e9lectronique et en technologie. Ce th\u00e8me extraordinaire poss\u00e8de un haut niveau de personnalisation, offrant une pl\u00e9thore de d\u00e9mos pr\u00e9d\u00e9finies pour faciliter la cr\u00e9ation de votre vitrine en ligne id\u00e9ale. De plus, le th\u00e8me de WooCommerce de la boutique multi-d\u00e9mo et d&rsquo;\u00e9lectronique est enti\u00e8rement r\u00e9actif, garantissant un acc\u00e8s transparent \u00e0 votre magasin sur tous les appareils. De plus, ce th\u00e8me int\u00e8gre une gamme de fonctionnalit\u00e9s inestimables telles qu&rsquo;une vue rapide sur le produit, des fonctionnalit\u00e9s de liste de souhaits et une vaste s\u00e9lection d&rsquo;options de paiement et d&rsquo;exp\u00e9dition. En tirant parti des capacit\u00e9s puissantes du th\u00e8me WooCommerce de la boutique multi-d\u00e9mo et d&rsquo;\u00e9lectronique, vous pouvez \u00e9tablir sans effort une boutique en ligne professionnelle et conviviale qui est amorc\u00e9 pour captiver les clients et renforcer les ventes.<\/p>\n<ul>\n<li>Un th\u00e8me WooCommerce moderne et \u00e9l\u00e9gant con\u00e7u pour les magasins technologiques et \u00e9lectroniques<\/li>\n<li>Plusieurs options de d\u00e9monstration au choix, avec des pages et conceptions pr\u00e9d\u00e9finies pour une personnalisation facile<\/li>\n<li>Conception enti\u00e8rement r\u00e9active et adapt\u00e9e aux mobiles, optimis\u00e9e pour tous les appareils<\/li>\n<li>Vue rapide du produit int\u00e9gr\u00e9 et recherche Ajax pour la navigation et le shopping faciles<\/li>\n<li>Filtres de produits conviviaux pour aider les clients \u00e0 trouver exactement ce dont ils ont besoin<\/li>\n<li>Int\u00e9gration avec les passerelles de paiement populaires et les m\u00e9thodes d&rsquo;exp\u00e9dition pour le paiement transparent<\/li>\n<li>Options de t\u00eate et de pied de page personnalisables, ainsi que des diaporamas et des banni\u00e8res de page d&rsquo;accueil<\/li>\n<li>Options de couleurs, de polices et de disposition multiples pour une flexibilit\u00e9 de conception compl\u00e8te<\/li>\n<li>Code optimis\u00e9 en SEO pour un meilleur classement et visibilit\u00e9 des moteurs de recherche<\/li>\n<li>Support et documentation d\u00e9di\u00e9s pour une configuration et un d\u00e9pannage faciles<\/li>\n<\/ul>\n","protected":false},"excerpt":{"rendered":"<p>Le th\u00e8me WooCommerce de la boutique multi-d\u00e9mo et \u00e9lectronique Techmarket est un th\u00e8me extr\u00eamement flexible et adaptable qui a \u00e9t\u00e9 m\u00e9ticuleusement con\u00e7u dans le but de r\u00e9pondre aux besoins et aux exigences de tout magasin d&rsquo;\u00e9lectronique en ligne. Ce th\u00e8me propose une pl\u00e9thore de sites de d\u00e9monstration pr\u00e9-con\u00e7us et pr\u00eats \u00e0 l&#8217;emploi, vous permettant ainsi de montrer et de faire \u00e9talage de votre gamme diversifi\u00e9e de produits et services d&rsquo;une mani\u00e8re esth\u00e9tique et sophistiqu\u00e9e. De plus, l&rsquo;interface de ce th\u00e8me a \u00e9t\u00e9 intelligemment con\u00e7ue pour faciliter et acc\u00e9l\u00e9rer le processus de configuration, tandis que l&rsquo;int\u00e9gration transparente des garanties WooCommerce et assure des transactions commerciales \u00e9lectroniques lisses et sans tracas. En outre, ce th\u00e8me est enti\u00e8rement compatible et peut \u00eatre acc\u00e8s de mani\u00e8re transparente et naviguer dans tous les principaux navigateurs Internet et appareils technologiques, ce qui le rend le choix ultime et id\u00e9al pour tout magasin d&rsquo;\u00e9lectronique qui cherche ardemment \u00e0 am\u00e9liorer et \u00e0 amplifier leur pr\u00e9sence et leur visibilit\u00e9 en ligne.<\/p>\n","protected":false},"featured_media":145456,"comment_status":"open","ping_status":"open","template":"","meta":[],"product_brand":[2433],"product_cat":[1238,1851,1212],"product_tag":[1366],"class_list":{"0":"post-116655","1":"product","2":"type-product","3":"status-publish","4":"has-post-thumbnail","6":"product_brand-themeforest","7":"product_cat-commerce-electronique-themes","8":"product_cat-entreprise-commerce-electronique-themes","9":"product_cat-themes","10":"product_tag-themeforest","11":"member-discount","12":"discount-restricted","14":"first","15":"instock","16":"sale","17":"downloadable","18":"virtual","19":"sold-individually","20":"purchasable","21":"product-type-simple"},"_links":{"self":[{"href":"https:\/\/gpl-love.com\/fr\/wp-json\/wp\/v2\/product\/116655","targetHints":{"allow":["GET"]}}],"collection":[{"href":"https:\/\/gpl-love.com\/fr\/wp-json\/wp\/v2\/product"}],"about":[{"href":"https:\/\/gpl-love.com\/fr\/wp-json\/wp\/v2\/types\/product"}],"replies":[{"embeddable":true,"href":"https:\/\/gpl-love.com\/fr\/wp-json\/wp\/v2\/comments?post=116655"}],"wp:featuredmedia":[{"embeddable":true,"href":"https:\/\/gpl-love.com\/fr\/wp-json\/wp\/v2\/media\/145456"}],"wp:attachment":[{"href":"https:\/\/gpl-love.com\/fr\/wp-json\/wp\/v2\/media?parent=116655"}],"wp:term":[{"taxonomy":"product_brand","embeddable":true,"href":"https:\/\/gpl-love.com\/fr\/wp-json\/wp\/v2\/product_brand?post=116655"},{"taxonomy":"product_cat","embeddable":true,"href":"https:\/\/gpl-love.com\/fr\/wp-json\/wp\/v2\/product_cat?post=116655"},{"taxonomy":"product_tag","embeddable":true,"href":"https:\/\/gpl-love.com\/fr\/wp-json\/wp\/v2\/product_tag?post=116655"}],"curies":[{"name":"wp","href":"https:\/\/api.w.org\/{rel}","templated":true}]}}