{"id":116653,"date":"2025-12-28T00:00:00","date_gmt":"2025-12-27T23:00:00","guid":{"rendered":"http:\/\/gpl-love.com\/fr\/produit\/whizz-responsive-photography-wordpress-theme\/"},"modified":"2026-03-20T23:43:43","modified_gmt":"2026-03-20T22:43:43","slug":"whizz-responsive-photography-wordpress-theme","status":"publish","type":"product","link":"https:\/\/gpl-love.com\/fr\/produit\/whizz-responsive-photography-wordpress-theme\/","title":{"rendered":"Whizz Responsive Photography WordPress Theme 2.4.4"},"content":{"rendered":"<h3>Whizz Responsive Photography WordPress Theme Traits<\/h3>\n<p>Con\u00e7u sp\u00e9cifiquement pour les photographes et les artistes visuels qui cherchent \u00e0 pr\u00e9senter leur travail efficacement sur Internet, le th\u00e8me WordPress de la photographie r\u00e9active Whiz est une option incroyablement polyvalente et personnalisable. Sa conception esth\u00e9tiquement agr\u00e9able et ses fonctionnalit\u00e9s conviviales permettent aux utilisateurs de cr\u00e9er sans effort des galeries captivantes, des portefeuilles et des blogs. De plus, ce th\u00e8me garantit l&rsquo;accessibilit\u00e9 sur tous les appareils, gr\u00e2ce \u00e0 sa nature pleinement r\u00e9active. Avec des options de personnalisation apparemment infinies, y compris un \u00e9ventail de sch\u00e9mas de couleurs et de choix de polices illimit\u00e9s, le th\u00e8me Whiz permet aux utilisateurs de personnaliser vraiment leurs sites Web. Pour am\u00e9liorer sa fonctionnalit\u00e9, le th\u00e8me Whiz poss\u00e8de un tableau impressionnant de plugins et de widgets puissants, tels que le curseur de r\u00e9volution et le compositeur visuel, qui facilitent la cr\u00e9ation d&rsquo;un contenu captivant et distinctif. En conclusion, le th\u00e8me WordPress de la photographie r\u00e9active Whiz appara\u00eet comme le choix ultime pour les individus visant \u00e0 cr\u00e9er des sites Web visuellement \u00e9tonnants qui excellent \u00e9galement en termes de fonctionnalit\u00e9.<\/p>\n<ul>\n<li>Design beau et moderne parfait pour pr\u00e9senter la photographie<\/li>\n<li>Enti\u00e8rement r\u00e9actif et convivial<\/li>\n<li>Plusieurs options de mise en page pour afficher des photos et des galeries<\/li>\n<li>Page d&rsquo;accueil personnalisable avec fonctionnalit\u00e9 de glisser-d\u00e9poser<\/li>\n<li>Int\u00e9gration avec des plugins populaires comme WooCommerce et le formulaire de contact 7<\/li>\n<li>Interface backend facile \u00e0 utiliser pour la gestion et la mise \u00e0 jour du contenu<\/li>\n<li>SEO optimis\u00e9 pour am\u00e9liorer le classement des moteurs de recherche<\/li>\n<li>Importation de d\u00e9monstration en un clic pour une configuration rapide et facile<\/li>\n<li>Documentation approfondie et support client inclus<\/li>\n<\/ul>\n","protected":false},"excerpt":{"rendered":"<p>Le th\u00e8me WordPress de la photographie r\u00e9active, fabriqu\u00e9 m\u00e9ticuleusement et impr\u00e9gn\u00e9 de la plus grande attention aux d\u00e9tails, est un chef-d&rsquo;\u0153uvre d&rsquo;une conception extr\u00eamement con\u00e7ue qui s&rsquo;adapte de mani\u00e8re transparente \u00e0 n&rsquo;importe quelle taille d&rsquo;\u00e9cran, r\u00e9pondant aux besoins exigeants des photographes ayant envie de montrer leurs prouesses artistiques. Son int\u00e9gration transparente avec diverses options de personnalisation, soigneusement organis\u00e9es pour \u00eatre facilement navigables, permet aux utilisateurs de fa\u00e7onner sans effort un r\u00e9cit visuel qui laisse une impression ind\u00e9l\u00e9bile sur les clients et les visiteurs une fois qu&rsquo;il a approuv\u00e9 le domaine num\u00e9rique. De plus, ce th\u00e8me remarquable poss\u00e8de un assortiment de fonctionnalit\u00e9s inestimables, englobant un \u00e9ventail de widgets personnalis\u00e9s, une abondance de formats post-post, captivant les galeries \u00e0 \u00e9cran complet et un \u00e9ventail de fonctionnalit\u00e9s suppl\u00e9mentaires qui transcendent une simple excellence esth\u00e9tique. En confiant votre photographie au th\u00e8me Whiz, vous b\u00e9n\u00e9ficierez du luxe in\u00e9gal\u00e9 de pr\u00e9senter vos efforts photographiques de la mani\u00e8re la plus superlative concevable.<\/p>\n","protected":false},"featured_media":145760,"comment_status":"open","ping_status":"open","template":"","meta":[],"product_brand":[2433],"product_cat":[1242,1212,1213],"product_tag":[1366],"class_list":{"0":"post-116653","1":"product","2":"type-product","3":"status-publish","4":"has-post-thumbnail","6":"product_brand-themeforest","7":"product_cat-creatif","8":"product_cat-themes","9":"product_cat-wordpress-themes","10":"product_tag-themeforest","11":"member-discount","12":"discount-restricted","14":"first","15":"instock","16":"sale","17":"downloadable","18":"virtual","19":"sold-individually","20":"purchasable","21":"product-type-simple"},"_links":{"self":[{"href":"https:\/\/gpl-love.com\/fr\/wp-json\/wp\/v2\/product\/116653","targetHints":{"allow":["GET"]}}],"collection":[{"href":"https:\/\/gpl-love.com\/fr\/wp-json\/wp\/v2\/product"}],"about":[{"href":"https:\/\/gpl-love.com\/fr\/wp-json\/wp\/v2\/types\/product"}],"replies":[{"embeddable":true,"href":"https:\/\/gpl-love.com\/fr\/wp-json\/wp\/v2\/comments?post=116653"}],"wp:featuredmedia":[{"embeddable":true,"href":"https:\/\/gpl-love.com\/fr\/wp-json\/wp\/v2\/media\/145760"}],"wp:attachment":[{"href":"https:\/\/gpl-love.com\/fr\/wp-json\/wp\/v2\/media?parent=116653"}],"wp:term":[{"taxonomy":"product_brand","embeddable":true,"href":"https:\/\/gpl-love.com\/fr\/wp-json\/wp\/v2\/product_brand?post=116653"},{"taxonomy":"product_cat","embeddable":true,"href":"https:\/\/gpl-love.com\/fr\/wp-json\/wp\/v2\/product_cat?post=116653"},{"taxonomy":"product_tag","embeddable":true,"href":"https:\/\/gpl-love.com\/fr\/wp-json\/wp\/v2\/product_tag?post=116653"}],"curies":[{"name":"wp","href":"https:\/\/api.w.org\/{rel}","templated":true}]}}