{"id":116651,"date":"2021-07-30T00:00:00","date_gmt":"2021-07-29T22:00:00","guid":{"rendered":"http:\/\/gpl-love.com\/fr\/produit\/greenfarm-organic-theme-pour-woocommerce-wordpress\/"},"modified":"2026-03-20T23:19:02","modified_gmt":"2026-03-20T22:19:02","slug":"greenfarm-organic-theme-pour-woocommerce-wordpress","status":"publish","type":"product","link":"https:\/\/gpl-love.com\/fr\/produit\/greenfarm-organic-theme-pour-woocommerce-wordpress\/","title":{"rendered":"Greenfarm Organic Th\u00e8me pour WooCommerce WordPress 1.1.3"},"content":{"rendered":"<h3>Greenfarm Organic Th\u00e8me pour WooCommerce WordPress Traits<\/h3>\n<p>Le th\u00e8me organique GreenFarm pour WooCommerce WordPress est une solution de commerce \u00e9lectronique exemplaire qui s&rsquo;adresse sp\u00e9cifiquement aux entreprises sp\u00e9cialis\u00e9es dans la vente de produits biologiques. Ce th\u00e8me poss\u00e8de une interface conviviale, offrant une grande flexibilit\u00e9 en termes d&rsquo;options de personnalisation, garantissant ainsi que votre site Web se d\u00e9marque vraiment de la pl\u00e9thore des plateformes concurrentes. De plus, il est \u00e9quip\u00e9 d&rsquo;une multitude de mod\u00e8les de pages, de diverses cat\u00e9gories de produits et d&rsquo;un moteur de recherche tr\u00e8s robuste, qui facilitent collectivement collectivement une navigation transparente pour vos pr\u00e9cieux clients, leur permettant de localiser sans effort les produits qui piques leur int\u00e9r\u00eat. Sans oublier, ce th\u00e8me pr\u00e9sente \u00e9galement une pl\u00e9thore de caract\u00e9ristiques remarquables, telles que sa r\u00e9activit\u00e9 inn\u00e9e qui s&rsquo;adapte parfaitement aux sp\u00e9cifications de tout appareil, \u00e0 sa compatibilit\u00e9 avec une multitude de navigateurs et \u00e0 son design \u00e9l\u00e9gant et contemporain qui d\u00e9gage un air d&rsquo;\u00e9l\u00e9gance. En utilisant le th\u00e8me organique GreenFarm pour WooCommerce WordPress, vous aurez l&rsquo;occasion unique de cr\u00e9er une boutique en ligne qui non seulement pr\u00e9sente efficacement vos produits organiques, mais augmente \u00e9galement consid\u00e9rablement les ventes dans le processus.<\/p>\n<ul>\n<li>Un th\u00e8me premium con\u00e7u sp\u00e9cifiquement pour les sites Web WooCommerce WordPress<\/li>\n<li>\u00c9l\u00e9ments de conception organiques et respectueux de l&rsquo;environnement et palette de couleurs<\/li>\n<li>Options de disposition multiples pour la page d&rsquo;accueil, les pages de produits et le paiement<\/li>\n<li>Prise en charge int\u00e9gr\u00e9e pour les plugins WooCommerce populaires, y compris les filtres de produit et les fonctionnalit\u00e9s de la liste de souhaits<\/li>\n<li>Conception conviviale pour une visualisation optimale sur tous les appareils<\/li>\n<li>SEO-optimis\u00e9 pour am\u00e9liorer le classement des moteurs de recherche<\/li>\n<li>Options de personnalisation faciles pour le logo, le sch\u00e9ma de couleurs et d&rsquo;autres \u00e9l\u00e9ments visuels<\/li>\n<li>Installation en un clic et processus de configuration simple<\/li>\n<li>Mises \u00e0 jour r\u00e9guli\u00e8res et support client du d\u00e9veloppeur de th\u00e8me, GreenFarm Organic<\/li>\n<li>Compatible avec la derni\u00e8re version de WordPress et WooCommerce.<\/li>\n<\/ul>\n","protected":false},"excerpt":{"rendered":"<p>Le th\u00e8me organique Greenfarm pour WooCommerce WordPress se pr\u00e9sente comme une solution de commerce \u00e9lectronique vraiment extraordinaire sp\u00e9cifiquement adapt\u00e9 aux besoins et aux d\u00e9sirs des agriculteurs biologiques, des marchands et des entreprises. Ce qui distingue ce th\u00e8me, c&rsquo;est sa capacit\u00e9 \u00e0 int\u00e9grer de mani\u00e8re transparente et \u00e0 fournir une exp\u00e9rience utilisateur dynamique, tout cela gr\u00e2ce \u00e0 sa conception impeccablement \u00e9l\u00e9gante, des animations subtiles mais captivantes et un \u00e9ventail de fonctionnalit\u00e9s puissantes. Ses capacit\u00e9s avanc\u00e9es de filtrage de produits, combin\u00e9es \u00e0 un syst\u00e8me de navigation intuitif et \u00e0 des pages enti\u00e8rement personnalisables, aident les utilisateurs sans effort \u00e0 promouvoir et \u00e0 vendre leurs produits biologiques en ligne. De plus, il convient de noter que le th\u00e8me organique GreenFarm a \u00e9t\u00e9 m\u00e9ticuleusement optimis\u00e9 pour assurer des vitesses de chargement rapides et une optimisation de moteur de recherche sans compromis, garantissant ainsi une visibilit\u00e9 accrue et une plus grande probabilit\u00e9 de conversions. Dans l&rsquo;ensemble, ce th\u00e8me est le choix id\u00e9al pour les personnes \u00e0 la recherche d&rsquo;une plate-forme de commerce \u00e9lectronique professionnelle et contemporaine qui r\u00e9pond sp\u00e9cifiquement aux exigences uniques de leurs produits biologiques.<\/p>\n","protected":false},"featured_media":144148,"comment_status":"open","ping_status":"open","template":"","meta":[],"product_brand":[2433],"product_cat":[1606,1212,1213],"product_tag":[1366],"class_list":{"0":"post-116651","1":"product","2":"type-product","3":"status-publish","4":"has-post-thumbnail","6":"product_brand-themeforest","7":"product_cat-restauration-et-restaurant","8":"product_cat-themes","9":"product_cat-wordpress-themes","10":"product_tag-themeforest","11":"member-discount","12":"discount-restricted","14":"first","15":"instock","16":"sale","17":"downloadable","18":"virtual","19":"sold-individually","20":"purchasable","21":"product-type-simple"},"_links":{"self":[{"href":"https:\/\/gpl-love.com\/fr\/wp-json\/wp\/v2\/product\/116651","targetHints":{"allow":["GET"]}}],"collection":[{"href":"https:\/\/gpl-love.com\/fr\/wp-json\/wp\/v2\/product"}],"about":[{"href":"https:\/\/gpl-love.com\/fr\/wp-json\/wp\/v2\/types\/product"}],"replies":[{"embeddable":true,"href":"https:\/\/gpl-love.com\/fr\/wp-json\/wp\/v2\/comments?post=116651"}],"wp:featuredmedia":[{"embeddable":true,"href":"https:\/\/gpl-love.com\/fr\/wp-json\/wp\/v2\/media\/144148"}],"wp:attachment":[{"href":"https:\/\/gpl-love.com\/fr\/wp-json\/wp\/v2\/media?parent=116651"}],"wp:term":[{"taxonomy":"product_brand","embeddable":true,"href":"https:\/\/gpl-love.com\/fr\/wp-json\/wp\/v2\/product_brand?post=116651"},{"taxonomy":"product_cat","embeddable":true,"href":"https:\/\/gpl-love.com\/fr\/wp-json\/wp\/v2\/product_cat?post=116651"},{"taxonomy":"product_tag","embeddable":true,"href":"https:\/\/gpl-love.com\/fr\/wp-json\/wp\/v2\/product_tag?post=116651"}],"curies":[{"name":"wp","href":"https:\/\/api.w.org\/{rel}","templated":true}]}}