{"id":116649,"date":"2025-12-23T00:00:00","date_gmt":"2025-12-22T23:00:00","guid":{"rendered":"http:\/\/gpl-love.com\/fr\/produit\/woocommerce-catalog-visibility-options\/"},"modified":"2026-03-20T23:44:52","modified_gmt":"2026-03-20T22:44:52","slug":"woocommerce-catalog-visibility-options","status":"publish","type":"product","link":"https:\/\/gpl-love.com\/fr\/produit\/woocommerce-catalog-visibility-options\/","title":{"rendered":"WooCommerce Catalog Visibility Options 3.3.9"},"content":{"rendered":"<h3>WooCommerce Catalog Visibility Options Traits<\/h3>\n<p>Les options de visibilit\u00e9 du catalogue WooCommerce sont un outil indispensable qui r\u00e9pond aux besoins des propri\u00e9taires de magasins en ligne en facilitant la gestion efficace de la visibilit\u00e9 des produits. Ce plugin remarquable pr\u00e9sente aux utilisateurs une myriade de possibilit\u00e9s d&rsquo;exercer un contr\u00f4le sur la visibilit\u00e9 de leurs produits, principalement en prenant en consid\u00e9ration plusieurs param\u00e8tres, y compris les r\u00f4les utilisateur, les cat\u00e9gories de produits et les \u00e9tiquettes. En raison de sa fonctionnalit\u00e9 remarquable, ce plugin profite \u00e0 trois options de visibilit\u00e9 distinctes, \u00e0 savoir cach\u00e9e, catalogue et recherche. Les utilisateurs peuvent exercer leur discr\u00e9tion et choisir de cacher compl\u00e8tement les produits ou les pr\u00e9senter uniquement dans le catalogue ou les r\u00e9sultats de recherche. En outre, le plugin englobe la fonctionnalit\u00e9 inestimable de l&rsquo;\u00e9tablissement de la visibilit\u00e9 des produits en fonction des r\u00f4les des utilisateurs, r\u00e9pondant ainsi aux exigences des magasins en ligne avec plusieurs utilisateurs. En substance, l&#8217;emploi des options de visibilit\u00e9 du catalogue WooCommerce rationalise consid\u00e9rablement le processus de gestion de la visibilit\u00e9 des produits pour les propri\u00e9taires de magasins en ligne, ce qui a finalement abouti \u00e0 une exp\u00e9rience d&rsquo;achat accrue pour leurs clients estim\u00e9s.<\/p>\n<ul>\n<li>Permet \u00e0 l&rsquo;utilisateur de contr\u00f4ler facilement la visibilit\u00e9 de son catalogue WooCommerce<\/li>\n<li>Offre des options flexibles pour masquer ou afficher des produits ou des cat\u00e9gories sp\u00e9cifiques \u00e0 certains utilisateurs<\/li>\n<li>Am\u00e9liore l&rsquo;exp\u00e9rience d&rsquo;achat des clients en offrant des options de produits sur mesure<\/li>\n<li>Augmente l&rsquo;engagement des utilisateurs et les taux de conversion en r\u00e9duisant l&rsquo;encombrement et en am\u00e9liorant la navigation<\/li>\n<li>Offre une interface simple et conviviale pour g\u00e9rer la visibilit\u00e9 du catalogue<\/li>\n<li>Fournit une solution rentable pour personnaliser les magasins WooCommerce<\/li>\n<li>Prend en charge la compatibilit\u00e9 multi-sites et multi-langues pour plus de commodit\u00e9<\/li>\n<li>Aide les entreprises \u00e0 atteindre des publics cibles sp\u00e9cifiques en affinant les options de visibilit\u00e9 du catalogue<\/li>\n<li>Offre une s\u00e9curit\u00e9 am\u00e9lior\u00e9e en limitant l&rsquo;acc\u00e8s au catalogue aux utilisateurs autoris\u00e9s<\/li>\n<li>Am\u00e9lioration de l&rsquo;organisation du catalogue pour une am\u00e9lioration de l&rsquo;optimisation des moteurs de recherche (SEO)<\/li>\n<\/ul>\n","protected":false},"excerpt":{"rendered":"<p>Le plugin d&rsquo;options de visibilit\u00e9 du catalogue WooCommerce offre une solution transparente et efficace pour les plates-formes de commerce \u00e9lectronique, ce qui leur permet de g\u00e9rer efficacement l&rsquo;affichage de leurs produits en fonction des r\u00f4les clients et de l&rsquo;\u00e9tat de connexion. En exploitant les capacit\u00e9s de cet outil robuste, les entreprises en ligne peuvent facilement cacher ou r\u00e9v\u00e9ler des produits sp\u00e9cifiques aux segments de clients cibl\u00e9s, garantissant que chaque individu est exclusivement pr\u00e9sent\u00e9 avec la marchandise qui s&rsquo;aligne sur leurs pr\u00e9f\u00e9rences et leurs besoins. Notamment, la nature conviviale de ce plugin am\u00e9liore consid\u00e9rablement le parcours d&rsquo;achat global et renforce consid\u00e9rablement les taux de conversion, ce qui en fait un actif indispensable pour tout \u00e9tablissement utilisant la plate-forme WooCommerce.<\/p>\n","protected":false},"featured_media":145832,"comment_status":"open","ping_status":"open","template":"","meta":[],"product_brand":[2440],"product_cat":[1182,1223,1181],"product_tag":[1398],"class_list":{"0":"post-116649","1":"product","2":"type-product","3":"status-publish","4":"has-post-thumbnail","6":"product_brand-woocommerce","7":"product_cat-commerce-electronique-plugins","8":"product_cat-personnalisation-commerce-electronique-plugins","9":"product_cat-plugins","10":"product_tag-woocommerce","11":"member-discount","12":"discount-restricted","14":"first","15":"instock","16":"sale","17":"downloadable","18":"virtual","19":"sold-individually","20":"purchasable","21":"product-type-simple"},"_links":{"self":[{"href":"https:\/\/gpl-love.com\/fr\/wp-json\/wp\/v2\/product\/116649","targetHints":{"allow":["GET"]}}],"collection":[{"href":"https:\/\/gpl-love.com\/fr\/wp-json\/wp\/v2\/product"}],"about":[{"href":"https:\/\/gpl-love.com\/fr\/wp-json\/wp\/v2\/types\/product"}],"replies":[{"embeddable":true,"href":"https:\/\/gpl-love.com\/fr\/wp-json\/wp\/v2\/comments?post=116649"}],"wp:featuredmedia":[{"embeddable":true,"href":"https:\/\/gpl-love.com\/fr\/wp-json\/wp\/v2\/media\/145832"}],"wp:attachment":[{"href":"https:\/\/gpl-love.com\/fr\/wp-json\/wp\/v2\/media?parent=116649"}],"wp:term":[{"taxonomy":"product_brand","embeddable":true,"href":"https:\/\/gpl-love.com\/fr\/wp-json\/wp\/v2\/product_brand?post=116649"},{"taxonomy":"product_cat","embeddable":true,"href":"https:\/\/gpl-love.com\/fr\/wp-json\/wp\/v2\/product_cat?post=116649"},{"taxonomy":"product_tag","embeddable":true,"href":"https:\/\/gpl-love.com\/fr\/wp-json\/wp\/v2\/product_tag?post=116649"}],"curies":[{"name":"wp","href":"https:\/\/api.w.org\/{rel}","templated":true}]}}