{"id":116635,"date":"2021-07-28T00:00:00","date_gmt":"2021-07-27T22:00:00","guid":{"rendered":"http:\/\/gpl-love.com\/fr\/produit\/responsive-styled-google-maps-wordpress-plugin\/"},"modified":"2026-04-10T18:38:03","modified_gmt":"2026-04-10T16:38:03","slug":"responsive-styled-google-maps-wordpress-plugin","status":"publish","type":"product","link":"https:\/\/gpl-love.com\/fr\/produit\/responsive-styled-google-maps-wordpress-plugin\/","title":{"rendered":"Responsive Styled Google Maps WordPress Plugin 5.1"},"content":{"rendered":"<h3>Responsive Styled Google Maps WordPress Plugin Traits<\/h3>\n<p>Le plugin WordPress de style Google de style r\u00e9actif, r\u00e9put\u00e9 pour son efficacit\u00e9, sert de ressource inestimable pour les propri\u00e9taires de sites Web cherchant \u00e0 fa\u00e7onner des cartes adapt\u00e9es \u00e0 leurs pr\u00e9f\u00e9rences et \u00e0 favoriser la convivialit\u00e9 des utilisateurs. Arm\u00e9s de ce plugin innovant, les utilisateurs peuvent sans effort int\u00e9grer Google Maps dans leur site WordPress, leur offrant la possibilit\u00e9 de fabriquer des conceptions qui sont vraiment uniques et s&rsquo;adaptent de mani\u00e8re r\u00e9active \u00e0 leur image de marque distinctive. Offrant une pl\u00e9thore d&rsquo;options de personnalisation, englobant une gamme de sch\u00e9mas de couleurs, de styles de carte et d&rsquo;ic\u00f4nes de marqueur, ce plugin permet aux utilisateurs de construire des cartes qui \u00e9tablissent l&rsquo;\u00e9quilibre parfait entre la fonctionnalit\u00e9 et l&rsquo;attrait esth\u00e9tique. En outre, le plugin poss\u00e8de l&rsquo;avantage suppl\u00e9mentaire d&rsquo;\u00eatre m\u00e9ticuleusement optimis\u00e9 pour les appareils mobiles, garantissant que les cartes d\u00e9gagent non seulement la brillance visuelle mais fonctionnent \u00e9galement avec une efficacit\u00e9 de plus grande partie sur toutes les plates-formes. Pour r\u00e9sumer, le plugin Google Maps r\u00e9actif WordPress incarne un actif indispensable pour tout propri\u00e9taire de site Web aspirant \u00e0 augmenter leur plate-forme en ligne avec des cartes captivantes et interactives qui sont tenues de captiver leur public.<\/p>\n<ul>\n<li>Int\u00e9gration conviviale avec votre site Web WordPress<\/li>\n<li>Styles de carte personnalisables pour s&rsquo;adapter \u00e0 l&rsquo;esth\u00e9tique de votre site Web<\/li>\n<li>Prend en charge plusieurs emplacements et marqueurs pour des fonctionnalit\u00e9s suppl\u00e9mentaires<\/li>\n<li>\u00c9diteur backend intuitif et facile \u00e0 utiliser<\/li>\n<li>La conception r\u00e9active garantit que les cartes sont superbes sur n&rsquo;importe quel appareil<\/li>\n<li>Documentation compl\u00e8te et support du d\u00e9veloppeur du plugin<\/li>\n<li>\u00c9conomisez un temps et des efforts pr\u00e9cieux en ajoutant rapidement et facilement Google Maps de haute qualit\u00e9 \u00e0 votre site Web<\/li>\n<li>Constamment mis \u00e0 jour avec de nouvelles fonctionnalit\u00e9s et am\u00e9liorations pour l&rsquo;optimisation continue<\/li>\n<li>Acc\u00e8s aux options avanc\u00e9es pour que les utilisateurs exp\u00e9riment\u00e9s pour affiner le plugin \u00e0 leurs besoins sp\u00e9cifiques<\/li>\n<li>Prix \u200b\u200babordable avec une gamme d&rsquo;options de licence pour r\u00e9pondre aux exigences de tout site Web.<\/li>\n<\/ul>\n","protected":false},"excerpt":{"rendered":"<p>Le plugin Google Maps r\u00e9actif WordPress se pr\u00e9sente comme un outil tr\u00e8s puissant et efficace qui vous accorde la possibilit\u00e9 d&rsquo;incorporer sans effort Google Maps personnalis\u00e9 et adaptable dans le cadre de votre site Web WordPress. Gr\u00e2ce \u00e0 sa conception r\u00e9active, vos cartes vont une apparence esth\u00e9tique sur n&rsquo;importe quel appareil \u00e9lectronique, tandis que le large \u00e9ventail d&rsquo;options de style du plugin garantit que vous pouvez adapter chaque minute de la carte pour s&rsquo;aligner parfaitement sur l&rsquo;identit\u00e9 de votre marque. Que votre intention soit de pr\u00e9senter plusieurs emplacements, de mettre en \u00e9vidence une entreprise commerciale ou de fournir \u00e0 vos lecteurs des directions pr\u00e9cises, ce plugin facilite l&rsquo;accomplissement de telles t\u00e2ches avec une finesse et une \u00e9l\u00e9gance in\u00e9gal\u00e9es.<\/p>\n","protected":false},"featured_media":145110,"comment_status":"open","ping_status":"open","template":"","meta":[],"product_brand":[2435],"product_cat":[1189,1181,1186],"product_tag":[1231],"class_list":{"0":"post-116635","1":"product","2":"type-product","3":"status-publish","4":"has-post-thumbnail","6":"product_brand-codecanyon","7":"product_cat-personnalisation","8":"product_cat-plugins","9":"product_cat-wordpress-plugins","10":"product_tag-codecanyon","11":"member-discount","12":"discount-restricted","14":"first","15":"instock","16":"sale","17":"downloadable","18":"virtual","19":"sold-individually","20":"purchasable","21":"product-type-simple"},"_links":{"self":[{"href":"https:\/\/gpl-love.com\/fr\/wp-json\/wp\/v2\/product\/116635","targetHints":{"allow":["GET"]}}],"collection":[{"href":"https:\/\/gpl-love.com\/fr\/wp-json\/wp\/v2\/product"}],"about":[{"href":"https:\/\/gpl-love.com\/fr\/wp-json\/wp\/v2\/types\/product"}],"replies":[{"embeddable":true,"href":"https:\/\/gpl-love.com\/fr\/wp-json\/wp\/v2\/comments?post=116635"}],"wp:featuredmedia":[{"embeddable":true,"href":"https:\/\/gpl-love.com\/fr\/wp-json\/wp\/v2\/media\/145110"}],"wp:attachment":[{"href":"https:\/\/gpl-love.com\/fr\/wp-json\/wp\/v2\/media?parent=116635"}],"wp:term":[{"taxonomy":"product_brand","embeddable":true,"href":"https:\/\/gpl-love.com\/fr\/wp-json\/wp\/v2\/product_brand?post=116635"},{"taxonomy":"product_cat","embeddable":true,"href":"https:\/\/gpl-love.com\/fr\/wp-json\/wp\/v2\/product_cat?post=116635"},{"taxonomy":"product_tag","embeddable":true,"href":"https:\/\/gpl-love.com\/fr\/wp-json\/wp\/v2\/product_tag?post=116635"}],"curies":[{"name":"wp","href":"https:\/\/api.w.org\/{rel}","templated":true}]}}