{"id":116633,"date":"2021-08-05T00:00:00","date_gmt":"2021-08-04T22:00:00","guid":{"rendered":"http:\/\/gpl-love.com\/fr\/produit\/grand-wedding-wordpress-theme\/"},"modified":"2026-03-20T23:17:26","modified_gmt":"2026-03-20T22:17:26","slug":"grand-wedding-wordpress-theme","status":"publish","type":"product","link":"https:\/\/gpl-love.com\/fr\/produit\/grand-wedding-wordpress-theme\/","title":{"rendered":"Grand Wedding WordPress Theme 3.1"},"content":{"rendered":"<h3>Grand Wedding WordPress Theme Traits<\/h3>\n<p>Le th\u00e8me WordPress du Grand Wedding est une solution exceptionnelle et impeccable sur mesure pour les personnes cherchant \u00e0 cr\u00e9er un site Web extr\u00eamement captivant et sophistiqu\u00e9 qui r\u00e9sonne avec leur mariage ou leur \u00e9v\u00e9nement. Ce th\u00e8me remarquable pr\u00e9sente une interface sans couture \u00e9l\u00e9gante et con\u00e7ue contemporaine, offrant un assortiment de dispositions personnalisables et de sch\u00e9mas de couleurs qui peuvent \u00eatre adapt\u00e9es sans effort pour r\u00e9pondre \u00e0 vos pr\u00e9f\u00e9rences uniques. De plus, sa conception r\u00e9active garantit une visualisation optimale et une exp\u00e9rience utilisateur impeccable sur une multitude d&rsquo;appareils.<\/p>\n<p>Le th\u00e8me WordPress de Grand Wedding propose gracieusement une pl\u00e9thore de mod\u00e8les de pages pr\u00e9-con\u00e7us, y compris, mais sans s&rsquo;y limiter, les fonctionnalit\u00e9s RSVP, galerie et registre, r\u00e9pondant efficacement \u00e0 vos besoins et exigences divers. De plus, ce th\u00e8me englobe une multitude de fonctionnalit\u00e9s robustes et de pointe, dont le moins les widgets hautement personnalisables, l&rsquo;int\u00e9gration des m\u00e9dias sociaux sans couture et un constructeur de page de glisser-d\u00e9poser intuitif, rendant le processus de fabrication de votre site Web de r\u00eave une brise absolue .<\/p>\n<p>Avec le th\u00e8me WordPress de Grand mariage in\u00e9gal\u00e9, vous \u00eates accord\u00e9 d&rsquo;une occasion in\u00e9gal\u00e9e de fa\u00e7onner sans effort une plate-forme en ligne visuellement frappante et enti\u00e8rement personnalis\u00e9e, servant de vitrine illustre pour votre journ\u00e9e importante, en vous garantissant qu&rsquo;il est magnifiquement affich\u00e9 dans le monde dans son ensemble.<\/p>\n<ul>\n<li>Conception de site Web de mariage \u00e9l\u00e9gant et sophistiqu\u00e9<\/li>\n<li>Caract\u00e9ristiques et widgets sp\u00e9cifiques au mariage pr\u00eat \u00e0 l&#8217;emploi<\/li>\n<li>Panneau d&rsquo;options de th\u00e8me enti\u00e8rement personnalisable et facile \u00e0 utiliser<\/li>\n<li>Conception r\u00e9active pour assurer des performances sans faille sur tous les appareils<\/li>\n<li>4 sch\u00e9mas de couleurs pr\u00e9d\u00e9finis parmi lesquels choisir<\/li>\n<li>Formulaire RSVP int\u00e9gr\u00e9 et fonctionnalit\u00e9 du livre d&rsquo;or<\/li>\n<li>Compatible avec des plugins populaires comme WooCommerce et le formulaire de contact 7<\/li>\n<li>Documentation compl\u00e8te et support client fiable<\/li>\n<li>Marquage de r\u00e9f\u00e9rencement pour un classement de moteur de recherche am\u00e9lior\u00e9<\/li>\n<li>Les mises \u00e0 jour \u00e0 vie et le contenu de d\u00e9monstration gratuit inclus<\/li>\n<\/ul>\n","protected":false},"excerpt":{"rendered":"<p>Si vous \u00eates \u00e0 la recherche d&rsquo;une solution impeccable pour montrer flamboyant votre journ\u00e9e importante sur le World Wide Web, ne cherchez pas plus loin que l&rsquo;extraordinaire th\u00e8me WordPress de mariage. Arborant un design sophistiqu\u00e9 et tr\u00e8s adaptable, ce th\u00e8me vous profite de la possibilit\u00e9 d&rsquo;\u00e9laborer sans effort un site Web qui s&rsquo;harmonise impeccablement avec l&rsquo;essence unique de votre c\u00e9r\u00e9monie nuptiale. B\u00e9n\u00e9ficiant d&rsquo;une pl\u00e9thore d&rsquo;attributs remarquables, notamment la fourniture de formulaires RSVP, une myriade d&rsquo;alternatives de mise en page, ainsi que des galeries de photos impressionnantes, le th\u00e8me WordPress du grand mariage vous aide \u00e0 concocter une repr\u00e9sentation en ligne \u00e9tonnante et ind\u00e9lible de votre c\u00e9l\u00e9bration matrimoniale \u00e9tourdissante et ind\u00e9lible de votre c\u00e9l\u00e9bration matrimoniale grandiose .<\/p>\n","protected":false},"featured_media":144044,"comment_status":"open","ping_status":"open","template":"","meta":[],"product_brand":[2433],"product_cat":[1242,1212,1213],"product_tag":[1366],"class_list":{"0":"post-116633","1":"product","2":"type-product","3":"status-publish","4":"has-post-thumbnail","6":"product_brand-themeforest","7":"product_cat-creatif","8":"product_cat-themes","9":"product_cat-wordpress-themes","10":"product_tag-themeforest","11":"member-discount","12":"discount-restricted","14":"first","15":"instock","16":"sale","17":"downloadable","18":"virtual","19":"sold-individually","20":"purchasable","21":"product-type-simple"},"_links":{"self":[{"href":"https:\/\/gpl-love.com\/fr\/wp-json\/wp\/v2\/product\/116633","targetHints":{"allow":["GET"]}}],"collection":[{"href":"https:\/\/gpl-love.com\/fr\/wp-json\/wp\/v2\/product"}],"about":[{"href":"https:\/\/gpl-love.com\/fr\/wp-json\/wp\/v2\/types\/product"}],"replies":[{"embeddable":true,"href":"https:\/\/gpl-love.com\/fr\/wp-json\/wp\/v2\/comments?post=116633"}],"wp:featuredmedia":[{"embeddable":true,"href":"https:\/\/gpl-love.com\/fr\/wp-json\/wp\/v2\/media\/144044"}],"wp:attachment":[{"href":"https:\/\/gpl-love.com\/fr\/wp-json\/wp\/v2\/media?parent=116633"}],"wp:term":[{"taxonomy":"product_brand","embeddable":true,"href":"https:\/\/gpl-love.com\/fr\/wp-json\/wp\/v2\/product_brand?post=116633"},{"taxonomy":"product_cat","embeddable":true,"href":"https:\/\/gpl-love.com\/fr\/wp-json\/wp\/v2\/product_cat?post=116633"},{"taxonomy":"product_tag","embeddable":true,"href":"https:\/\/gpl-love.com\/fr\/wp-json\/wp\/v2\/product_tag?post=116633"}],"curies":[{"name":"wp","href":"https:\/\/api.w.org\/{rel}","templated":true}]}}