{"id":116629,"date":"2025-10-01T00:00:00","date_gmt":"2025-09-30T22:00:00","guid":{"rendered":"http:\/\/gpl-love.com\/fr\/produit\/xt-woocommerce-points-et-rewards\/"},"modified":"2026-03-20T23:52:28","modified_gmt":"2026-03-20T22:52:28","slug":"xt-woocommerce-points-et-rewards","status":"publish","type":"product","link":"https:\/\/gpl-love.com\/fr\/produit\/xt-woocommerce-points-et-rewards\/","title":{"rendered":"XT WooCommerce Points et Rewards 1.7.8"},"content":{"rendered":"<h3>XT WooCommerce Points et Rewards Traits<\/h3>\n<p>Le plugin XT WooCommerce Points and Rewards sert d&rsquo;outil tr\u00e8s efficace et efficace pour les sites Web de commerce \u00e9lectronique qui cherchent \u00e0 \u00e9lever et \u00e0 augmenter la fid\u00e9lit\u00e9 et l&rsquo;engagement de la client\u00e8le. Ce plugin facilite la cr\u00e9ation et l&rsquo;administration d&rsquo;un syst\u00e8me complet et complexe bas\u00e9 sur des points, dans lequel les clients sont incit\u00e9s et satisfaits pour une myriade d&rsquo;actions, y compris, mais sans s&rsquo;y limiter, les achats, les r\u00e9f\u00e9rences et les actions de m\u00e9dias sociaux. Les fonctionnalit\u00e9s multiformes englob\u00e9es dans ce plugin englobent la possibilit\u00e9 de personnaliser les valeurs ponctuelles, d&rsquo;assurer l&rsquo;expiration automatique des points, ainsi que la capacit\u00e9 de g\u00e9n\u00e9rer des niveaux de r\u00e9compenses stratifi\u00e9s pour les clients. En plus de ces attributs, les entreprises sont \u00e9galement en mesure de proposer des remises et des avantages exclusifs aux clients qui amassent un nombre sp\u00e9cifique et pr\u00e9d\u00e9termin\u00e9 de points. Lorsqu&rsquo;il est vu de mani\u00e8re holistique, il devient \u00e9vident que le plugin XT WooCommerce Points and Rewards est une ressource inestimable qui permet aux entreprises l&rsquo;aptitude \u00e0 affiner et \u00e0 amplifier les taux de r\u00e9tention de la client\u00e8le tout en renfor\u00e7ant simultan\u00e9ment les chiffres de vente.<\/p>\n<ul>\n<li>R\u00e9compensez vos clients pour leur fid\u00e9lit\u00e9 avec des r\u00e9compenses bas\u00e9es sur les points<\/li>\n<li>Cr\u00e9ez des r\u00e8gles de gain et de rachat personnalis\u00e9es pour adapter le programme aux besoins de votre entreprise<\/li>\n<li>Donnez aux clients la possibilit\u00e9 de suivre l&rsquo;\u00e9quilibre de leurs points et d&rsquo;\u00e9changer les r\u00e9compenses \u00e0 partir de leur page de compte<\/li>\n<li>Offrez des points bonus pour certaines actions, telles que des r\u00e9f\u00e9rences ou des critiques de produits, pour encourager l&rsquo;engagement et l&rsquo;interaction suppl\u00e9mentaires avec votre magasin<\/li>\n<li>D\u00e9finissez les dates d&rsquo;expiration des points pour encourager les clients \u00e0 les utiliser avant d&rsquo;expirer<\/li>\n<li>Afficher et g\u00e9rer facilement les points des clients et r\u00e9compenser les rachats de votre tableau de bord WooCommerce<\/li>\n<li>Compatible avec une vari\u00e9t\u00e9 de passerelles de paiement pour s&rsquo;int\u00e9grer de mani\u00e8re transparente \u00e0 votre processus de paiement existant<\/li>\n<li>Des options de conception flexibles et personnalisables vous permettent de faire correspondre l&rsquo;apparence et la sensation de votre marque<\/li>\n<li>Excellent moyen d&rsquo;augmenter la r\u00e9tention de la client\u00e8le et d&rsquo;encourager les achats r\u00e9p\u00e9t\u00e9s.<\/li>\n<\/ul>\n","protected":false},"excerpt":{"rendered":"<p>XT WooCommerce Points and Rewards est un plugin extr\u00eamement robuste qui permet aux propri\u00e9taires de magasins en leur permettant de comprendre gracieusement leurs clients estim\u00e9s avec des points pr\u00e9cieux non seulement pour les achats mais aussi une pl\u00e9thore d&rsquo;autres actions louables sur leur magasin WooCommerce. Ces points remarquables peuvent par la suite \u00eatre \u00e9chang\u00e9s contre des remises exclusives et un \u00e9ventail d&rsquo;autres avantages remarquables, renfor\u00e7ant ainsi efficacement la fid\u00e9lit\u00e9 des clients et amplifiant exponentiellement les ventes. B\u00e9n\u00e9ficiant d&rsquo;un syst\u00e8me de points hautement personnalisable, d&rsquo;expiration automatique des points automatiques et d&rsquo;une interface incroyablement conviviale remplie de r\u00e8gles et de param\u00e8tres intuitifs, les points WooCommerce XT, \u00e9merge incontestablement comme un outil indispensable pour tout magasin WooCommerce h\u00e9bergeant un d\u00e9sir fervent d&rsquo;augmenter leur engagement client pour augmenter leur engagement client et efforts de r\u00e9tention.<\/p>\n","protected":false},"featured_media":146328,"comment_status":"open","ping_status":"open","template":"","meta":[],"product_brand":[2465],"product_cat":[1182,1223,1181],"product_tag":[1637],"class_list":{"0":"post-116629","1":"product","2":"type-product","3":"status-publish","4":"has-post-thumbnail","6":"product_brand-xploded-themes","7":"product_cat-commerce-electronique-plugins","8":"product_cat-personnalisation-commerce-electronique-plugins","9":"product_cat-plugins","10":"product_tag-xploded-themes","11":"member-discount","12":"discount-restricted","14":"first","15":"instock","16":"sale","17":"downloadable","18":"virtual","19":"sold-individually","20":"purchasable","21":"product-type-simple"},"_links":{"self":[{"href":"https:\/\/gpl-love.com\/fr\/wp-json\/wp\/v2\/product\/116629","targetHints":{"allow":["GET"]}}],"collection":[{"href":"https:\/\/gpl-love.com\/fr\/wp-json\/wp\/v2\/product"}],"about":[{"href":"https:\/\/gpl-love.com\/fr\/wp-json\/wp\/v2\/types\/product"}],"replies":[{"embeddable":true,"href":"https:\/\/gpl-love.com\/fr\/wp-json\/wp\/v2\/comments?post=116629"}],"wp:featuredmedia":[{"embeddable":true,"href":"https:\/\/gpl-love.com\/fr\/wp-json\/wp\/v2\/media\/146328"}],"wp:attachment":[{"href":"https:\/\/gpl-love.com\/fr\/wp-json\/wp\/v2\/media?parent=116629"}],"wp:term":[{"taxonomy":"product_brand","embeddable":true,"href":"https:\/\/gpl-love.com\/fr\/wp-json\/wp\/v2\/product_brand?post=116629"},{"taxonomy":"product_cat","embeddable":true,"href":"https:\/\/gpl-love.com\/fr\/wp-json\/wp\/v2\/product_cat?post=116629"},{"taxonomy":"product_tag","embeddable":true,"href":"https:\/\/gpl-love.com\/fr\/wp-json\/wp\/v2\/product_tag?post=116629"}],"curies":[{"name":"wp","href":"https:\/\/api.w.org\/{rel}","templated":true}]}}