{"id":116627,"date":"2023-05-16T00:00:00","date_gmt":"2023-05-15T22:00:00","guid":{"rendered":"http:\/\/gpl-love.com\/fr\/produit\/karma-elementor-business-wordpress-theme\/"},"modified":"2026-03-20T23:21:30","modified_gmt":"2026-03-20T22:21:30","slug":"karma-elementor-business-wordpress-theme","status":"publish","type":"product","link":"https:\/\/gpl-love.com\/fr\/produit\/karma-elementor-business-wordpress-theme\/","title":{"rendered":"Karma Elementor Business WordPress Theme 6.2.6"},"content":{"rendered":"<h3>Karma Elementor Business WordPress Theme Traits<\/h3>\n<p>Le th\u00e8me WordPress d&rsquo;entreprise Karma Elementor est un th\u00e8me incroyablement polyvalent et moderne qui s&rsquo;adresse aux entreprises de toutes tailles, englobant un large \u00e9ventail de fonctionnalit\u00e9s et d&rsquo;attrait esth\u00e9tique. Son constructeur de pages de drag et de pages de d\u00e9p\u00f4t autorise les utilisateurs \u00e0 fa\u00e7onner sans effort sans effort les pages et les dispositions personnalis\u00e9es qui s&rsquo;alignent de mani\u00e8re transparente avec leur identit\u00e9 de marque et leur vision globale. De plus, ce th\u00e8me poss\u00e8de une vaste collection de mod\u00e8les et de widgets pr\u00e9-con\u00e7us, rationalisant efficacement le processus de d\u00e9marrage. De plus, il poss\u00e8de un \u00e9ventail de fonctionnalit\u00e9s de pointe, telles que l&rsquo;int\u00e9gration transparente avec WooCommerce, garantissant une exp\u00e9rience d&rsquo;achat en ligne transparente pour vos clients. Sans oublier, sa conception r\u00e9active garantit des performances optimales sur divers appareils et tailles d&rsquo;\u00e9cran. De plus, le th\u00e8me WordPress de Karma Elementor Business offre une multitude d&rsquo;options de personnalisation, vous permettant d&rsquo;adapter votre site Web en fonction de vos besoins et pr\u00e9f\u00e9rences uniques. En tirant parti de la vaste gamme de fonctionnalit\u00e9s et de fonctionnalit\u00e9s offertes par ce th\u00e8me, vous pouvez \u00e9laborer sans effort un site Web professionnel et tr\u00e8s percutant qui sert d&rsquo;outil puissant pour propulser la croissance de votre entreprise.<\/p>\n<ul>\n<li>Conception moderne et professionnelle adapt\u00e9e aux sites Web d&rsquo;entreprise<\/li>\n<li>Construit avec Elementor Page Builder pour une personnalisation facile<\/li>\n<li>Design enti\u00e8rement r\u00e9actif et convivial<\/li>\n<li>Styles d&rsquo;en-t\u00eate et de pied de page multiples disponibles<\/li>\n<li>Importation de d\u00e9monstration en un clic pour une configuration rapide<\/li>\n<li>Compatibilit\u00e9 WooCommerce pour une configuration de boutique en ligne facile<\/li>\n<li>Int\u00e9gration avec des plugins WordPress populaires tels que le formulaire de contact 7, Yoast SEO, et plus<\/li>\n<li>Options de typographie avanc\u00e9e pour la s\u00e9lection des polices personnalis\u00e9es<\/li>\n<li>Plusieurs options de mise en page pour diff\u00e9rents types de pages<\/li>\n<li>Conception conviviale pour le r\u00e9f\u00e9rencement pour am\u00e9liorer le classement des moteurs de recherche<\/li>\n<li>Mises \u00e0 jour r\u00e9guli\u00e8res et support client des d\u00e9veloppeurs de th\u00e8mes.<\/li>\n<\/ul>\n","protected":false},"excerpt":{"rendered":"<p>Le th\u00e8me WordPress Business Karma Elementor, qui est une solution de conception Web tr\u00e8s adaptable et formidable pour tous les types de sites Web d&rsquo;entreprise, offre un degr\u00e9 remarquable de personnalisation et de convivialit\u00e9, vous accordant une autorit\u00e9 absolue sur l&rsquo;attrait visuel et les aspects op\u00e9rationnels de votre site Web . En vous pr\u00e9voyant d&rsquo;un assortiment de mod\u00e8les pr\u00e9-con\u00e7us et d&rsquo;une multitude de fonctionnalit\u00e9s de pointe, le th\u00e8me WordPress d&rsquo;entreprise Karma Elementor se pr\u00e9sente comme la s\u00e9lection ultime pour l&rsquo;\u00e9laboration d&rsquo;une pr\u00e9sence en ligne qui d\u00e9gage le professionnalisme et captive les visiteurs. Que vous vous trouviez \u00e0 la t\u00eate d&rsquo;une startup naissante, d&rsquo;une modeste petite entreprise ou d&rsquo;une soci\u00e9t\u00e9 gigantesque, ce th\u00e8me s&rsquo;av\u00e8re \u00eatre le v\u00e9hicule par excellence pour pr\u00e9senter votre marque et propulser l&rsquo;expansion de votre entreprise dans le domaine virtuel.<\/p>\n","protected":false},"featured_media":144309,"comment_status":"open","ping_status":"open","template":"","meta":[],"product_brand":[2433],"product_cat":[1516,1212,1213],"product_tag":[1366],"class_list":{"0":"post-116627","1":"product","2":"type-product","3":"status-publish","4":"has-post-thumbnail","6":"product_brand-themeforest","7":"product_cat-entreprise","8":"product_cat-themes","9":"product_cat-wordpress-themes","10":"product_tag-themeforest","11":"member-discount","12":"discount-restricted","14":"first","15":"instock","16":"sale","17":"downloadable","18":"virtual","19":"sold-individually","20":"purchasable","21":"product-type-simple"},"_links":{"self":[{"href":"https:\/\/gpl-love.com\/fr\/wp-json\/wp\/v2\/product\/116627","targetHints":{"allow":["GET"]}}],"collection":[{"href":"https:\/\/gpl-love.com\/fr\/wp-json\/wp\/v2\/product"}],"about":[{"href":"https:\/\/gpl-love.com\/fr\/wp-json\/wp\/v2\/types\/product"}],"replies":[{"embeddable":true,"href":"https:\/\/gpl-love.com\/fr\/wp-json\/wp\/v2\/comments?post=116627"}],"wp:featuredmedia":[{"embeddable":true,"href":"https:\/\/gpl-love.com\/fr\/wp-json\/wp\/v2\/media\/144309"}],"wp:attachment":[{"href":"https:\/\/gpl-love.com\/fr\/wp-json\/wp\/v2\/media?parent=116627"}],"wp:term":[{"taxonomy":"product_brand","embeddable":true,"href":"https:\/\/gpl-love.com\/fr\/wp-json\/wp\/v2\/product_brand?post=116627"},{"taxonomy":"product_cat","embeddable":true,"href":"https:\/\/gpl-love.com\/fr\/wp-json\/wp\/v2\/product_cat?post=116627"},{"taxonomy":"product_tag","embeddable":true,"href":"https:\/\/gpl-love.com\/fr\/wp-json\/wp\/v2\/product_tag?post=116627"}],"curies":[{"name":"wp","href":"https:\/\/api.w.org\/{rel}","templated":true}]}}