{"id":116625,"date":"2022-12-17T00:00:00","date_gmt":"2022-12-16T23:00:00","guid":{"rendered":"http:\/\/gpl-love.com\/fr\/produit\/pw-woocommerce-affiliates-pro\/"},"modified":"2026-03-20T23:32:46","modified_gmt":"2026-03-20T22:32:46","slug":"pw-woocommerce-affiliates-pro","status":"publish","type":"product","link":"https:\/\/gpl-love.com\/fr\/produit\/pw-woocommerce-affiliates-pro\/","title":{"rendered":"PW WooCommerce Affiliates Pro 2.3"},"content":{"rendered":"<h3>PW WooCommerce Affiliates Pro Traits<\/h3>\n<p>PW WooCommerce Affiliates Pro, un outil de marketing d&rsquo;affiliation robuste et avanc\u00e9 sp\u00e9cialement con\u00e7u pour les sites Web WooCommerce, poss\u00e8de un \u00e9ventail impressionnant de fonctionnalit\u00e9s et de fonctionnalit\u00e9s. Avec ce plugin exceptionnel, la gestion sans effort de votre programme d&rsquo;affiliation devient un jeu d&rsquo;enfant, car il fournit un suivi complet de vos ventes d&rsquo;affiliation, en plus de vous offrir la capacit\u00e9 de configurer les taux de commission, de g\u00e9n\u00e9rer des liens d&rsquo;affiliation personnalis\u00e9s, de surveiller les clics et les conversions, et m\u00eame de faciliter directement directement paiements \u00e0 vos affili\u00e9s, qui peuvent tous \u00eatre accomplis dans votre magasin WooCommerce lui-m\u00eame. En exploitant l&rsquo;immense potentiel du marketing d&rsquo;affiliation gr\u00e2ce \u00e0 l&rsquo;utilisation de PW WooCommerce Affiliates Pro, vous pouvez augmenter efficacement vos ventes et amplifier ensuite vos revenus. En outre, ce plugin se d\u00e9marque de ses concurrents en raison de sa nature conviviale et de son haut degr\u00e9 de personnalisation, ce qui le rend un choix optimal pour toute entreprise en ligne qui cherche \u00e0 d\u00e9velopper et \u00e0 entretenir un programme d&rsquo;affiliation florissant.<\/p>\n<ul>\n<li>Permet aux propri\u00e9taires de sites Web de cr\u00e9er et de g\u00e9rer un puissant programme d&rsquo;affiliation pour leur magasin WooCommerce<\/li>\n<li>Offre des taux de commission flexibles et des options de paiement pour les affili\u00e9s<\/li>\n<li>Fournit des rapports d\u00e9taill\u00e9s et des analyses sur les performances d&rsquo;affiliation<\/li>\n<li>S&rsquo;int\u00e8gre parfaitement \u00e0 WooCommerce, permettant aux affili\u00e9s de promouvoir et de suivre facilement les produits<\/li>\n<li>Permet de cr\u00e9er des liens et des banni\u00e8res de r\u00e9f\u00e9rence personnalis\u00e9s pour chaque affili\u00e9<\/li>\n<li>Prend en charge plusieurs devises pour la sensibilisation mondiale<\/li>\n<li>Propose des notifications par e-mail pour les affili\u00e9s pour rester \u00e0 jour sur les ventes et les gains de commission<\/li>\n<li>Comprend des param\u00e8tres avanc\u00e9s pour personnaliser le programme d&rsquo;affiliation et les paiements<\/li>\n<li>Compatible avec les passerelles de paiement populaires telles que PayPal et Stripe<\/li>\n<li>Fournit un excellent support client pour toute question ou pr\u00e9occupation.<\/li>\n<\/ul>\n","protected":false},"excerpt":{"rendered":"<p>PW WooCommerce Affiliates Pro est un plugin remarquablement robuste qui vous offre la capacit\u00e9 de surveiller et de suivre efficacement vos affili\u00e9s, r\u00e9f\u00e9rences et commissions, toutes directement de votre boutique WooCommerce. Ce plugin exceptionnel vous permet de g\u00e9rer et de superviser sans effort votre programme d&rsquo;affiliation, d&rsquo;\u00e9tablir des taux de commission, de surveiller \u00e9troitement les performances de vos affili\u00e9s estim\u00e9s et de g\u00e9n\u00e9rer des rapports complets qui fournissent des informations approfondies. En outre, le plugin propose une myriade d&rsquo;options de personnalisation, telles que la possibilit\u00e9 de personnaliser les mod\u00e8les de messagerie, d&rsquo;utiliser les shortcodes et de s&rsquo;int\u00e9grer de mani\u00e8re transparente \u00e0 d&rsquo;autres plugins tr\u00e8s recherch\u00e9s. PW WooCommerce Affiliates Pro sert d&rsquo;outil exceptionnel et indispensable, car il sert \u00e0 \u00e9lever vos chiffres de vente et \u00e0 reconna\u00eetre d\u00fbment les efforts de vos affili\u00e9s d\u00e9vou\u00e9s qui promeuvent avec passion et approuvent votre gamme exceptionnelle de produits.<\/p>\n","protected":false},"featured_media":145052,"comment_status":"open","ping_status":"open","template":"","meta":[],"product_brand":[2638],"product_cat":[1182,1223,1181],"product_tag":[1553],"class_list":{"0":"post-116625","1":"product","2":"type-product","3":"status-publish","4":"has-post-thumbnail","6":"product_brand-pimwick","7":"product_cat-commerce-electronique-plugins","8":"product_cat-personnalisation-commerce-electronique-plugins","9":"product_cat-plugins","10":"product_tag-pimwick","11":"member-discount","12":"discount-restricted","14":"first","15":"instock","16":"sale","17":"downloadable","18":"virtual","19":"sold-individually","20":"purchasable","21":"product-type-simple"},"_links":{"self":[{"href":"https:\/\/gpl-love.com\/fr\/wp-json\/wp\/v2\/product\/116625","targetHints":{"allow":["GET"]}}],"collection":[{"href":"https:\/\/gpl-love.com\/fr\/wp-json\/wp\/v2\/product"}],"about":[{"href":"https:\/\/gpl-love.com\/fr\/wp-json\/wp\/v2\/types\/product"}],"replies":[{"embeddable":true,"href":"https:\/\/gpl-love.com\/fr\/wp-json\/wp\/v2\/comments?post=116625"}],"wp:featuredmedia":[{"embeddable":true,"href":"https:\/\/gpl-love.com\/fr\/wp-json\/wp\/v2\/media\/145052"}],"wp:attachment":[{"href":"https:\/\/gpl-love.com\/fr\/wp-json\/wp\/v2\/media?parent=116625"}],"wp:term":[{"taxonomy":"product_brand","embeddable":true,"href":"https:\/\/gpl-love.com\/fr\/wp-json\/wp\/v2\/product_brand?post=116625"},{"taxonomy":"product_cat","embeddable":true,"href":"https:\/\/gpl-love.com\/fr\/wp-json\/wp\/v2\/product_cat?post=116625"},{"taxonomy":"product_tag","embeddable":true,"href":"https:\/\/gpl-love.com\/fr\/wp-json\/wp\/v2\/product_tag?post=116625"}],"curies":[{"name":"wp","href":"https:\/\/api.w.org\/{rel}","templated":true}]}}