{"id":116623,"date":"2022-02-13T00:00:00","date_gmt":"2022-02-12T23:00:00","guid":{"rendered":"http:\/\/gpl-love.com\/fr\/produit\/pw-woocommerce-on-sale-pro\/"},"modified":"2026-04-10T18:37:30","modified_gmt":"2026-04-10T16:37:30","slug":"pw-woocommerce-on-sale-pro","status":"publish","type":"product","link":"https:\/\/gpl-love.com\/fr\/produit\/pw-woocommerce-on-sale-pro\/","title":{"rendered":"PW WooCommerce On Sale Pro 1.40"},"content":{"rendered":"<h3>PW WooCommerce On Sale Pro Traits<\/h3>\n<p>PW WooCommerce sur Sales Pro est un plugin exceptionnellement robuste et dynamique qui vous accorde la possibilit\u00e9 de pr\u00e9senter des produits \u00e0 prix r\u00e9duits habilement d&rsquo;une mani\u00e8re qui est \u00e0 la fois comp\u00e9tente et esth\u00e9tique dans votre estimation de la boutique WooCommerce. Ce plugin remarquable vous permet sans effort d&rsquo;accentuer des produits actuellement en vente, tout en vous offrant simultan\u00e9ment la possibilit\u00e9 de personnaliser de mani\u00e8re complets le badge de vente et du compte \u00e0 rebours, et d&rsquo;augmenter davantage votre affichage en pr\u00e9sentant le pourcentage pr\u00e9cis de la remise. En outre, il vous accorde la capacit\u00e9 inestimable \u00e0 planifier m\u00e9ticuleusement les ventes bien \u00e0 l&rsquo;avance et \u00e0 configurer de mani\u00e8re experte les remises automatiques fond\u00e9es sur un \u00e9ventail de crit\u00e8res divers. Essentiellement, PW WooCommerce sur Sales Pro est une n\u00e9cessit\u00e9 absolue pour tout propri\u00e9taire exigeant d&rsquo;un magasin WooCommerce qui aspire \u00e0 amplifier de fa\u00e7on exponentielle leurs chiffres de vente et \u00e0 enrichir supr\u00eamement l&rsquo;exp\u00e9rience d&rsquo;achat globale de leurs pr\u00e9cieux clients.<\/p>\n<ul>\n<li>Un puissant plugin WordPress pour g\u00e9rer les ventes de produits<\/li>\n<li>Vous permet de planifier des ventes pour des dates et des heures sp\u00e9cifiques<\/li>\n<li>Fournit une gamme d&rsquo;options de personnalisation, notamment la s\u00e9lection de produits \u00e0 vendre, la fixation des prix de vente et la sp\u00e9cification des remises<\/li>\n<li>Vous aide \u00e0 cr\u00e9er de l&rsquo;urgence avec un temporisateur \u00e0 rebours \u00e0 vendre l&rsquo;heure finale<\/li>\n<li>Comprend une fonctionnalit\u00e9 de \u00ab\u00a0badge de vente\u00a0\u00bb pour mettre en \u00e9vidence les produits en vente dans votre boutique en ligne<\/li>\n<li>Vous permet de cr\u00e9er plusieurs campagnes de vente et de les ex\u00e9cuter simultan\u00e9ment<\/li>\n<li>Propose des analyses et des rapports pour suivre et mesurer l&rsquo;efficacit\u00e9 de vos campagnes de vente<\/li>\n<li>S&rsquo;int\u00e8gre \u00e0 d&rsquo;autres plugins et th\u00e8mes de woocommerce populaires pour offrir une exp\u00e9rience utilisateur sans couture<\/li>\n<li>Offre des services de support d\u00e9di\u00e9s et des mises \u00e0 jour r\u00e9guli\u00e8res pour rester \u00e0 jour avec les derni\u00e8res technologies WooCommerce.<\/li>\n<\/ul>\n","protected":false},"excerpt":{"rendered":"<p>PW WooCommerce sur Sales Pro est un outil incroyablement efficace et indispensable sp\u00e9cialement con\u00e7u pour r\u00e9pondre aux besoins des propri\u00e9taires de magasins en ligne qui sont d\u00e9termin\u00e9s \u00e0 optimiser leur potentiel de vente en pr\u00e9sentant en \u00e9vidence les prix de vente sur leur large gamme de produits. La puissance et la polyvalence de ce plugin exceptionnel permettent une incorporation sans effort de prix de vente attrayants ainsi que des minuteries de compte \u00e0 rebours captivantes, g\u00e9n\u00e9rant ainsi un sentiment d&rsquo;urgence accru parmi les clients potentiels. De plus, cet outil remarquable permet aux utilisateurs d&rsquo;\u00e9laborer sans effort des badges de vente uniques et personnalis\u00e9s tout en configurant sans effort des dates de d\u00e9but et de conclusion pr\u00e9cises pour chaque \u00e9v\u00e9nement de vente. Sans aucun doute, cette solution globale est la quintessence de l&rsquo;excellence pour tout propri\u00e9taire de boutique en ligne ambitieux et avant-gardiste qui est r\u00e9solu dans leur effort pour agrandir leurs sources de revenus et revigorer l&rsquo;int\u00e9r\u00eat des clients dans leur marchandise estim\u00e9e. Nous vous implorons de saisir l&rsquo;opportunit\u00e9 et de faire l&rsquo;exp\u00e9rience de premi\u00e8re main l&rsquo;impact transformateur que PW WooCommerce sur Sale PRO peut avoir sur vos entreprises de vente en ligne.<\/p>\n","protected":false},"featured_media":145056,"comment_status":"open","ping_status":"open","template":"","meta":[],"product_brand":[2638],"product_cat":[1182,1223,1181],"product_tag":[1553],"class_list":{"0":"post-116623","1":"product","2":"type-product","3":"status-publish","4":"has-post-thumbnail","6":"product_brand-pimwick","7":"product_cat-commerce-electronique-plugins","8":"product_cat-personnalisation-commerce-electronique-plugins","9":"product_cat-plugins","10":"product_tag-pimwick","11":"member-discount","12":"discount-restricted","14":"first","15":"instock","16":"sale","17":"downloadable","18":"virtual","19":"sold-individually","20":"purchasable","21":"product-type-simple"},"_links":{"self":[{"href":"https:\/\/gpl-love.com\/fr\/wp-json\/wp\/v2\/product\/116623","targetHints":{"allow":["GET"]}}],"collection":[{"href":"https:\/\/gpl-love.com\/fr\/wp-json\/wp\/v2\/product"}],"about":[{"href":"https:\/\/gpl-love.com\/fr\/wp-json\/wp\/v2\/types\/product"}],"replies":[{"embeddable":true,"href":"https:\/\/gpl-love.com\/fr\/wp-json\/wp\/v2\/comments?post=116623"}],"wp:featuredmedia":[{"embeddable":true,"href":"https:\/\/gpl-love.com\/fr\/wp-json\/wp\/v2\/media\/145056"}],"wp:attachment":[{"href":"https:\/\/gpl-love.com\/fr\/wp-json\/wp\/v2\/media?parent=116623"}],"wp:term":[{"taxonomy":"product_brand","embeddable":true,"href":"https:\/\/gpl-love.com\/fr\/wp-json\/wp\/v2\/product_brand?post=116623"},{"taxonomy":"product_cat","embeddable":true,"href":"https:\/\/gpl-love.com\/fr\/wp-json\/wp\/v2\/product_cat?post=116623"},{"taxonomy":"product_tag","embeddable":true,"href":"https:\/\/gpl-love.com\/fr\/wp-json\/wp\/v2\/product_tag?post=116623"}],"curies":[{"name":"wp","href":"https:\/\/api.w.org\/{rel}","templated":true}]}}