{"id":116621,"date":"2021-07-28T00:00:00","date_gmt":"2021-07-27T22:00:00","guid":{"rendered":"http:\/\/gpl-love.com\/fr\/produit\/alister-bank-credits-et-banking-finance-wordpress-theme\/"},"modified":"2026-03-20T22:54:19","modified_gmt":"2026-03-20T21:54:19","slug":"alister-bank-credits-et-banking-finance-wordpress-theme","status":"publish","type":"product","link":"https:\/\/gpl-love.com\/fr\/produit\/alister-bank-credits-et-banking-finance-wordpress-theme\/","title":{"rendered":"Alister Bank Credits et Banking Finance WordPress Theme 1.1.2"},"content":{"rendered":"<h3>Alister Bank Credits et Banking Finance WordPress Theme Traits<\/h3>\n<p>Le th\u00e8me WordPress des cr\u00e9dits Alister Bank et finance bancaire sert de solution optimale aux personnes \u00e0 la recherche d&rsquo;un mod\u00e8le de site Web sp\u00e9cialement adapt\u00e9 \u00e0 l&rsquo;industrie bancaire et financier, avec sa conception professionnelle et conviviale. B\u00e9n\u00e9ficiant d&rsquo;une gamme de fonctionnalit\u00e9s et de fonctionnalit\u00e9s m\u00e9ticuleusement con\u00e7ues pour r\u00e9pondre aux besoins des banques, des coop\u00e9ratives de cr\u00e9dit, des soci\u00e9t\u00e9s d&rsquo;investissement et des institutions financi\u00e8res, ce th\u00e8me offre des options de personnalisation in\u00e9gal\u00e9es. Les utilisateurs peuvent fa\u00e7onner sans effort un site Web distinct et personnalis\u00e9 qui refl\u00e8te avec pr\u00e9cision l&rsquo;identit\u00e9 unique de leur marque. Construit sur le syst\u00e8me de gestion de contenu WordPress largement acclam\u00e9, ce th\u00e8me garantit que la gestion et les mises \u00e0 jour du site Web se produisent de mani\u00e8re transparente. De plus, la conception r\u00e9active du th\u00e8me et le code optimis\u00e9 renforcent sa visibilit\u00e9 sur les moteurs de recherche, facilitant la d\u00e9couverte du site par des clients potentiels. En r\u00e9sum\u00e9, le th\u00e8me WordPress des cr\u00e9dits et finances bancaires d&rsquo;Alister pr\u00e9sente un choix exceptionnel pour ceux qui cherchent \u00e0 \u00e9tablir une pr\u00e9sence en ligne faisant autorit\u00e9 et percutante pour leur institution financi\u00e8re.<\/p>\n<ul>\n<li>Conception enti\u00e8rement r\u00e9active qui a fi\u00e8re allure sur n&rsquo;importe quel appareil<\/li>\n<li>Plusieurs dispositions de page d&rsquo;accueil personnalisables<\/li>\n<li>Plusieurs mod\u00e8les de pages pr\u00e9d\u00e9finis, y compris \u00e0 propos de nous, contactez-nous et carri\u00e8res<\/li>\n<li>Int\u00e9gration avec des plugins de passerelle de paiement populaires<\/li>\n<li>G\u00e9rer facilement les pr\u00eats et les demandes de cr\u00e9dit<\/li>\n<li>Options avanc\u00e9es de recherche et de filtrage pour les clients<\/li>\n<li>Tableau de bord client raffin\u00e9 pour une gestion des comptes faciles<\/li>\n<li>Support client 24\/7 et documentation d\u00e9taill\u00e9e<\/li>\n<li>Mises \u00e0 jour et am\u00e9liorations du th\u00e8me r\u00e9gulier<\/li>\n<li>Compatible avec la derni\u00e8re version de WordPress et des navigateurs majeurs<\/li>\n<\/ul>\n","protected":false},"excerpt":{"rendered":"<p>D\u00e9couvrez le th\u00e8me WordPress des cr\u00e9dits Alister Bank et Banking Finance, une solution de pointe con\u00e7ue pour r\u00e9pondre \u00e0 vos besoins bancaires et financiers. Ce th\u00e8me est plein de puissance avec des fonctionnalit\u00e9s uniques qui rendent la gestion financi\u00e8re facile, efficace et agr\u00e9able. Que vous soyez une entreprise de cr\u00e9dits et de pr\u00eats, d&rsquo;institution bancaire ou de conseiller en finance personnelle, Alister Bank propose une interface propre, professionnelle et conviviale qui garantit une navigation transparente. Il offre une pl\u00e9thore d&rsquo;options de personnalisation, vous permettant de personnaliser votre site pour s&rsquo;adapter \u00e0 votre identit\u00e9 de marque. Le th\u00e8me est \u00e9galement compatible avec une large gamme de plugins, am\u00e9liorant les fonctionnalit\u00e9s et am\u00e9liorant l&rsquo;exp\u00e9rience utilisateur. Avec Alister Bank, vous obtenez un outil puissant qui peut g\u00e9rer tout, des calculs financiers aux transactions en ligne. Rejoignez la communaut\u00e9 des entreprises prosp\u00e8res en utilisant d\u00e9j\u00e0 ce th\u00e8me WordPress et am\u00e9liorez votre pr\u00e9sence en ligne aujourd&rsquo;hui.<\/p>\n","protected":false},"featured_media":143110,"comment_status":"open","ping_status":"open","template":"","meta":[],"product_brand":[2433],"product_cat":[1516,1212,1213],"product_tag":[1366],"class_list":{"0":"post-116621","1":"product","2":"type-product","3":"status-publish","4":"has-post-thumbnail","6":"product_brand-themeforest","7":"product_cat-entreprise","8":"product_cat-themes","9":"product_cat-wordpress-themes","10":"product_tag-themeforest","11":"member-discount","12":"discount-restricted","14":"first","15":"instock","16":"sale","17":"downloadable","18":"virtual","19":"sold-individually","20":"purchasable","21":"product-type-simple"},"_links":{"self":[{"href":"https:\/\/gpl-love.com\/fr\/wp-json\/wp\/v2\/product\/116621","targetHints":{"allow":["GET"]}}],"collection":[{"href":"https:\/\/gpl-love.com\/fr\/wp-json\/wp\/v2\/product"}],"about":[{"href":"https:\/\/gpl-love.com\/fr\/wp-json\/wp\/v2\/types\/product"}],"replies":[{"embeddable":true,"href":"https:\/\/gpl-love.com\/fr\/wp-json\/wp\/v2\/comments?post=116621"}],"wp:featuredmedia":[{"embeddable":true,"href":"https:\/\/gpl-love.com\/fr\/wp-json\/wp\/v2\/media\/143110"}],"wp:attachment":[{"href":"https:\/\/gpl-love.com\/fr\/wp-json\/wp\/v2\/media?parent=116621"}],"wp:term":[{"taxonomy":"product_brand","embeddable":true,"href":"https:\/\/gpl-love.com\/fr\/wp-json\/wp\/v2\/product_brand?post=116621"},{"taxonomy":"product_cat","embeddable":true,"href":"https:\/\/gpl-love.com\/fr\/wp-json\/wp\/v2\/product_cat?post=116621"},{"taxonomy":"product_tag","embeddable":true,"href":"https:\/\/gpl-love.com\/fr\/wp-json\/wp\/v2\/product_tag?post=116621"}],"curies":[{"name":"wp","href":"https:\/\/api.w.org\/{rel}","templated":true}]}}